{"id":111913,"date":"2023-04-07T09:10:28","date_gmt":"2023-04-07T06:10:28","guid":{"rendered":"https:\/\/zam.webfactor.com\/about-us\/"},"modified":"2023-09-20T17:30:40","modified_gmt":"2023-09-20T14:30:40","slug":"uber-uns","status":"publish","type":"page","link":"https:\/\/zam.webfactor.com\/de\/uber-uns\/","title":{"rendered":"\u00dcber uns"},"content":{"rendered":"<section class=\"solution_intro_3 about\">\n\t<div class=\"shell\">\n\t\t<h1 class=\"t3\">ZAMKO im K\u00fcrze<\/h1><!-- \/.t3 -->\n\n\t\t\t\t\t<div class=\"grid\">\n\t\t\t\t<div class=\"left\">\n\t\t\t\t\t<h3>Ihre Quelle f\u00fcr faltbare Palettenboxen<\/h3>\n<p>ZAMKO ist spezialisiert auf faltbare Palettenboxen. Unsere Mission ist klar: die perfekte L\u00f6sung zum richtigen Preis f\u00fcr jedes Projekt zu liefern.<\/p>\n\n \t\t\t\t\t\t\t\t\t<\/div><!-- \/.left -->\n\n\t\t\t\t\t\t\t<\/div><!-- \/.grid -->\n\t\t\t<\/div><!-- \/.shell -->\n<\/section><!-- \/.solution_intro_3 -->\n\n\n<section class=\"why_z\">\n\t<div class=\"shell\">\n\t\t<div class=\"hold\">\n\t\t\t<h2>Warum ZAMKO?<\/h2>\n<p>Wir setzen auf pers\u00f6nlichen Service. Unser Fachwissen ist Ihr Vorteil. Zeitpl\u00e4ne sind wichtig, und wir halten sie ein. Vertrauen muss man sich verdienen, und wir arbeiten hart daran, Ihr Vertrauen zu gewinnen. <\/p>\n<p>Unsere Spezialisierung auf faltbare Palettenboxen bedeutet, dass wir eine breite Palette von Gr\u00f6\u00dfen, Materialien und Dienstleistungen wie Anpassung, Reparatur, Vermietung und Pooling anbieten. <\/p>\n<p>In Blogs und bei telefonischen Expertenberatungen geben wir unsere Erfahrungen weiter. Ihr Ziel ist es, die beste Verpackungsl\u00f6sung zu finden; wir machen es Ihnen leicht.<\/p>\n\n\t\t\t<a href=\"tel:+310407114717\" class=\"btn btn--blue\">\n\t\t\t\t<span>\n\t\t\t\t\tJetzt anrufen:\t\t\t\t\t<span>\t<svg xmlns=\"http:\/\/www.w3.org\/2000\/svg\" class=\"i i-call \">\n\t    <use xlink:href=\"https:\/\/zam.webfactor.com\/wp-content\/themes\/zamko\/images\/sprite.svg#call\"><\/use>\n\t<\/svg>\n\t+31 (0)40 711 47 17<\/span>\n\t\t\t\t<\/span>\t\n\t\t\t<\/a>\n\t\t<\/div><!-- \/.hold -->\n\t<\/div><!-- \/.shell -->\n<\/section><!-- \/.why_z -->\n\n\n<section class=\"mission \">\n\t<div class=\"shell\">\n\t\t<div class=\"l\">\n\t\t\t<h3>Unser Auftrag und unsere Vision<\/h3>\n<p>Wir haben es uns zur Aufgabe gemacht, mehr faltbare, wiederverwendbare Palettenboxen anzubieten. Das Ersetzen von Paletten durch wiederverwendbare Palettenboxen steigert die Wettbewerbsf\u00e4higkeit unserer Kunden und die Nachhaltigkeit unserer Umwelt.<\/p>\n\t\t<\/div><!-- \/.l -->\n\n\t\t<div class=\"r\">\n\t\t\t<img src=\"https:\/\/zam.webfactor.com\/wp-content\/uploads\/video-bg.jpg\" loading=\"lazy\" decoding=\"async\" alt=\"Unser Auftrag und unsere Vision\" \/>\n\t\t<\/div><!-- \/.r -->\n\t<\/div><!-- \/.shell -->\n<\/section><!-- \/.mission -->\n\n\n<section class=\"mission left\">\n\t<div class=\"shell\">\n\t\t<div class=\"l\">\n\t\t\t<h3>Sicherheit, Gesundheit, Umwelt und Qualit\u00e4t<\/h3>\n<p>ZAMKO w\u00e4hlt sorgf\u00e4ltig Produkte aus, die den Sicherheits-, Qualit\u00e4ts- und Umweltstandards entsprechen. Unsere EU-konformen Palettenboxen garantieren Zuverl\u00e4ssigkeit. <\/p>\n<p>Au\u00dferdem bieten wir eine Reihe von &#8222;begehbaren&#8220; Palettenboxen an, bei denen die Gesundheit der Logistik-Mitarbeiter im Vordergrund steht.<\/p>\n<p>Wir setzen uns f\u00fcr die Umwelt ein, indem wir die Lebensdauer unserer Produkte nach einer professionellen Reparatur verl\u00e4ngern, Kunststoffboxen aus recyceltem Material anbieten, gebrauchte Palettenboxen wiederverwenden, und ein Recyclingprogramm einf\u00fchren. Eine wirtschaftliche und \u00f6kologische L\u00f6sung f\u00fcr alle.<\/p>\n\t\t<\/div><!-- \/.l -->\n\n\t\t<div class=\"r\">\n\t\t\t<img src=\"https:\/\/zam.webfactor.com\/wp-content\/uploads\/mission-1.jpg\" loading=\"lazy\" decoding=\"async\" alt=\"Sicherheit, Gesundheit, Umwelt und Qualit\u00e4t\" \/>\n\t\t<\/div><!-- \/.r -->\n\t<\/div><!-- \/.shell -->\n<\/section><!-- \/.mission -->\n\n\n<section class=\"team\">\n\t<div class=\"shell\">\n\t\t<h2>Unser Team<\/h2>\n\n\t\t<p>ZAMKOs engagiertes Team von Spezialisten treibt unseren Erfolg voran. Enthusiasmus, Professionalit\u00e4t und ein hoher Servicestandard zeichnen uns aus. \r\nIhnen die richtige L\u00f6sung f\u00fcr Ihr Unternehmen zu bieten, macht uns gl\u00fccklich und tatkr\u00e4ftig.<\/p>\n\n\t\t<div class=\"grid\">\n\t\t\t\t\t<\/div><!-- \/.grid -->\n\t<\/div><!-- \/.shell -->\n<\/section><!-- \/.team -->\n\n\n<section class=\"customer\">\n\t<div class=\"shell\">\n\t\t<h2 class=\"t1\">Zufriedene Kunden<\/h2><!-- \/.t1 -->\n\n\t\t<p class=\"inf_t1\">Von lokalen Unternehmen bis hin zu Weltkonzernen wie Duracell, Hino, ITW, Knorr-Bremse, Philips und vielen anderen haben unsere faltbaren Palettenboxen \u00fcber Jahre hinweg Prozesse rationalisiert. Produktion,  Lagerhaltung, Transport, Vertrieb &#8211; unsere Palettenboxl\u00f6sungen decken sie ab.<\/p><!-- \/.inf_t1 -->\n\n\t\t<div class=\"grid\">\n\t\t\t\t\t\t       \n\t\t\t       \t<div>\n\t\t\t       \t\t<img src=\"https:\/\/zam.webfactor.com\/wp-content\/uploads\/daikin.png\" width=\"194\" height=\"110\" loading=\"lazy\" decoding=\"async\" alt=\"daikin - Zamko.eu\" \/>\n\t\t\t       \t<\/div>\n\t\t\t\n\t\t\t  \t\t\t       \n\t\t\t       \t<div>\n\t\t\t       \t\t<img src=\"https:\/\/zam.webfactor.com\/wp-content\/uploads\/philips.png\" width=\"194\" height=\"110\" loading=\"lazy\" decoding=\"async\" alt=\"philips - Zamko.eu\" \/>\n\t\t\t       \t<\/div>\n\t\t\t\n\t\t\t  \t\t\t       \n\t\t\t       \t<div>\n\t\t\t       \t\t<img src=\"https:\/\/zam.webfactor.com\/wp-content\/uploads\/duracel.png\" width=\"194\" height=\"110\" loading=\"lazy\" decoding=\"async\" alt=\"duracell - Zamko.eu\" \/>\n\t\t\t       \t<\/div>\n\t\t\t\n\t\t\t  \t\t\t       \n\t\t\t       \t<div>\n\t\t\t       \t\t<img src=\"https:\/\/zam.webfactor.com\/wp-content\/uploads\/liebherr.png\" width=\"194\" height=\"110\" loading=\"lazy\" decoding=\"async\" alt=\"liebherr - Zamko.eu\" \/>\n\t\t\t       \t<\/div>\n\t\t\t\n\t\t\t  \t\t\t       \n\t\t\t       \t<div>\n\t\t\t       \t\t<img src=\"https:\/\/zam.webfactor.com\/wp-content\/uploads\/lonza.png\" width=\"194\" height=\"110\" loading=\"lazy\" decoding=\"async\" alt=\"lonza - Zamko.eu\" \/>\n\t\t\t       \t<\/div>\n\t\t\t\n\t\t\t  \t\t\t       \n\t\t\t       \t<div>\n\t\t\t       \t\t<img src=\"https:\/\/zam.webfactor.com\/wp-content\/uploads\/fisher.png\" width=\"194\" height=\"110\" loading=\"lazy\" decoding=\"async\" alt=\"fisher dynamics - Zamko.eu\" \/>\n\t\t\t       \t<\/div>\n\t\t\t\n\t\t\t  \t\t\t       \n\t\t\t       \t<div>\n\t\t\t       \t\t<img src=\"https:\/\/zam.webfactor.com\/wp-content\/uploads\/knorr-bremse.png\" width=\"194\" height=\"110\" loading=\"lazy\" decoding=\"async\" alt=\"knorr bremse - Zamko.eu\" \/>\n\t\t\t       \t<\/div>\n\t\t\t\n\t\t\t  \t\t\t       \n\t\t\t       \t<div>\n\t\t\t       \t\t<img src=\"https:\/\/zam.webfactor.com\/wp-content\/uploads\/wienerberger.png\" width=\"194\" height=\"110\" loading=\"lazy\" decoding=\"async\" alt=\"wienerberger - Zamko.eu\" \/>\n\t\t\t       \t<\/div>\n\t\t\t\n\t\t\t  \t\t\t       \n\t\t\t       \t<div>\n\t\t\t       \t\t<img src=\"https:\/\/zam.webfactor.com\/wp-content\/uploads\/royal-mail.png\" width=\"194\" height=\"110\" loading=\"lazy\" decoding=\"async\" alt=\"royal mail - Zamko.eu\" \/>\n\t\t\t       \t<\/div>\n\t\t\t\n\t\t\t  \t\t\t       \n\t\t\t       \t<div>\n\t\t\t       \t\t<img src=\"https:\/\/zam.webfactor.com\/wp-content\/uploads\/osram.png\" width=\"194\" height=\"110\" loading=\"lazy\" decoding=\"async\" alt=\"osram - Zamko.eu\" \/>\n\t\t\t       \t<\/div>\n\t\t\t\n\t\t\t  \t\t<\/div><!-- \/.grid -->\n\t<\/div><!-- \/.shell -->\n<\/section><!-- \/.customer -->\n\n\n\n<section class=\"what_to_do\">\n\t<div class=\"shell\">\n\t\t<div class=\"hold\">\n\t\t\t\n\t\t\t\t\t\t\t<h2 class=\"t1\">Wie k\u00f6nnen Sie uns kontaktieren?<\/h2><!-- \/.t1 -->\n\n\t\t\t\t<p>Haben Sie eine Anfrage und sind an einer L\u00f6sung f\u00fcr Ihr Unternehmen interessiert? Hinterlassen Sie uns eine E-Mail, und wir werden uns bei Ihnen melden!<\/p>\n\n\t\t\t\n\t\t\t\n\t\t\t<span>Rufen Sie uns jetzt an:<\/span>\n\n\t\t\t<a href=\"tel:+310407114717\">\n\t\t\t\t<span>\t<svg xmlns=\"http:\/\/www.w3.org\/2000\/svg\" class=\"i i-call \">\n\t    <use xlink:href=\"https:\/\/zam.webfactor.com\/wp-content\/themes\/zamko\/images\/sprite.svg#call\"><\/use>\n\t<\/svg>\n\t+31 (0)40 711 47 17<\/span>\n\t\t\t<\/a>\n\n\t\t\t\t\t\t\t<p>Geben Sie Ihre Telefonnummer hier ein, und wir werden uns bald bei Ihnen melden:<\/p>\n\t\t\t\n\t\t\t<div class=\"call_form\">\n\t\t\t\t \n                <div class='gf_browser_gecko gform_wrapper' id='gform_wrapper_19' ><div id='gf_19' class='gform_anchor' tabindex='-1'><\/div><form method='post' enctype='multipart\/form-data' target='gform_ajax_frame_19' id='gform_19'  action='\/de\/wp-json\/wp\/v2\/pages\/111913#gf_19'>\n                        <div class='gform_body'><ul id='gform_fields_19' class='gform_fields top_label form_sublabel_below description_below'><li id='field_19_5'  class='gfield gfield_contains_required field_sublabel_below field_description_below gfield_visibility_visible' ><label class='gfield_label' for='input_19_5' >Telefon<span class='gfield_required'>*<\/span><\/label><div class='ginput_container ginput_container_phone'><input name='input_5' id='input_19_5' type='text' value='' class='medium' tabindex='14' placeholder='Telefonnummer' aria-required=\"true\" aria-invalid=\"false\"  \/><\/div><\/li><li id='field_19_6'  class='gfield gform_validation_container field_sublabel_below field_description_below gfield_visibility_visible' ><label class='gfield_label' for='input_19_6' >Email<\/label><div class='ginput_container'><input name='input_6' id='input_19_6' type='text' value='' \/><\/div><div class='gfield_description' id='gfield_description_19_6'>Dieses Feld dient zur Validierung und sollte nicht ver\u00e4ndert werden.<\/div><\/li>\n                            <\/ul><\/div>\n        <div class='gform_footer top_label'> <input type='submit' id='gform_submit_button_19' class='gform_button button' value='Rufen Sie mich an' tabindex='15' onclick='if(window[\"gf_submitting_19\"]){return false;}  window[\"gf_submitting_19\"]=true;  ' onkeypress='if( event.keyCode == 13 ){ if(window[\"gf_submitting_19\"]){return false;} window[\"gf_submitting_19\"]=true;  jQuery(\"#gform_19\").trigger(\"submit\",[true]); }' \/> <input type='hidden' name='gform_ajax' value='form_id=19&amp;title=&amp;description=&amp;tabindex=14' \/>\n            <input type='hidden' class='gform_hidden' name='is_submit_19' value='1' \/>\n            <input type='hidden' class='gform_hidden' name='gform_submit' value='19' \/>\n            \n            <input type='hidden' class='gform_hidden' name='gform_unique_id' value='' \/>\n            <input type='hidden' class='gform_hidden' name='state_19' value='WyJbXSIsIjJjNzg3ZGJhZDQyMWY5ZjEyOTU4YWQ4ZDk4OWUzM2IxIl0=' \/>\n            <input type='hidden' class='gform_hidden' name='gform_target_page_number_19' id='gform_target_page_number_19' value='0' \/>\n            <input type='hidden' class='gform_hidden' name='gform_source_page_number_19' id='gform_source_page_number_19' value='1' \/>\n            <input type='hidden' name='gform_field_values' value='' \/>\n            \n        <\/div>\n                        <\/form>\n                        <\/div>\n                <iframe style='display:none;width:0px;height:0px;' src='about:blank' name='gform_ajax_frame_19' id='gform_ajax_frame_19' title='Dieser iframe enth\u00e4lt die erforderliche Logik um Gravity Forms Formulare mit AJAX zu handhaben.'><\/iframe>\n                <script type='text\/javascript'>jQuery(document).ready(function($){gformInitSpinner( 19, 'https:\/\/zam.webfactor.com\/wp-content\/plugins\/gravityforms\/images\/spinner.gif' );jQuery('#gform_ajax_frame_19').on('load',function(){var contents = jQuery(this).contents().find('*').html();var is_postback = contents.indexOf('GF_AJAX_POSTBACK') >= 0;if(!is_postback){return;}var form_content = jQuery(this).contents().find('#gform_wrapper_19');var is_confirmation = jQuery(this).contents().find('#gform_confirmation_wrapper_19').length > 0;var is_redirect = contents.indexOf('gformRedirect(){') >= 0;var is_form = form_content.length > 0 && ! is_redirect && ! is_confirmation;var mt = parseInt(jQuery('html').css('margin-top'), 10) + parseInt(jQuery('body').css('margin-top'), 10) + 100;if(is_form){jQuery('#gform_wrapper_19').html(form_content.html());if(form_content.hasClass('gform_validation_error')){jQuery('#gform_wrapper_19').addClass('gform_validation_error');} else {jQuery('#gform_wrapper_19').removeClass('gform_validation_error');}setTimeout( function() { \/* delay the scroll by 50 milliseconds to fix a bug in chrome *\/ jQuery(document).scrollTop(jQuery('#gform_wrapper_19').offset().top - mt); }, 50 );if(window['gformInitDatepicker']) {gformInitDatepicker();}if(window['gformInitPriceFields']) {gformInitPriceFields();}var current_page = jQuery('#gform_source_page_number_19').val();gformInitSpinner( 19, 'https:\/\/zam.webfactor.com\/wp-content\/plugins\/gravityforms\/images\/spinner.gif' );jQuery(document).trigger('gform_page_loaded', [19, current_page]);window['gf_submitting_19'] = false;}else if(!is_redirect){var confirmation_content = jQuery(this).contents().find('.GF_AJAX_POSTBACK').html();if(!confirmation_content){confirmation_content = contents;}setTimeout(function(){jQuery('#gform_wrapper_19').replaceWith(confirmation_content);jQuery(document).scrollTop(jQuery('#gf_19').offset().top - mt);jQuery(document).trigger('gform_confirmation_loaded', [19]);window['gf_submitting_19'] = false;}, 50);}else{jQuery('#gform_19').append(contents);if(window['gformRedirect']) {gformRedirect();}}jQuery(document).trigger('gform_post_render', [19, current_page]);} );} );<\/script><script type='text\/javascript'> jQuery(document).bind('gform_post_render', function(event, formId, currentPage){if(formId == 19) {if(typeof Placeholders != 'undefined'){\n                        Placeholders.enable();\n                    }} } );jQuery(document).bind('gform_post_conditional_logic', function(event, formId, fields, isInit){} );<\/script><script type='text\/javascript'> jQuery(document).ready(function(){jQuery(document).trigger('gform_post_render', [19, 1]) } ); <\/script> \t\t\t<\/div><!-- \/.call_form -->\n\n\t\t\t<span>oder<\/span>\n\n\t\t\t<h3>Schicken Sie uns eine E-Mail<\/h3>\n\n\t\t\t<div class=\"contact_form\">\n\t\t\t\t \n                <div class='gf_browser_gecko gform_wrapper' id='gform_wrapper_26' ><div id='gf_26' class='gform_anchor' tabindex='-1'><\/div><form method='post' enctype='multipart\/form-data' target='gform_ajax_frame_26' id='gform_26'  action='\/de\/wp-json\/wp\/v2\/pages\/111913#gf_26'>\n                        <div class='gform_body'><ul id='gform_fields_26' class='gform_fields top_label form_sublabel_below description_below'><li id='field_26_1'  class='gfield gf_left_half field_sublabel_below field_description_below gfield_visibility_visible' ><label class='gfield_label' for='input_26_1' >Name<\/label><div class='ginput_container ginput_container_text'><input name='input_1' id='input_26_1' type='text' value='' class='medium'   tabindex='90' placeholder='Name'  aria-invalid=\"false\" \/><\/div><\/li><li id='field_26_2'  class='gfield gf_right_half field_sublabel_below field_description_below gfield_visibility_visible' ><label class='gfield_label' for='input_26_2' >Deine E-Mail<\/label><div class='ginput_container ginput_container_email'>\n                            <input name='input_2' id='input_26_2' type='text' value='' class='medium' tabindex='91'  placeholder='Deine E-Mail'  aria-invalid=\"false\" \/>\n                        <\/div><\/li><li id='field_26_3'  class='gfield field_sublabel_below field_description_below gfield_visibility_visible' ><label class='gfield_label' for='input_26_3' >Botschaft<\/label><div class='ginput_container ginput_container_textarea'><textarea name='input_3' id='input_26_3' class='textarea medium' tabindex='92'   placeholder='Botschaft'  aria-invalid=\"false\"   rows='10' cols='50'><\/textarea><\/div><\/li><li id='field_26_4'  class='gfield gform_validation_container field_sublabel_below field_description_below gfield_visibility_visible' ><label class='gfield_label' for='input_26_4' >Phone<\/label><div class='ginput_container'><input name='input_4' id='input_26_4' type='text' value='' \/><\/div><div class='gfield_description' id='gfield_description_26_4'>Dieses Feld dient zur Validierung und sollte nicht ver\u00e4ndert werden.<\/div><\/li>\n                            <\/ul><\/div>\n        <div class='gform_footer top_label'> <input type='submit' id='gform_submit_button_26' class='gform_button button' value='Schicken' tabindex='93' onclick='if(window[\"gf_submitting_26\"]){return false;}  window[\"gf_submitting_26\"]=true;  ' onkeypress='if( event.keyCode == 13 ){ if(window[\"gf_submitting_26\"]){return false;} window[\"gf_submitting_26\"]=true;  jQuery(\"#gform_26\").trigger(\"submit\",[true]); }' \/> <input type='hidden' name='gform_ajax' value='form_id=26&amp;title=&amp;description=&amp;tabindex=90' \/>\n            <input type='hidden' class='gform_hidden' name='is_submit_26' value='1' \/>\n            <input type='hidden' class='gform_hidden' name='gform_submit' value='26' \/>\n            \n            <input type='hidden' class='gform_hidden' name='gform_unique_id' value='' \/>\n            <input type='hidden' class='gform_hidden' name='state_26' value='WyJbXSIsIjJjNzg3ZGJhZDQyMWY5ZjEyOTU4YWQ4ZDk4OWUzM2IxIl0=' \/>\n            <input type='hidden' class='gform_hidden' name='gform_target_page_number_26' id='gform_target_page_number_26' value='0' \/>\n            <input type='hidden' class='gform_hidden' name='gform_source_page_number_26' id='gform_source_page_number_26' value='1' \/>\n            <input type='hidden' name='gform_field_values' value='' \/>\n            \n        <\/div>\n                        <\/form>\n                        <\/div>\n                <iframe style='display:none;width:0px;height:0px;' src='about:blank' name='gform_ajax_frame_26' id='gform_ajax_frame_26' title='Dieser iframe enth\u00e4lt die erforderliche Logik um Gravity Forms Formulare mit AJAX zu handhaben.'><\/iframe>\n                <script type='text\/javascript'>jQuery(document).ready(function($){gformInitSpinner( 26, 'https:\/\/zam.webfactor.com\/wp-content\/plugins\/gravityforms\/images\/spinner.gif' );jQuery('#gform_ajax_frame_26').on('load',function(){var contents = jQuery(this).contents().find('*').html();var is_postback = contents.indexOf('GF_AJAX_POSTBACK') >= 0;if(!is_postback){return;}var form_content = jQuery(this).contents().find('#gform_wrapper_26');var is_confirmation = jQuery(this).contents().find('#gform_confirmation_wrapper_26').length > 0;var is_redirect = contents.indexOf('gformRedirect(){') >= 0;var is_form = form_content.length > 0 && ! is_redirect && ! is_confirmation;var mt = parseInt(jQuery('html').css('margin-top'), 10) + parseInt(jQuery('body').css('margin-top'), 10) + 100;if(is_form){jQuery('#gform_wrapper_26').html(form_content.html());if(form_content.hasClass('gform_validation_error')){jQuery('#gform_wrapper_26').addClass('gform_validation_error');} else {jQuery('#gform_wrapper_26').removeClass('gform_validation_error');}setTimeout( function() { \/* delay the scroll by 50 milliseconds to fix a bug in chrome *\/ jQuery(document).scrollTop(jQuery('#gform_wrapper_26').offset().top - mt); }, 50 );if(window['gformInitDatepicker']) {gformInitDatepicker();}if(window['gformInitPriceFields']) {gformInitPriceFields();}var current_page = jQuery('#gform_source_page_number_26').val();gformInitSpinner( 26, 'https:\/\/zam.webfactor.com\/wp-content\/plugins\/gravityforms\/images\/spinner.gif' );jQuery(document).trigger('gform_page_loaded', [26, current_page]);window['gf_submitting_26'] = false;}else if(!is_redirect){var confirmation_content = jQuery(this).contents().find('.GF_AJAX_POSTBACK').html();if(!confirmation_content){confirmation_content = contents;}setTimeout(function(){jQuery('#gform_wrapper_26').replaceWith(confirmation_content);jQuery(document).scrollTop(jQuery('#gf_26').offset().top - mt);jQuery(document).trigger('gform_confirmation_loaded', [26]);window['gf_submitting_26'] = false;}, 50);}else{jQuery('#gform_26').append(contents);if(window['gformRedirect']) {gformRedirect();}}jQuery(document).trigger('gform_post_render', [26, current_page]);} );} );<\/script><script type='text\/javascript'> jQuery(document).bind('gform_post_render', function(event, formId, currentPage){if(formId == 26) {if(typeof Placeholders != 'undefined'){\n                        Placeholders.enable();\n                    }} } );jQuery(document).bind('gform_post_conditional_logic', function(event, formId, fields, isInit){} );<\/script><script type='text\/javascript'> jQuery(document).ready(function(){jQuery(document).trigger('gform_post_render', [26, 1]) } ); <\/script> \t\t\t<\/div><!-- \/.contact_form -->\n\t\t<\/div><!-- \/.hold -->\n\t<\/div><!-- \/.shell -->\n<\/section><!-- \/.what_to_do -->\n","protected":false},"excerpt":{"rendered":"","protected":false},"author":8,"featured_media":0,"parent":0,"menu_order":0,"comment_status":"closed","ping_status":"closed","template":"","meta":{"footnotes":""},"yst_prominent_words":[],"class_list":["post-111913","page","type-page","status-publish","hentry"],"_links":{"self":[{"href":"https:\/\/zam.webfactor.com\/de\/wp-json\/wp\/v2\/pages\/111913","targetHints":{"allow":["GET"]}}],"collection":[{"href":"https:\/\/zam.webfactor.com\/de\/wp-json\/wp\/v2\/pages"}],"about":[{"href":"https:\/\/zam.webfactor.com\/de\/wp-json\/wp\/v2\/types\/page"}],"author":[{"embeddable":true,"href":"https:\/\/zam.webfactor.com\/de\/wp-json\/wp\/v2\/users\/8"}],"replies":[{"embeddable":true,"href":"https:\/\/zam.webfactor.com\/de\/wp-json\/wp\/v2\/comments?post=111913"}],"version-history":[{"count":0,"href":"https:\/\/zam.webfactor.com\/de\/wp-json\/wp\/v2\/pages\/111913\/revisions"}],"wp:attachment":[{"href":"https:\/\/zam.webfactor.com\/de\/wp-json\/wp\/v2\/media?parent=111913"}],"wp:term":[{"taxonomy":"yst_prominent_words","embeddable":true,"href":"https:\/\/zam.webfactor.com\/de\/wp-json\/wp\/v2\/yst_prominent_words?post=111913"}],"curies":[{"name":"wp","href":"https:\/\/api.w.org\/{rel}","templated":true}]}}