{"id":111915,"date":"2023-04-12T15:29:01","date_gmt":"2023-04-12T12:29:01","guid":{"rendered":"https:\/\/zam.webfactor.com\/blog\/"},"modified":"2023-09-01T16:35:46","modified_gmt":"2023-09-01T13:35:46","slug":"blog","status":"publish","type":"page","link":"https:\/\/zam.webfactor.com\/de\/blog\/","title":{"rendered":"Blog"},"content":{"rendered":"<section class=\"solution_intro_3 about work news\">\n\t<div class=\"shell\">\n\t\t<h1 class=\"t3\">Neuigkeiten<\/h1><!-- \/.t3 -->\n\n\t\t\t\t\t<div class=\"grid\">\n\t\t\t\t<div class=\"left\">\n\t\t\t\t\t<p>Schritt zu halten mit den neuesten Trends in Verpackungsprodukten und Logistik ist ein Schl\u00fcsselfaktor in jeder erfolgreichen Branche. Im Folgenden finden Sie Expertenratschl\u00e4ge und Hilfe, wie Sie eine optimale L\u00f6sung finden k\u00f6nnen, die profitabel ist und speziell auf Ihre Waren zugeschnitten ist.<\/p>\n\n \t\t\t\t\t\t\t\t\t<\/div><!-- \/.left -->\n\n\t\t\t\t\t\t\t<\/div><!-- \/.grid -->\n\t\t\t<\/div><!-- \/.shell -->\n<\/section><!-- \/.solution_intro_3 -->\n\n\n\n<section class=\"blog\">\n\t<div class=\"shell\">\n\t\t<div class=\"blog_search\">\n\t<div class=\"l\">\n\t\t<form role=\"search\" method=\"get\" id=\"searchform\" class=\"searchform group\" action=\"\/\">\n\t\t\t<label>\n\t\t\t\t<input type=\"search\" class=\"search-field\" placeholder=\"Suchen Sie in den Nachrichten\" value=\"\" name=\"s\" \/>\n\t\t\t<\/label>\n\n\t\t\t<button class=\"search-icon\">\t<svg xmlns=\"http:\/\/www.w3.org\/2000\/svg\" class=\"i i-loop \">\n\t    <use xlink:href=\"https:\/\/zam.webfactor.com\/wp-content\/themes\/zamko\/images\/sprite.svg#loop\"><\/use>\n\t<\/svg>\n\t<\/button>\n\t\t<\/form>\t\n\t<\/div><!-- \/.l -->\n\n\t<div class=\"r\">\n\t\t\n\t\t<span class=\"sort-btn\">Nach Kategorie filtern \t<svg xmlns=\"http:\/\/www.w3.org\/2000\/svg\" class=\"i i-left-chevron \">\n\t    <use xlink:href=\"https:\/\/zam.webfactor.com\/wp-content\/themes\/zamko\/images\/sprite.svg#left-chevron\"><\/use>\n\t<\/svg>\n\t<\/span>\n\t\t<div class=\"sort_block\">\n\t\t\t<a href=\"https:\/\/zam.webfactor.com\/de\/blog\">Alle Kategorien<\/a>\n\t\t\t\t\t\t    <a class=\"projekte-und-losungen\" href=\"https:\/\/zam.webfactor.com\/category\/projekte-und-losungen\">Projekte &amp; L\u00f6sungen<\/a>\n\t\t\t\t\t\t    <a class=\"konstruktion-und-technische-details\" href=\"https:\/\/zam.webfactor.com\/category\/konstruktion-und-technische-details\">Konstruktion &amp; technische Details<\/a>\n\t\t\t\t\t<\/div>\n\t<\/div><!-- \/.r -->\n<\/div><!-- \/.blog_search -->\n\n\n\t\t<div class=\"grid\">\n\t\t\t\n\t\t\t\t    <div class=\"post_item\">\n\t<a href=\"https:\/\/zam.webfactor.com\/de\/the-role-of-pallet-boxes-in-the-pharmaceutical-industry\/\" class=\"img\">\n\t\t\t\t\t<img loading=\"lazy\" src=\"https:\/\/zam.webfactor.com\/wp-content\/uploads\/The-Role-of-Pallet-Boxes-in-the-Pharmaceutical-Industry.jpeg-390x239.webp\" width=\"390\" height=\"239\" alt=\"Die Rolle von Palettenboxen in der pharmazeutischen Industrie \u2014 Zam.webfactor.com\" decoding=\"async\" \/>\n\t\t\t<\/a><!-- \/.img -->\n\n\t<h2>\n\t\t<a href=\"https:\/\/zam.webfactor.com\/de\/the-role-of-pallet-boxes-in-the-pharmaceutical-industry\/\">\n\t\t\tDie Rolle von Palettenboxen in der pharmazeutischen Industrie\t\t<\/a>\n\t<\/h2>\n\n\t<p><\/p>\n\n\t<div class=\"b\">\n\t\t<a href=\"https:\/\/zam.webfactor.com\/de\/the-role-of-pallet-boxes-in-the-pharmaceutical-industry\/\">\n\t\t\t\t<svg xmlns=\"http:\/\/www.w3.org\/2000\/svg\" class=\"i i-arrow \">\n\t    <use xlink:href=\"https:\/\/zam.webfactor.com\/wp-content\/themes\/zamko\/images\/sprite.svg#arrow\"><\/use>\n\t<\/svg>\n\t\t\t\tMehr erfahren\t\t<\/a>\n\n\t\t<span class=\"date\">\n\t\t\t14 August 2023\t\t<\/span>\n\t<\/div><!-- \/.b -->\n<\/div><!-- \/.post_item -->\n\t\t\t\t  \n\t\t\t\n\t\t\t\t    <div class=\"post_item\">\n\t<a href=\"https:\/\/zam.webfactor.com\/de\/die-vorteile-von-mehrwegpalettenboxen-fuer-die-automibilindustrie\/\" class=\"img\">\n\t\t\t\t\t<img loading=\"lazy\" src=\"https:\/\/zam.webfactor.com\/wp-content\/uploads\/the-benefits-of-returnable-pallet-boxes-for-the-automotive-industry.jpeg-390x239.webp\" width=\"390\" height=\"239\" alt=\"Die Vorteile von Mehrwegpalettenboxen f\u00fcr die Automibilindustrie \u2014 Zam.webfactor.com\" decoding=\"async\" \/>\n\t\t\t<\/a><!-- \/.img -->\n\n\t<h2>\n\t\t<a href=\"https:\/\/zam.webfactor.com\/de\/die-vorteile-von-mehrwegpalettenboxen-fuer-die-automibilindustrie\/\">\n\t\t\tDie Vorteile von Mehrwegpalettenboxen f\u00fcr die Automibilindustrie\t\t<\/a>\n\t<\/h2>\n\n\t<p><\/p>\n\n\t<div class=\"b\">\n\t\t<a href=\"https:\/\/zam.webfactor.com\/de\/die-vorteile-von-mehrwegpalettenboxen-fuer-die-automibilindustrie\/\">\n\t\t\t\t<svg xmlns=\"http:\/\/www.w3.org\/2000\/svg\" class=\"i i-arrow \">\n\t    <use xlink:href=\"https:\/\/zam.webfactor.com\/wp-content\/themes\/zamko\/images\/sprite.svg#arrow\"><\/use>\n\t<\/svg>\n\t\t\t\tMehr erfahren\t\t<\/a>\n\n\t\t<span class=\"date\">\n\t\t\t14 August 2023\t\t<\/span>\n\t<\/div><!-- \/.b -->\n<\/div><!-- \/.post_item -->\n\t\t\t\t  \n\t\t\t\n\t\t\t\t    <div class=\"post_item\">\n\t<a href=\"https:\/\/zam.webfactor.com\/de\/die-vorteile-von-kundenspezifischen-palettenboxen-fuer-die-elektronikfertigung\/\" class=\"img\">\n\t\t\t\t\t<img loading=\"lazy\" src=\"https:\/\/zam.webfactor.com\/wp-content\/uploads\/The-Benefits-of-Custom-Pallet-Boxes-for-Electronics-Manufacturing.jpeg-390x239.webp\" width=\"390\" height=\"239\" alt=\"Die Vorteile von kundenspezifischen Palettenboxen f\u00fcr die Elektronikfertigung \u2014 Zam.webfactor.com\" decoding=\"async\" \/>\n\t\t\t<\/a><!-- \/.img -->\n\n\t<h2>\n\t\t<a href=\"https:\/\/zam.webfactor.com\/de\/die-vorteile-von-kundenspezifischen-palettenboxen-fuer-die-elektronikfertigung\/\">\n\t\t\tDie Vorteile von kundenspezifischen Palettenboxen f\u00fcr die Elektronikfertigung\t\t<\/a>\n\t<\/h2>\n\n\t<p><\/p>\n\n\t<div class=\"b\">\n\t\t<a href=\"https:\/\/zam.webfactor.com\/de\/die-vorteile-von-kundenspezifischen-palettenboxen-fuer-die-elektronikfertigung\/\">\n\t\t\t\t<svg xmlns=\"http:\/\/www.w3.org\/2000\/svg\" class=\"i i-arrow \">\n\t    <use xlink:href=\"https:\/\/zam.webfactor.com\/wp-content\/themes\/zamko\/images\/sprite.svg#arrow\"><\/use>\n\t<\/svg>\n\t\t\t\tMehr erfahren\t\t<\/a>\n\n\t\t<span class=\"date\">\n\t\t\t14 August 2023\t\t<\/span>\n\t<\/div><!-- \/.b -->\n<\/div><!-- \/.post_item -->\n\t\t\t\t  \n\t\t\t\n\t\t\t\t    <div class=\"post_item\">\n\t<a href=\"https:\/\/zam.webfactor.com\/de\/innovative-palettenboxen-fuer-eine-verbesserte-lieferung-auf-der-letzten-meile\/\" class=\"img\">\n\t\t\t\t\t<img loading=\"lazy\" src=\"https:\/\/zam.webfactor.com\/wp-content\/uploads\/Pallet-Box-Innovations-for-Improved-Last-Mile-Delivery.jpg-390x239.webp\" width=\"390\" height=\"239\" alt=\"Innovative Palettenboxen f\u00fcr eine verbesserte Lieferung auf der letzten Meile \u2014 Zam.webfactor.com\" decoding=\"async\" \/>\n\t\t\t<\/a><!-- \/.img -->\n\n\t<h2>\n\t\t<a href=\"https:\/\/zam.webfactor.com\/de\/innovative-palettenboxen-fuer-eine-verbesserte-lieferung-auf-der-letzten-meile\/\">\n\t\t\tInnovative Palettenboxen f\u00fcr eine verbesserte Lieferung auf der letzten Meile\t\t<\/a>\n\t<\/h2>\n\n\t<p><\/p>\n\n\t<div class=\"b\">\n\t\t<a href=\"https:\/\/zam.webfactor.com\/de\/innovative-palettenboxen-fuer-eine-verbesserte-lieferung-auf-der-letzten-meile\/\">\n\t\t\t\t<svg xmlns=\"http:\/\/www.w3.org\/2000\/svg\" class=\"i i-arrow \">\n\t    <use xlink:href=\"https:\/\/zam.webfactor.com\/wp-content\/themes\/zamko\/images\/sprite.svg#arrow\"><\/use>\n\t<\/svg>\n\t\t\t\tMehr erfahren\t\t<\/a>\n\n\t\t<span class=\"date\">\n\t\t\t14 August 2023\t\t<\/span>\n\t<\/div><!-- \/.b -->\n<\/div><!-- \/.post_item -->\n\t\t\t\t  \n\t\t\t\n\t\t\t\t    <div class=\"post_item\">\n\t<a href=\"https:\/\/zam.webfactor.com\/de\/maximierung-der-nutzlast-mit-der-korrekten-tragfaehigkeit-der-palettenbox\/\" class=\"img\">\n\t\t\t\t\t<img loading=\"lazy\" src=\"https:\/\/zam.webfactor.com\/wp-content\/uploads\/Maximizing-Payload-with-the-Correct-Pallet-Box-Load-Capacity.jpg-390x239.webp\" width=\"390\" height=\"239\" alt=\"Maximierung der Nutzlast mit der korrekten Tragf\u00e4higkeit der Palettenbox \u2014 Zam.webfactor.com\" decoding=\"async\" \/>\n\t\t\t<\/a><!-- \/.img -->\n\n\t<h2>\n\t\t<a href=\"https:\/\/zam.webfactor.com\/de\/maximierung-der-nutzlast-mit-der-korrekten-tragfaehigkeit-der-palettenbox\/\">\n\t\t\tMaximierung der Nutzlast mit der korrekten Tragf\u00e4higkeit der Palettenbox\t\t<\/a>\n\t<\/h2>\n\n\t<p><\/p>\n\n\t<div class=\"b\">\n\t\t<a href=\"https:\/\/zam.webfactor.com\/de\/maximierung-der-nutzlast-mit-der-korrekten-tragfaehigkeit-der-palettenbox\/\">\n\t\t\t\t<svg xmlns=\"http:\/\/www.w3.org\/2000\/svg\" class=\"i i-arrow \">\n\t    <use xlink:href=\"https:\/\/zam.webfactor.com\/wp-content\/themes\/zamko\/images\/sprite.svg#arrow\"><\/use>\n\t<\/svg>\n\t\t\t\tMehr erfahren\t\t<\/a>\n\n\t\t<span class=\"date\">\n\t\t\t08 August 2023\t\t<\/span>\n\t<\/div><!-- \/.b -->\n<\/div><!-- \/.post_item -->\n\t\t\t\t  \n\t\t\t\n\t\t\t\t    <div class=\"post_item\">\n\t<a href=\"https:\/\/zam.webfactor.com\/de\/wie-sie-die-richtige-palettenboxgroesse-fuer-ihre-geschaeftsanforderungen-auswaehlen\/\" class=\"img\">\n\t\t\t\t\t<img loading=\"lazy\" src=\"https:\/\/zam.webfactor.com\/wp-content\/uploads\/How-to-Choose-the-Right-Pallet-Box-Size-for-Your-Business-Needs.jpg-390x239.webp\" width=\"390\" height=\"239\" alt=\"Wie Sie die richtige Palettenboxgr\u00f6\u00dfe f\u00fcr Ihre Gesch\u00e4ftsanforderungen ausw\u00e4hlen \u2014 Zam.webfactor.com\" decoding=\"async\" \/>\n\t\t\t<\/a><!-- \/.img -->\n\n\t<h2>\n\t\t<a href=\"https:\/\/zam.webfactor.com\/de\/wie-sie-die-richtige-palettenboxgroesse-fuer-ihre-geschaeftsanforderungen-auswaehlen\/\">\n\t\t\tWie Sie die richtige Palettenboxgr\u00f6\u00dfe f\u00fcr Ihre Gesch\u00e4ftsanforderungen ausw\u00e4hlen\t\t<\/a>\n\t<\/h2>\n\n\t<p><\/p>\n\n\t<div class=\"b\">\n\t\t<a href=\"https:\/\/zam.webfactor.com\/de\/wie-sie-die-richtige-palettenboxgroesse-fuer-ihre-geschaeftsanforderungen-auswaehlen\/\">\n\t\t\t\t<svg xmlns=\"http:\/\/www.w3.org\/2000\/svg\" class=\"i i-arrow \">\n\t    <use xlink:href=\"https:\/\/zam.webfactor.com\/wp-content\/themes\/zamko\/images\/sprite.svg#arrow\"><\/use>\n\t<\/svg>\n\t\t\t\tMehr erfahren\t\t<\/a>\n\n\t\t<span class=\"date\">\n\t\t\t05 August 2023\t\t<\/span>\n\t<\/div><!-- \/.b -->\n<\/div><!-- \/.post_item -->\n\t\t\t\t  \n\t\t\t\n\t\t\t\t    <div class=\"post_item\">\n\t<a href=\"https:\/\/zam.webfactor.com\/de\/wie-palettenboxen-einen-effizienten-cross-docking-betrieb-unterstutzen\/\" class=\"img\">\n\t\t\t\t\t<img loading=\"lazy\" src=\"https:\/\/zam.webfactor.com\/wp-content\/uploads\/How-Pallet-Boxes-Support-Efficient-Cross-Docking-Operations.jpg-390x239.webp\" width=\"390\" height=\"239\" alt=\"Wie Palettenboxen einen effizienten Cross-Docking-Betrieb unterst\u00fctzen \u2014 Zam.webfactor.com\" decoding=\"async\" \/>\n\t\t\t<\/a><!-- \/.img -->\n\n\t<h2>\n\t\t<a href=\"https:\/\/zam.webfactor.com\/de\/wie-palettenboxen-einen-effizienten-cross-docking-betrieb-unterstutzen\/\">\n\t\t\tWie Palettenboxen einen effizienten Cross-Docking-Betrieb unterst\u00fctzen\t\t<\/a>\n\t<\/h2>\n\n\t<p><\/p>\n\n\t<div class=\"b\">\n\t\t<a href=\"https:\/\/zam.webfactor.com\/de\/wie-palettenboxen-einen-effizienten-cross-docking-betrieb-unterstutzen\/\">\n\t\t\t\t<svg xmlns=\"http:\/\/www.w3.org\/2000\/svg\" class=\"i i-arrow \">\n\t    <use xlink:href=\"https:\/\/zam.webfactor.com\/wp-content\/themes\/zamko\/images\/sprite.svg#arrow\"><\/use>\n\t<\/svg>\n\t\t\t\tMehr erfahren\t\t<\/a>\n\n\t\t<span class=\"date\">\n\t\t\t03 August 2023\t\t<\/span>\n\t<\/div><!-- \/.b -->\n<\/div><!-- \/.post_item -->\n\t\t\t\t  \n\t\t\t\n\t\t\t\t    <div class=\"post_item\">\n\t<a href=\"https:\/\/zam.webfactor.com\/de\/wie-palettenboxen-die-effizienz-bei-der-kommissionierung-verbessern\/\" class=\"img\">\n\t\t\t\t\t<img loading=\"lazy\" src=\"https:\/\/zam.webfactor.com\/wp-content\/uploads\/How-Pallet-Boxes-Help-Improve-Order-Picking-Efficiency.jpg-390x239.webp\" width=\"390\" height=\"239\" alt=\"Wie Palettenboxen die Effizienz bei der Kommissionierung verbessern \u2014 Zam.webfactor.com\" decoding=\"async\" \/>\n\t\t\t<\/a><!-- \/.img -->\n\n\t<h2>\n\t\t<a href=\"https:\/\/zam.webfactor.com\/de\/wie-palettenboxen-die-effizienz-bei-der-kommissionierung-verbessern\/\">\n\t\t\tWie Palettenboxen die Effizienz bei der Kommissionierung verbessern\t\t<\/a>\n\t<\/h2>\n\n\t<p><\/p>\n\n\t<div class=\"b\">\n\t\t<a href=\"https:\/\/zam.webfactor.com\/de\/wie-palettenboxen-die-effizienz-bei-der-kommissionierung-verbessern\/\">\n\t\t\t\t<svg xmlns=\"http:\/\/www.w3.org\/2000\/svg\" class=\"i i-arrow \">\n\t    <use xlink:href=\"https:\/\/zam.webfactor.com\/wp-content\/themes\/zamko\/images\/sprite.svg#arrow\"><\/use>\n\t<\/svg>\n\t\t\t\tMehr erfahren\t\t<\/a>\n\n\t\t<span class=\"date\">\n\t\t\t01 August 2023\t\t<\/span>\n\t<\/div><!-- \/.b -->\n<\/div><!-- \/.post_item -->\n\t\t\t\t  \n\t\t\t\n\t\t\t\t    <div class=\"post_item\">\n\t<a href=\"https:\/\/zam.webfactor.com\/de\/die-rolle-von-palettenboxen-in-der-schlanken-fertigung-oder-lean-manufacturing\/\" class=\"img\">\n\t\t\t\t\t<img loading=\"lazy\" src=\"https:\/\/zam.webfactor.com\/wp-content\/uploads\/The-Role-of-Pallet-Boxes-in-Lean-Manufacturing.jpg-390x239.webp\" width=\"390\" height=\"239\" alt=\"Die Rolle von Palettenboxen in der schlanken Fertigung oder Lean manufacturing \u2014 Zam.webfactor.com\" decoding=\"async\" \/>\n\t\t\t<\/a><!-- \/.img -->\n\n\t<h2>\n\t\t<a href=\"https:\/\/zam.webfactor.com\/de\/die-rolle-von-palettenboxen-in-der-schlanken-fertigung-oder-lean-manufacturing\/\">\n\t\t\tDie Rolle von Palettenboxen in der schlanken Fertigung oder Lean manufacturing\t\t<\/a>\n\t<\/h2>\n\n\t<p><\/p>\n\n\t<div class=\"b\">\n\t\t<a href=\"https:\/\/zam.webfactor.com\/de\/die-rolle-von-palettenboxen-in-der-schlanken-fertigung-oder-lean-manufacturing\/\">\n\t\t\t\t<svg xmlns=\"http:\/\/www.w3.org\/2000\/svg\" class=\"i i-arrow \">\n\t    <use xlink:href=\"https:\/\/zam.webfactor.com\/wp-content\/themes\/zamko\/images\/sprite.svg#arrow\"><\/use>\n\t<\/svg>\n\t\t\t\tMehr erfahren\t\t<\/a>\n\n\t\t<span class=\"date\">\n\t\t\t24 Juli 2023\t\t<\/span>\n\t<\/div><!-- \/.b -->\n<\/div><!-- \/.post_item -->\n\t\t\t\t  \n\t\t\t\n\t\t\t\t    <div class=\"post_item\">\n\t<a href=\"https:\/\/zam.webfactor.com\/de\/der-einfluss-des-designs-von-palettenboxen-auf-das-bestandsmanagement-ein-spielveraenderer\/\" class=\"img\">\n\t\t\t\t\t<img loading=\"lazy\" src=\"https:\/\/zam.webfactor.com\/wp-content\/uploads\/The-Impact-of-Pallet-Box-Design-on-Inventory-Management_-A-Game-Changer.jpg-390x239.webp\" width=\"390\" height=\"239\" alt=\"Der Einfluss des Designs von Palettenboxen auf das Bestandsmanagement: Ein Spielver\u00e4nderer \u2014 Zam.webfactor.com\" decoding=\"async\" \/>\n\t\t\t<\/a><!-- \/.img -->\n\n\t<h2>\n\t\t<a href=\"https:\/\/zam.webfactor.com\/de\/der-einfluss-des-designs-von-palettenboxen-auf-das-bestandsmanagement-ein-spielveraenderer\/\">\n\t\t\tDer Einfluss des Designs von Palettenboxen auf das Bestandsmanagement: Ein Spielver\u00e4nderer\t\t<\/a>\n\t<\/h2>\n\n\t<p><\/p>\n\n\t<div class=\"b\">\n\t\t<a href=\"https:\/\/zam.webfactor.com\/de\/der-einfluss-des-designs-von-palettenboxen-auf-das-bestandsmanagement-ein-spielveraenderer\/\">\n\t\t\t\t<svg xmlns=\"http:\/\/www.w3.org\/2000\/svg\" class=\"i i-arrow \">\n\t    <use xlink:href=\"https:\/\/zam.webfactor.com\/wp-content\/themes\/zamko\/images\/sprite.svg#arrow\"><\/use>\n\t<\/svg>\n\t\t\t\tMehr erfahren\t\t<\/a>\n\n\t\t<span class=\"date\">\n\t\t\t23 Juli 2023\t\t<\/span>\n\t<\/div><!-- \/.b -->\n<\/div><!-- \/.post_item -->\n\t\t\t\t  \n\t\t\t\n\t\t\t\t    <div class=\"post_item\">\n\t<a href=\"https:\/\/zam.webfactor.com\/de\/reducing-labor-costs-with-efficient-pallet-box-loading-techniques-2\/\" class=\"img\">\n\t\t\t\t\t<img loading=\"lazy\" src=\"https:\/\/zam.webfactor.com\/wp-content\/uploads\/Reducing-Labor-Costs-with-Efficient-Pallet-Box-Loading-Techniques-1.jpg-390x239.webp\" width=\"390\" height=\"239\" alt=\"Senkung der Arbeitskosten durch effiziente Techniken zum Beladen von Palettenboxen \u2014 Zam.webfactor.com\" decoding=\"async\" \/>\n\t\t\t<\/a><!-- \/.img -->\n\n\t<h2>\n\t\t<a href=\"https:\/\/zam.webfactor.com\/de\/reducing-labor-costs-with-efficient-pallet-box-loading-techniques-2\/\">\n\t\t\tSenkung der Arbeitskosten durch effiziente Techniken zum Beladen von Palettenboxen\t\t<\/a>\n\t<\/h2>\n\n\t<p><\/p>\n\n\t<div class=\"b\">\n\t\t<a href=\"https:\/\/zam.webfactor.com\/de\/reducing-labor-costs-with-efficient-pallet-box-loading-techniques-2\/\">\n\t\t\t\t<svg xmlns=\"http:\/\/www.w3.org\/2000\/svg\" class=\"i i-arrow \">\n\t    <use xlink:href=\"https:\/\/zam.webfactor.com\/wp-content\/themes\/zamko\/images\/sprite.svg#arrow\"><\/use>\n\t<\/svg>\n\t\t\t\tMehr erfahren\t\t<\/a>\n\n\t\t<span class=\"date\">\n\t\t\t19 Juli 2023\t\t<\/span>\n\t<\/div><!-- \/.b -->\n<\/div><!-- \/.post_item -->\n\t\t\t\t  \n\t\t\t\n\t\t\t\t    <div class=\"post_item\">\n\t<a href=\"https:\/\/zam.webfactor.com\/de\/verhinderung-von-produktkontaminationen-mit-den-richtigen-palettenbox-loesungen\/\" class=\"img\">\n\t\t\t\t\t<img loading=\"lazy\" src=\"https:\/\/zam.webfactor.com\/wp-content\/uploads\/Preventing-Product-Contamination-with-the-Right-Pallet-Box-Solutions.jpg-390x239.webp\" width=\"390\" height=\"239\" alt=\"Verhinderung von Produktkontaminationen mit den richtigen Palettenbox-L\u00f6sungen \u2014 Zam.webfactor.com\" decoding=\"async\" \/>\n\t\t\t<\/a><!-- \/.img -->\n\n\t<h2>\n\t\t<a href=\"https:\/\/zam.webfactor.com\/de\/verhinderung-von-produktkontaminationen-mit-den-richtigen-palettenbox-loesungen\/\">\n\t\t\tVerhinderung von Produktkontaminationen mit den richtigen Palettenbox-L\u00f6sungen\t\t<\/a>\n\t<\/h2>\n\n\t<p><\/p>\n\n\t<div class=\"b\">\n\t\t<a href=\"https:\/\/zam.webfactor.com\/de\/verhinderung-von-produktkontaminationen-mit-den-richtigen-palettenbox-loesungen\/\">\n\t\t\t\t<svg xmlns=\"http:\/\/www.w3.org\/2000\/svg\" class=\"i i-arrow \">\n\t    <use xlink:href=\"https:\/\/zam.webfactor.com\/wp-content\/themes\/zamko\/images\/sprite.svg#arrow\"><\/use>\n\t<\/svg>\n\t\t\t\tMehr erfahren\t\t<\/a>\n\n\t\t<span class=\"date\">\n\t\t\t16 Juli 2023\t\t<\/span>\n\t<\/div><!-- \/.b -->\n<\/div><!-- \/.post_item -->\n\t\t\t\t  \n\t\t\t \n\t\t\t\n\t\t<\/div><!-- \/.grid -->\n\n\t\t<div class=\"pagination\">\n\t\t     <span aria-current=\"page\" class=\"page-numbers current\">1<\/span>\n<a class=\"page-numbers\" href=\"https:\/\/zam.webfactor.com\/de\/wp-json\/wp\/v2\/pages\/111915\/page\/2\/\">2<\/a>\n<a class=\"page-numbers\" href=\"https:\/\/zam.webfactor.com\/de\/wp-json\/wp\/v2\/pages\/111915\/page\/3\/\">3<\/a>\n<a class=\"page-numbers\" href=\"https:\/\/zam.webfactor.com\/de\/wp-json\/wp\/v2\/pages\/111915\/page\/4\/\">4<\/a>\n<a class=\"next page-numbers\" href=\"https:\/\/zam.webfactor.com\/de\/wp-json\/wp\/v2\/pages\/111915\/page\/2\/\"><span class=\"next-prev\">Next<\/span><\/a>\t\t<\/div><!-- \/.pagination -->\n\t<\/div><!-- \/.shell -->\n<\/section><!-- \/.blog -->","protected":false},"excerpt":{"rendered":"","protected":false},"author":8,"featured_media":0,"parent":0,"menu_order":0,"comment_status":"closed","ping_status":"closed","template":"","meta":{"footnotes":""},"yst_prominent_words":[],"class_list":["post-111915","page","type-page","status-publish","hentry"],"_links":{"self":[{"href":"https:\/\/zam.webfactor.com\/de\/wp-json\/wp\/v2\/pages\/111915","targetHints":{"allow":["GET"]}}],"collection":[{"href":"https:\/\/zam.webfactor.com\/de\/wp-json\/wp\/v2\/pages"}],"about":[{"href":"https:\/\/zam.webfactor.com\/de\/wp-json\/wp\/v2\/types\/page"}],"author":[{"embeddable":true,"href":"https:\/\/zam.webfactor.com\/de\/wp-json\/wp\/v2\/users\/8"}],"replies":[{"embeddable":true,"href":"https:\/\/zam.webfactor.com\/de\/wp-json\/wp\/v2\/comments?post=111915"}],"version-history":[{"count":0,"href":"https:\/\/zam.webfactor.com\/de\/wp-json\/wp\/v2\/pages\/111915\/revisions"}],"wp:attachment":[{"href":"https:\/\/zam.webfactor.com\/de\/wp-json\/wp\/v2\/media?parent=111915"}],"wp:term":[{"taxonomy":"yst_prominent_words","embeddable":true,"href":"https:\/\/zam.webfactor.com\/de\/wp-json\/wp\/v2\/yst_prominent_words?post=111915"}],"curies":[{"name":"wp","href":"https:\/\/api.w.org\/{rel}","templated":true}]}}