{"id":111929,"date":"2023-05-04T13:49:53","date_gmt":"2023-05-04T10:49:53","guid":{"rendered":"https:\/\/zam.webfactor.com\/privacy-amp-cookies-policy\/"},"modified":"2023-09-04T16:19:00","modified_gmt":"2023-09-04T13:19:00","slug":"datenschutz-und-cookie-richtlinie","status":"publish","type":"page","link":"https:\/\/zam.webfactor.com\/de\/datenschutz-und-cookie-richtlinie\/","title":{"rendered":"Datenschutzerkl\u00e4rung"},"content":{"rendered":"<section class=\"solution_intro_3 privacy\">\n\t<div class=\"shell\">\n\t\t<h1 class=\"t3\">Datenschutzerkl\u00e4rung<\/h1><!-- \/.t3 -->\n\n\t\t\t\t\t<div class=\"grid\">\n\t\t\t\t<div class=\"left\">\n\t\t\t\t\t<p>ZAMKO mit Sitz in Luchthavenweg 81-232A, 5657 EA Eindhoven, Niederlande, ist f\u00fcr die Verarbeitung der in dieser Datenschutzerkl\u00e4rung angegebenen personenbezogenen Daten verantwortlich.<\/p>\n\n \t\t\t\t\t\t\t\t\t<\/div><!-- \/.left -->\n\n\t\t\t\t\t\t\t<\/div><!-- \/.grid -->\n\t\t\t<\/div><!-- \/.shell -->\n<\/section><!-- \/.solution_intro_3 -->\n\n\n<section class=\"some_block \">\n\t<div class=\"shell\">\n\t\t<h2>Pers\u00f6nliche Daten, die wir verarbeiten<\/h2>\n\n\t\t<div class=\"grid\">\n\t\t\t<div class=\"l\">\n\t\t\t\t<p>ZAMKO verarbeitet Ihre personenbezogenen Daten, weil Sie unsere Dienste nutzen und \/ oder uns diese selbst zur Verf\u00fcgung stellen.<\/p>\n<p>Nachfolgend finden Sie eine \u00dcbersicht \u00fcber die von uns verarbeiteten personenbezogenen Daten:<br \/>\n\u2013 Vor- und Nachname<br \/>\n\u2013 Geschlecht<br \/>\n\u2013 Adressdaten<br \/>\n\u2013 Telefonnummer<br \/>\n\u2013 E-Mail-Adresse<br \/>\n\u2013 IP-Adresse<br \/>\n\u2013 Andere personenbezogene Daten, die Sie aktiv zur Verf\u00fcgung stellen, zum Beispiel durch die Erstellung eines Profils auf dieser Website, im Schriftverkehr und telefonisch<br \/>\n\u2013 Standortdaten<br \/>\n\u2013 Informationen \u00fcber Ihre Aktivit\u00e4ten auf unserer Website<br \/>\n\u2013 Daten \u00fcber Ihr Surfverhalten auf verschiedenen Websites (z. B. weil dieses Unternehmen Teil eines Werbenetzwerks ist)<br \/>\n\u2013 Internetbrowser und Ger\u00e4tetyp<br \/>\n\u2013 Bankkontonummer<\/p>\n\t\t\t<\/div><!-- \/.l -->\n\n\t\t\t<div class=\"r\">\n\t\t\t\t<p>Unsere Website und \/ oder unser Service beabsichtigen nicht, Daten \u00fcber Website-Besucher unter 16 Jahren zu sammeln. Es sei denn, sie haben die Erlaubnis der Eltern oder Erziehungsberechtigten. Wir k\u00f6nnen jedoch nicht pr\u00fcfen, ob ein Besucher \u00e4lter als 16 Jahre ist. Wir empfehlen daher Eltern, sich an den Online-Aktivit\u00e4ten ihrer Kinder zu beteiligen, um zu verhindern, dass Daten \u00fcber Kinder ohne Zustimmung der Eltern gesammelt werden. Wenn Sie davon \u00fcberzeugt sind, dass wir ohne diese Erlaubnis pers\u00f6nliche Informationen \u00fcber Minderj\u00e4hrige gesammelt haben, kontaktieren Sie uns bitte unter info@zam.webfactor.com und wir werden diese Informationen entfernen.<\/p>\n\t\t\t<\/div><!-- \/.r -->\n\t\t<\/div><!-- \/.grid -->\n\t<\/div><!-- \/.shell -->\n<\/section><!-- \/.some_block -->\n\n\n<section class=\"some_block \">\n\t<div class=\"shell\">\n\t\t<h2>Zu welchem \u200b\u200bZweck und auf welcher Grundlage verarbeiten wir personenbezogene Daten<\/h2>\n\n\t\t<div class=\"grid\">\n\t\t\t<div class=\"l\">\n\t\t\t\t<p>ZAMKO verarbeitet Ihre personenbezogenen Daten zu folgenden Zwecken:<\/p>\n<p>\u2013 Abwicklung Ihrer Zahlung<br \/>\n\u2013 Versand unseres Newsletters<br \/>\n\u2013 Sie anrufen oder eine E-Mail senden k\u00f6nnen, wenn dies f\u00fcr die Erbringung unserer Dienstleistungen erforderlich ist<br \/>\n\u2013 um Sie \u00fcber \u00c4nderungen unserer Dienstleistungen und Produkte zu informieren<br \/>\n\u2013 bieten Ihnen die M\u00f6glichkeit, ein Konto zu erstellen<br \/>\n\u2013 um Ihnen Waren und Dienstleistungen zu liefern<\/p>\n\t\t\t<\/div><!-- \/.l -->\n\n\t\t\t<div class=\"r\">\n\t\t\t\t<p>\u2013 ZAMKO analysiert Ihr Verhalten auf der Website, um die Website zu verbessern und das Angebot an Produkten und Dienstleistungen an Ihre Vorlieben anzupassen.<br \/>\n\u2013 ZAMKO verfolgt Ihr Surfverhalten auf verschiedenen Websites, mit denen wir unsere Produkte und Dienstleistungen auf Ihre Bed\u00fcrfnisse abstimmen.<br \/>\n\u2013 ZAMKO verarbeitet personenbezogene Daten auch dann, wenn wir gesetzlich dazu verpflichtet sind, beispielsweise Daten, die wir f\u00fcr unsere Steuererkl\u00e4rung ben\u00f6tigen.<\/p>\n\t\t\t<\/div><!-- \/.r -->\n\t\t<\/div><!-- \/.grid -->\n\t<\/div><!-- \/.shell -->\n<\/section><!-- \/.some_block -->\n\n\n<section class=\"some_block \">\n\t<div class=\"shell\">\n\t\t<h2><\/h2>\n\n\t\t<div class=\"grid\">\n\t\t\t<div class=\"l\">\n\t\t\t\t<h2>Automatisierte Entscheidungsfindung<\/h2>\n<p>Aufgrund der automatisierten Verarbeitung trifft ZAMKO keine Entscheidungen in Angelegenheiten, die (erhebliche) Konsequenzen f\u00fcr den Menschen haben k\u00f6nnen. Dies sind Entscheidungen, die von Computerprogrammen oder -systemen getroffen werden, ohne dass ein Mensch (zum Beispiel ein ZAMKO-Mitarbeiter) darunter ist.<\/p>\n<h2>Wie lange werden personenbezogene Daten gespeichert?<\/h2>\n<p>ZAMKO speichert Ihre personenbezogenen Daten nicht l\u00e4nger als unbedingt erforderlich, um die Zwecke zu erreichen, f\u00fcr die Ihre Daten erhoben werden.<\/p>\n\t\t\t<\/div><!-- \/.l -->\n\n\t\t\t<div class=\"r\">\n\t\t\t\t<h2>Weitergabe personenbezogener Daten an Dritte<\/h2>\n<p>ZAMKO gibt Daten nur an Dritte weiter, wenn dies zur Durchf\u00fchrung unserer Vereinbarung mit Ihnen oder zur Einhaltung einer gesetzlichen Verpflichtung erforderlich ist.<\/p>\n\t\t\t<\/div><!-- \/.r -->\n\t\t<\/div><!-- \/.grid -->\n\t<\/div><!-- \/.shell -->\n<\/section><!-- \/.some_block -->\n\n\n<section class=\"some_block \">\n\t<div class=\"shell\">\n\t\t<h2>Cookies oder \u00e4hnliche Techniken, die wir verwenden<\/h2>\n\n\t\t<div class=\"grid\">\n\t\t\t<div class=\"l\">\n\t\t\t\t<p>ZAMKO verwendet Funktions-, Analyse- und Tracking-Cookies. Ein Cookie ist eine kleine Textdatei, die beim ersten Besuch dieser Website im Browser Ihres Computers, Tablets oder Smartphones gespeichert wird. ZAMKO verwendet Cookies mit rein technischer Funktionalit\u00e4t. Dadurch wird sichergestellt, dass die Website ordnungsgem\u00e4\u00df funktioniert und beispielsweise Ihre bevorzugten Einstellungen gespeichert werden. Diese Cookies werden auch verwendet, um die Website ordnungsgem\u00e4\u00df zu betreiben und zu optimieren. Dar\u00fcber hinaus platzieren wir Cookies, die Ihr Surfverhalten nachverfolgen, damit wir ma\u00dfgeschneiderte Inhalte und Werbung anbieten k\u00f6nnen.<\/p>\n\t\t\t<\/div><!-- \/.l -->\n\n\t\t\t<div class=\"r\">\n\t\t\t\t<p>Bei Ihrem ersten Besuch auf unserer Website haben wir Sie bereits \u00fcber diese Cookies informiert und um Erlaubnis gebeten, sie zu platzieren.<\/p>\n<p>Sie k\u00f6nnen Cookies deaktivieren, indem Sie Ihren Internetbrowser so einstellen, dass keine Cookies mehr gespeichert werden. Dar\u00fcber hinaus k\u00f6nnen Sie auch alle Informationen l\u00f6schen, die zuvor \u00fcber die Einstellungen Ihres Browsers gespeichert wurden.<\/p>\n<p>Eine Erkl\u00e4rung finden Sie unter: <a href=\"https:\/\/veiliginternetten.nl\/themes\/situatie\/cookies-wat-zijn-het-en-wat-doe-ik-ermee\/\" target=\"_blank\" rel=\"noopener\">https:\/\/veiliginternetten.nl\/themes\/situatie\/cookies-wat-zijn-het-en-wat-doe-ik-ermee\/<\/a><\/p>\n\t\t\t<\/div><!-- \/.r -->\n\t\t<\/div><!-- \/.grid -->\n\t<\/div><!-- \/.shell -->\n<\/section><!-- \/.some_block -->\n\n\n<section class=\"some_block \">\n\t<div class=\"shell\">\n\t\t<h2>Daten anzeigen, \u00e4ndern oder l\u00f6schen<\/h2>\n\n\t\t<div class=\"grid\">\n\t\t\t<div class=\"l\">\n\t\t\t\t<p>Sie haben das Recht, Ihre personenbezogenen Daten einzusehen, zu berichtigen oder zu l\u00f6schen. Dar\u00fcber hinaus haben Sie das Recht, Ihre Einwilligung zur Datenverarbeitung zu widerrufen oder der Verarbeitung Ihrer personenbezogenen Daten durch ZAMKO zu widersprechen.<\/p>\n<p>Sie k\u00f6nnen einen Antrag auf Zugang, Berichtigung oder L\u00f6schung Ihrer personenbezogenen Daten oder einen Antrag auf Widerruf Ihrer Einwilligung oder Widerspruch gegen die Verarbeitung Ihrer personenbezogenen Daten an <a href=\"mailto:info@zam.webfactor.com\">info@zam.webfactor.com<\/a> senden.<\/p>\n<p>Um sicherzustellen, dass der Antrag auf Einsichtnahme von Ihnen gestellt wurde, bitten wir Sie, eine Kopie Ihres Identit\u00e4tsnachweises mit dem Antrag zu senden. Machen Sie in dieser Kopie Ihr Passfoto, MRZ (Machine Readable Zone), den Streifen mit den Nummern am unteren Rand des Passes, die Passnummer und die B\u00fcrgerservicenummer (BSN) schwarz. Dies dient dem Schutz Ihrer Privatsph\u00e4re. Wir werden Ihre Anfrage so schnell wie m\u00f6glich, jedoch innerhalb von vier Wochen, beantworten.<\/p>\n\t\t\t<\/div><!-- \/.l -->\n\n\t\t\t<div class=\"r\">\n\t\t\t\t<p>ZAMKO weist auch darauf hin, dass Sie die M\u00f6glichkeit haben, eine Beschwerde bei der nationalen Datenschutzbeh\u00f6rde, der niederl\u00e4ndischen Datenschutzbeh\u00f6rde, einzureichen. Sie k\u00f6nnen dies \u00fcber den folgenden Link tun: <a href=\"https:\/\/autoriteitpersoonsgegevens.nl\/nl\/contact-met-de-autoriteit-persoonsgegevens\/tip-ons\" target=\"_blank\" rel=\"noopener\">https:\/\/autoriteitpersoonsgegevens.nl\/nl\/contact-met-de-autoriteit-persoonsgegevens\/tip-ons<\/a><\/p>\n\t\t\t<\/div><!-- \/.r -->\n\t\t<\/div><!-- \/.grid -->\n\t<\/div><!-- \/.shell -->\n<\/section><!-- \/.some_block -->\n\n\n<section class=\"some_block \">\n\t<div class=\"shell\">\n\t\t<h2>Wie wir personenbezogene Daten sch\u00fctzen<\/h2>\n\n\t\t<div class=\"grid\">\n\t\t\t<div class=\"l\">\n\t\t\t\t<p>ZAMKO nimmt den Schutz Ihrer Daten ernst und ergreift geeignete Ma\u00dfnahmen, um Missbrauch, Verlust, unbefugten Zugriff, unerw\u00fcnschte Offenlegung und unbefugte \u00c4nderungen zu verhindern. Wenn Sie den Eindruck haben, dass Ihre Daten nicht richtig gesch\u00fctzt sind oder Anzeichen von Missbrauch vorliegen, wenden Sie sich bitte an unseren Kundenservice oder an <a href=\"mailto:info@zam.webfactor.com\">info@zam.webfactor.com<\/a><\/p>\n\t\t\t<\/div><!-- \/.l -->\n\n\t\t\t<div class=\"r\">\n\t\t\t\t\t\t\t<\/div><!-- \/.r -->\n\t\t<\/div><!-- \/.grid -->\n\t<\/div><!-- \/.shell -->\n<\/section><!-- \/.some_block -->\n","protected":false},"excerpt":{"rendered":"","protected":false},"author":8,"featured_media":0,"parent":0,"menu_order":0,"comment_status":"closed","ping_status":"closed","template":"","meta":{"footnotes":""},"yst_prominent_words":[],"class_list":["post-111929","page","type-page","status-publish","hentry"],"_links":{"self":[{"href":"https:\/\/zam.webfactor.com\/de\/wp-json\/wp\/v2\/pages\/111929","targetHints":{"allow":["GET"]}}],"collection":[{"href":"https:\/\/zam.webfactor.com\/de\/wp-json\/wp\/v2\/pages"}],"about":[{"href":"https:\/\/zam.webfactor.com\/de\/wp-json\/wp\/v2\/types\/page"}],"author":[{"embeddable":true,"href":"https:\/\/zam.webfactor.com\/de\/wp-json\/wp\/v2\/users\/8"}],"replies":[{"embeddable":true,"href":"https:\/\/zam.webfactor.com\/de\/wp-json\/wp\/v2\/comments?post=111929"}],"version-history":[{"count":0,"href":"https:\/\/zam.webfactor.com\/de\/wp-json\/wp\/v2\/pages\/111929\/revisions"}],"wp:attachment":[{"href":"https:\/\/zam.webfactor.com\/de\/wp-json\/wp\/v2\/media?parent=111929"}],"wp:term":[{"taxonomy":"yst_prominent_words","embeddable":true,"href":"https:\/\/zam.webfactor.com\/de\/wp-json\/wp\/v2\/yst_prominent_words?post=111929"}],"curies":[{"name":"wp","href":"https:\/\/api.w.org\/{rel}","templated":true}]}}