{"id":111939,"date":"2023-05-10T10:02:36","date_gmt":"2023-05-10T07:02:36","guid":{"rendered":"https:\/\/zam.webfactor.com\/sitemap\/"},"modified":"2023-09-04T15:55:07","modified_gmt":"2023-09-04T12:55:07","slug":"seitenverzeichnis","status":"publish","type":"page","link":"https:\/\/zam.webfactor.com\/de\/seitenverzeichnis\/","title":{"rendered":"Seitenverzeichnis"},"content":{"rendered":"<section class=\"solution_intro_3 industries\">\n\t<div class=\"shell\">\n\t\t<h1 class=\"t3\">Seitenverzeichnis<\/h1><!-- \/.t3 -->\n\n\t\t\t<\/div><!-- \/.shell -->\n<\/section><!-- \/.solution_intro_3 -->\n\n\n\n<section class=\"site_map\">\n\t<div class=\"shell\">\n\t\t<div>\n\t\t\t<a href=\"https:\/\/zam.webfactor.com\/de\">Zamko.eu<\/a>\n\t\t<\/div>\n\n\t\t<div>\n\t\t\t<a href=\"https:\/\/zam.webfactor.com\/de\/uber-uns\/\">\u00dcber uns<\/a>\n\t\t<\/div>\n\n\t\t<div class=\"list\">\n\t\t\t<a href=\"https:\/\/zam.webfactor.com\/de\/palettenboxen\/\">Palettenboxen<\/a>\n\n\t\t\t<div>\n\t\t\t\t\t\t\t\t\t<a href=\"https:\/\/zam.webfactor.com\/de\/palettenboxen\/kunststoff\/\">\n\t\t\t\t\t \tKunststoff Palettenboxen\t\t\t\t\t<\/a>\n\t\t\t\t\t\t\t\t\t<a href=\"https:\/\/zam.webfactor.com\/de\/palettenboxen\/stahl\/\">\n\t\t\t\t\t \tStahl Palettenboxen\t\t\t\t\t<\/a>\n\t\t\t\t\t\t\t\t\t<a href=\"https:\/\/zam.webfactor.com\/de\/palettenboxen\/holz\/\">\n\t\t\t\t\t \tHolz Palettenboxen\t\t\t\t\t<\/a>\n\t\t\t\t\t\t\t\t\t<a href=\"https:\/\/zam.webfactor.com\/de\/palettenboxen\/karton\/\">\n\t\t\t\t\t \tKarton Palettenboxen\t\t\t\t\t<\/a>\n\t\t\t\t\t\t\t\t\t<a href=\"https:\/\/zam.webfactor.com\/de\/palettenboxen\/paletten-andere\/\">\n\t\t\t\t\t \tPaletten &amp; andere\t\t\t\t\t<\/a>\n\t\t\t\t \n\t\t\t<\/div>\n\t\t<\/div>\n\n\t\t<div class=\"list\">\n\t\t\t<a href=\"https:\/\/zam.webfactor.com\/de\/loesungen-dienstleistungen\/\">L\u00f6sungen &#038; Dienstleistungen<\/a>\n\n\t\t\t<div>\n \t\t\t\t<a href=\"https:\/\/zam.webfactor.com\/de\/globale-pooling-dienste\/\">Globale Pooling-Dienste<\/a>\n\n \t\t\t\t<a href=\"https:\/\/zam.webfactor.com\/de\/kunststoff-reparatur-palettenboxen\/\">Kunststoff Reparatur Palettenboxen<\/a>\n\n \t\t\t\t<a href=\"https:\/\/zam.webfactor.com\/de\/branchen\/\">Branchen<\/a>\n\n \t\t\t\t<a href=\"https:\/\/zam.webfactor.com\/de\/spezielle-anwendungen\/\">Spezielle Anwendungen<\/a>\n\t\t\t<\/div>\n\t\t<\/div>\n\n\t\t\n\n\t\t<div>\n\t\t\t<a href=\"https:\/\/zam.webfactor.com\/de\/lieferung\/\">Lieferung<\/a>\n\t\t<\/div>\n\n\t\t\n\n\t\t<div>\n\t\t\t<a href=\"https:\/\/zam.webfactor.com\/de\/hgf\/\">H\u00e4ufig gestellte Fragen<\/a>\n\t\t<\/div>\n\n\t\t<div>\n\t\t\t<a href=\"https:\/\/zam.webfactor.com\/de\/bewertungen\/\">Bewertungen<\/a>\n\t\t<\/div>\n\n\t\t<div>\n\t\t\t<a href=\"https:\/\/zam.webfactor.com\/de\/kontakt\/\">Kontakt<\/a>\n\t\t<\/div>\n\n\t\t<div class=\"list blog\">\n\t\t\t<a href=\"https:\/\/zam.webfactor.com\/blog\/\">News<\/a>\n\n\t\t\t<div>\n\t\t\t\t\t\t\t\t\t\n\t\t\t\t\t    <a href=\"https:\/\/zam.webfactor.com\/de\/the-role-of-pallet-boxes-in-the-pharmaceutical-industry\/\">Die Rolle von Palettenboxen in der pharmazeutischen Industrie<\/a>\n\t\t\t\t\t  \n\t\t\t\t\t  \t\t\t\t\t\n\t\t\t\t\t    <a href=\"https:\/\/zam.webfactor.com\/de\/die-vorteile-von-mehrwegpalettenboxen-fuer-die-automibilindustrie\/\">Die Vorteile von Mehrwegpalettenboxen f\u00fcr die Automibilindustrie<\/a>\n\t\t\t\t\t  \n\t\t\t\t\t  \t\t\t\t\t\n\t\t\t\t\t    <a href=\"https:\/\/zam.webfactor.com\/de\/die-vorteile-von-kundenspezifischen-palettenboxen-fuer-die-elektronikfertigung\/\">Die Vorteile von kundenspezifischen Palettenboxen f\u00fcr die Elektronikfertigung<\/a>\n\t\t\t\t\t  \n\t\t\t\t\t  \t\t\t\t\t\n\t\t\t\t\t    <a href=\"https:\/\/zam.webfactor.com\/de\/innovative-palettenboxen-fuer-eine-verbesserte-lieferung-auf-der-letzten-meile\/\">Innovative Palettenboxen f\u00fcr eine verbesserte Lieferung auf der letzten Meile<\/a>\n\t\t\t\t\t  \n\t\t\t\t\t  \t\t\t\t\t\n\t\t\t\t\t    <a href=\"https:\/\/zam.webfactor.com\/de\/maximierung-der-nutzlast-mit-der-korrekten-tragfaehigkeit-der-palettenbox\/\">Maximierung der Nutzlast mit der korrekten Tragf\u00e4higkeit der Palettenbox<\/a>\n\t\t\t\t\t  \n\t\t\t\t\t  \t\t\t\t\t\n\t\t\t\t\t    <a href=\"https:\/\/zam.webfactor.com\/de\/wie-sie-die-richtige-palettenboxgroesse-fuer-ihre-geschaeftsanforderungen-auswaehlen\/\">Wie Sie die richtige Palettenboxgr\u00f6\u00dfe f\u00fcr Ihre Gesch\u00e4ftsanforderungen ausw\u00e4hlen<\/a>\n\t\t\t\t\t  \n\t\t\t\t\t  \t\t\t\t\t\n\t\t\t\t\t    <a href=\"https:\/\/zam.webfactor.com\/de\/wie-palettenboxen-einen-effizienten-cross-docking-betrieb-unterstutzen\/\">Wie Palettenboxen einen effizienten Cross-Docking-Betrieb unterst\u00fctzen<\/a>\n\t\t\t\t\t  \n\t\t\t\t\t  \t\t\t\t\t\n\t\t\t\t\t    <a href=\"https:\/\/zam.webfactor.com\/de\/wie-palettenboxen-die-effizienz-bei-der-kommissionierung-verbessern\/\">Wie Palettenboxen die Effizienz bei der Kommissionierung verbessern<\/a>\n\t\t\t\t\t  \n\t\t\t\t\t  \t\t\t\t\t\n\t\t\t\t\t    <a href=\"https:\/\/zam.webfactor.com\/de\/die-rolle-von-palettenboxen-in-der-schlanken-fertigung-oder-lean-manufacturing\/\">Die Rolle von Palettenboxen in der schlanken Fertigung oder Lean manufacturing<\/a>\n\t\t\t\t\t  \n\t\t\t\t\t  \t\t\t\t\t\n\t\t\t\t\t    <a href=\"https:\/\/zam.webfactor.com\/de\/der-einfluss-des-designs-von-palettenboxen-auf-das-bestandsmanagement-ein-spielveraenderer\/\">Der Einfluss des Designs von Palettenboxen auf das Bestandsmanagement: Ein Spielver\u00e4nderer<\/a>\n\t\t\t\t\t  \n\t\t\t\t\t  \t\t\t\t\t\n\t\t\t\t\t    <a href=\"https:\/\/zam.webfactor.com\/de\/reducing-labor-costs-with-efficient-pallet-box-loading-techniques-2\/\">Senkung der Arbeitskosten durch effiziente Techniken zum Beladen von Palettenboxen<\/a>\n\t\t\t\t\t  \n\t\t\t\t\t  \t\t\t\t\t\n\t\t\t\t\t    <a href=\"https:\/\/zam.webfactor.com\/de\/verhinderung-von-produktkontaminationen-mit-den-richtigen-palettenbox-loesungen\/\">Verhinderung von Produktkontaminationen mit den richtigen Palettenbox-L\u00f6sungen<\/a>\n\t\t\t\t\t  \n\t\t\t\t\t  \t\t\t\t\t\n\t\t\t\t\t    <a href=\"https:\/\/zam.webfactor.com\/de\/minimierung-von-produktverlusten-mit-verbesserten-palettenboxen\/\">Minimierung von Produktverlusten mit verbesserten Palettenboxen<\/a>\n\t\t\t\t\t  \n\t\t\t\t\t  \t\t\t\t\t\n\t\t\t\t\t    <a href=\"https:\/\/zam.webfactor.com\/de\/optimierung-der-transportkosten-mit-der-richtigen-auswahl-von-palettenboxen\/\">Optimierung der Transportkosten mit der richtigen Auswahl von Palettenboxen<\/a>\n\t\t\t\t\t  \n\t\t\t\t\t  \t\t\t\t\t\n\t\t\t\t\t    <a href=\"https:\/\/zam.webfactor.com\/de\/wie-sie-das-richtige-palettenboxenmaterial-fur-ihre-branche-auswahlen\/\">Wie Sie das richtige Palettenboxenmaterial f\u00fcr Ihre Branche ausw\u00e4hlen<\/a>\n\t\t\t\t\t  \n\t\t\t\t\t  \t\t\t\t\t\n\t\t\t\t\t    <a href=\"https:\/\/zam.webfactor.com\/de\/wie-palettenboxen-zur-abfallvermeidung-in-der-lebensmittel-und-getraenkeindustrie-beitragen\/\">Wie Palettenboxen zur Abfallvermeidung in der Lebensmittel- und Getr\u00e4nkeindustrie beitragen<\/a>\n\t\t\t\t\t  \n\t\t\t\t\t  \t\t\t\t\t\n\t\t\t\t\t    <a href=\"https:\/\/zam.webfactor.com\/de\/effiziente-rotation-von-palettenboxen-fuer-die-lagerung-verderblicher-waren\/\">Effiziente Rotation von Palettenboxen f\u00fcr die Lagerung verderblicher Waren<\/a>\n\t\t\t\t\t  \n\t\t\t\t\t  \t\t\t\t\t\n\t\t\t\t\t    <a href=\"https:\/\/zam.webfactor.com\/de\/verbesserung-der-sicherheit-am-arbeitsplatz-durch-sachgemaesse-handhabung-von-palettenboxen\/\">Verbesserung der Sicherheit am Arbeitsplatz durch sachgem\u00e4\u00dfe Handhabung von Palettenboxen<\/a>\n\t\t\t\t\t  \n\t\t\t\t\t  \t\t\t\t\t\n\t\t\t\t\t    <a href=\"https:\/\/zam.webfactor.com\/de\/warum-braucht-ihr-unternehmen-diese-extra-grossen-hochbelastbaren-utz-faltpalettenboxen\/\">Warum braucht Ihr Unternehmen diese extra gro\u00dfen, hochbelastbaren UTZ-Faltpalettenboxen?<\/a>\n\t\t\t\t\t  \n\t\t\t\t\t  \t\t\t\t\t\n\t\t\t\t\t    <a href=\"https:\/\/zam.webfactor.com\/de\/rekordinflation-im-jahr-2022-und-wie-laesst-sich-eine-katastrophe-durch-staendig-steigende-logistik-kosten-vermeiden\/\">Rekordinflation im Jahr 2022 und wie l\u00e4sst sich eine Katastrophe durch st\u00e4ndig steigende Logistik kosten vermeiden?<\/a>\n\t\t\t\t\t  \n\t\t\t\t\t  \t\t\t\t\t\n\t\t\t\t\t    <a href=\"https:\/\/zam.webfactor.com\/de\/wie-kann-dieses-palettenbox-angebot-ihre-wettbewerbsfaehigkeit-veraendern\/\">Wie kann dieses Palettenfaltkiste-Angebot Ihre Wettbewerbsf\u00e4higkeit ver\u00e4ndern?<\/a>\n\t\t\t\t\t  \n\t\t\t\t\t  \t\t\t\t\t\n\t\t\t\t\t    <a href=\"https:\/\/zam.webfactor.com\/de\/wie-kann-die-logistik-mit-den-staendig-steigenden-rohstoffpreise-fertig-werden\/\">Wie kann die logistik mit den st\u00e4ndig steigenden Rohstoffpreise fertig werden?<\/a>\n\t\t\t\t\t  \n\t\t\t\t\t  \t\t\t\t\t\n\t\t\t\t\t    <a href=\"https:\/\/zam.webfactor.com\/de\/was-sind-die-top-3-gruende-warum-unternehmen-puffer-safety-bestaende-halten\/\">Was sind die TOP-3 Gr\u00fcnde, warum Unternehmen Puffer (Safety) Best\u00e4nde halten?<\/a>\n\t\t\t\t\t  \n\t\t\t\t\t  \t\t\t\t\t\n\t\t\t\t\t    <a href=\"https:\/\/zam.webfactor.com\/de\/steigende-transport-und-energiekosten-eine-wichtige-strategie-zur-senkung-der-gesamtbetriebskosten-tco-fuer-ihre-logistikverpackungen-und-zur-staerkung-ihrer-lieferkette\/\">Steigende Transport- und Energiekosten: Eine wichtige Strategie zur Senkung der Gesamtbetriebskosten (TCO) f\u00fcr Ihre Logistikverpackungen und zur St\u00e4rkung Ihrer Lieferkette<\/a>\n\t\t\t\t\t  \n\t\t\t\t\t  \t\t\t\t\t\n\t\t\t\t\t    <a href=\"https:\/\/zam.webfactor.com\/de\/einwegverpackung-vorteile-und-nachteile\/\">Einwegverpackung: Vorteile und Nachteile<\/a>\n\t\t\t\t\t  \n\t\t\t\t\t  \t\t\t\t\t\n\t\t\t\t\t    <a href=\"https:\/\/zam.webfactor.com\/de\/was-sind-die-5-haeufigsten-kundenfragen-zu-kunststoffpalettenboxen-kpb\/\">Was sind die 5 h\u00e4ufigsten Kundenfragen zu Kunststoffpalettenboxen (KPB)?<\/a>\n\t\t\t\t\t  \n\t\t\t\t\t  \t\t\t\t\t\n\t\t\t\t\t    <a href=\"https:\/\/zam.webfactor.com\/de\/was-sind-die-vorteile-der-miete-von-logistikverpackungen\/\">Was sind die Vorteile der Miete von Logistikverpackungen?<\/a>\n\t\t\t\t\t  \n\t\t\t\t\t  \t\t\t\t\t\n\t\t\t\t\t    <a href=\"https:\/\/zam.webfactor.com\/de\/was-werden-die-trends-in-der-lieferkette-und-logistik-im-jahr-2022-sein\/\">Was werden die Trends in der Lieferkette und Logistik im Jahr 2022 sein?<\/a>\n\t\t\t\t\t  \n\t\t\t\t\t  \t\t\t\t\t\n\t\t\t\t\t    <a href=\"https:\/\/zam.webfactor.com\/de\/wie-koennen-sie-ihre-transport-und-logistikkosten-bei-staendig-steigenden-kraftstoffpreisen-optimieren\/\">Wie k\u00f6nnen Sie Ihre Transport und Logistikkosten bei st\u00e4ndig steigenden Kraftstoffpreisen optimieren?<\/a>\n\t\t\t\t\t  \n\t\t\t\t\t  \t\t\t\t\t\n\t\t\t\t\t    <a href=\"https:\/\/zam.webfactor.com\/de\/wie-waehlen-sie-die-richtige-logistische-verpackung-fuer-ihr-unternehmen\/\">Wie w\u00e4hlen Sie die richtige Logistische Verpackung f\u00fcr Ihr Unternehmen?<\/a>\n\t\t\t\t\t  \n\t\t\t\t\t  \t\t\t\t\t\n\t\t\t\t\t    <a href=\"https:\/\/zam.webfactor.com\/de\/warum-werden-wellpappkartons-fuer-die-verpackung-und-den-versand-von-produkten-bevorzugt-2\/\">Warum werden Wellpappkartons f\u00fcr die Verpackung und den Versand von Produkten bevorzugt?<\/a>\n\t\t\t\t\t  \n\t\t\t\t\t  \t\t\t\t\t\n\t\t\t\t\t    <a href=\"https:\/\/zam.webfactor.com\/de\/welche-palettenboxen-halten-ihr-obst-und-gemuese-waehrend-des-transports-frisch\/\">Welche Palettenboxen halten Ihr Obst und Gem\u00fcse w\u00e4hrend des Transports frisch?<\/a>\n\t\t\t\t\t  \n\t\t\t\t\t  \t\t\t\t\t\n\t\t\t\t\t    <a href=\"https:\/\/zam.webfactor.com\/de\/wie-sie-ihre-lagerflaeche-in-einem-wachsenden-e-commerce-umfeld-am-effektivsten-verwalten\/\">Wie Sie Ihre Lagerfl\u00e4che in einem wachsenden E-Commerce-Umfeld am effektivsten verwalten<\/a>\n\t\t\t\t\t  \n\t\t\t\t\t  \t\t\t\t\t\n\t\t\t\t\t    <a href=\"https:\/\/zam.webfactor.com\/de\/sind-sie-besorgt-ueber-die-steigenden-preise-fuer-holz-und-stahlverpackungen-wir-haben-eine-loesung-fuer-sie\/\">Sind Sie besorgt \u00fcber die steigenden Preise f\u00fcr Holz- und Stahlverpackungen? Wir haben eine L\u00f6sung f\u00fcr Sie!<\/a>\n\t\t\t\t\t  \n\t\t\t\t\t  \t\t\t\t\t\n\t\t\t\t\t    <a href=\"https:\/\/zam.webfactor.com\/de\/wat-maakt-eurobin-extended-family-tot-de-beste-logistieke-oplossing-voor-auto-industriele-en-militaire-onderdelen\/\">Was macht die EuroBin Extended Family zur besten Logistikl\u00f6sung f\u00fcr Automobil-, Industrie- und Milit\u00e4rteile?<\/a>\n\t\t\t\t\t  \n\t\t\t\t\t  \t\t\t\t\t\n\t\t\t\t\t    <a href=\"https:\/\/zam.webfactor.com\/de\/warum-ist-gruene-logistik-eine-profitable-marketingstrategie\/\">Warum ist Gr\u00fcne Logistik eine profitable Marketingstrategie?<\/a>\n\t\t\t\t\t  \n\t\t\t\t\t  \t\t\t\t\t\n\t\t\t\t\t    <a href=\"https:\/\/zam.webfactor.com\/de\/warum-ist-der-eurobin-1210-980-die-perfekte-transport-und-lagerungsloesung\/\">Warum ist der EuroBin 1210-980 die perfekte Transport- und Lagerungsl\u00f6sung?<\/a>\n\t\t\t\t\t  \n\t\t\t\t\t  \t\t\t\t\t\n\t\t\t\t\t    <a href=\"https:\/\/zam.webfactor.com\/de\/warum-bevorzugen-unternehmen-kunststoffpalettenboxen-gegenueber-anderen-typen\/\">Warum bevorzugen Unternehmen Kunststoffpalettenboxen gegen\u00fcber anderen Typen?<\/a>\n\t\t\t\t\t  \n\t\t\t\t\t  \t\t\t\t\t\n\t\t\t\t\t    <a href=\"https:\/\/zam.webfactor.com\/de\/warum-ist-uni-pak-von-dukaplast-der-universalkrieger-des-sleeve-pack-shipping-systems\/\">Warum ist UNI-PAK von Dukaplast der &#8222;Universalkrieger&#8220; des Sleeve Pack Shipping Systems?<\/a>\n\t\t\t\t\t  \n\t\t\t\t\t  \t\t\t\t\t\n\t\t\t\t\t    <a href=\"https:\/\/zam.webfactor.com\/de\/warum-sind-faltbare-palettenboxen-billiger-als-starre\/\">Warum sind faltbare Palettenboxen billiger als starre?<\/a>\n\t\t\t\t\t  \n\t\t\t\t\t  \t\t\t\t\t\n\t\t\t\t\t    <a href=\"https:\/\/zam.webfactor.com\/de\/wie-kann-die-reparatur-gebrauchter-kunststoffpalettenboxen-viel-geld-fuer-ihr-unternehmen-sparen\/\">Wie kann die Reparatur gebrauchter Kunststoffpalettenboxen viel Geld f\u00fcr Ihr Unternehmen sparen?<\/a>\n\t\t\t\t\t  \n\t\t\t\t\t  \t\t\t\t\t\n\t\t\t\t\t    <a href=\"https:\/\/zam.webfactor.com\/de\/begehbare-palettenboxen-schneller-und-sicherer-zum-beladen-und-entladen-von-palettenboxen\/\">Begehbare Palettenboxen: schneller und sicherer zum Beladen und Entladen von Palettenboxen<\/a>\n\t\t\t\t\t  \n\t\t\t\t\t  \t\t\t\t\t\n\t\t\t\t\t    <a href=\"https:\/\/zam.webfactor.com\/de\/mehrwegverpackungen-in-der-kautschukindustrie-2\/\">Mehrwegverpackungen in der Kautschukindustrie<\/a>\n\t\t\t\t\t  \n\t\t\t\t\t  \t\t\t\t\t\n\t\t\t\t\t    <a href=\"https:\/\/zam.webfactor.com\/de\/kuehlkettenverpackung-fuer-covid-19-impfstoff\/\">K\u00fchlkettenverpackung f\u00fcr Covid-19-Impfstoff<\/a>\n\t\t\t\t\t  \n\t\t\t\t\t  \t\t\t\t\t\n\t\t\t\t\t    <a href=\"https:\/\/zam.webfactor.com\/de\/wie-sie-mit-ihrer-logistik-verpackung-umgehen-wenn-die-nachfrage-ihrer-kunden-ueber-nacht-30-mal-steigt\/\">Wie Sie mit Ihrer Logistik-Verpackung umgehen, wenn die Nachfrage Ihrer Kunden \u00fcber Nacht 30-mal steigt.<\/a>\n\t\t\t\t\t  \n\t\t\t\t\t  \t\t\t<\/div>\n\t\t<\/div>\n\n\t<\/div><!-- \/.shell -->\n<\/section><!-- \/.site_map -->\n","protected":false},"excerpt":{"rendered":"","protected":false},"author":8,"featured_media":0,"parent":0,"menu_order":0,"comment_status":"closed","ping_status":"closed","template":"","meta":{"footnotes":""},"yst_prominent_words":[],"class_list":["post-111939","page","type-page","status-publish","hentry"],"_links":{"self":[{"href":"https:\/\/zam.webfactor.com\/de\/wp-json\/wp\/v2\/pages\/111939","targetHints":{"allow":["GET"]}}],"collection":[{"href":"https:\/\/zam.webfactor.com\/de\/wp-json\/wp\/v2\/pages"}],"about":[{"href":"https:\/\/zam.webfactor.com\/de\/wp-json\/wp\/v2\/types\/page"}],"author":[{"embeddable":true,"href":"https:\/\/zam.webfactor.com\/de\/wp-json\/wp\/v2\/users\/8"}],"replies":[{"embeddable":true,"href":"https:\/\/zam.webfactor.com\/de\/wp-json\/wp\/v2\/comments?post=111939"}],"version-history":[{"count":0,"href":"https:\/\/zam.webfactor.com\/de\/wp-json\/wp\/v2\/pages\/111939\/revisions"}],"wp:attachment":[{"href":"https:\/\/zam.webfactor.com\/de\/wp-json\/wp\/v2\/media?parent=111939"}],"wp:term":[{"taxonomy":"yst_prominent_words","embeddable":true,"href":"https:\/\/zam.webfactor.com\/de\/wp-json\/wp\/v2\/yst_prominent_words?post=111939"}],"curies":[{"name":"wp","href":"https:\/\/api.w.org\/{rel}","templated":true}]}}