{"id":111941,"date":"2023-03-23T13:49:14","date_gmt":"2023-03-23T10:49:14","guid":{"rendered":"https:\/\/zam.webfactor.com\/solutions-amp-services\/"},"modified":"2023-10-10T08:16:54","modified_gmt":"2023-10-10T05:16:54","slug":"loesungen-dienstleistungen","status":"publish","type":"page","link":"https:\/\/zam.webfactor.com\/de\/loesungen-dienstleistungen\/","title":{"rendered":"L\u00f6sungen &#038; Dienstleistungen"},"content":{"rendered":"<section class=\"solution_intro\">\n\t<div class=\"shell\">\n\t\t<h1 class=\"t3\">L\u00f6sungen &#038; Dienstleistungen<\/h1><!-- \/.t3 -->\n\t<\/div><!-- \/.shell -->\n\n\t<div class=\"in\">\n\t\t\n\t\t<picture>\n\t\t\t<source srcset=\"https:\/\/zam.webfactor.com\/wp-content\/uploads\/global-pooling-solutions-1000x594.jpg\" media=\"(min-width: 767px)\">\n\t\t\t<img class=\"bg\" src=\"https:\/\/zam.webfactor.com\/wp-content\/uploads\/global-pooling-solutions-605x297.jpg\" loading=\"lazy\" decoding=\"async\" alt=\"Some\" \/>\n\t\t<\/picture>\n\n\t\t<div class=\"shell\">\n\t\t\t<div class=\"hold\">\n\t\t\t\t\t<svg xmlns=\"http:\/\/www.w3.org\/2000\/svg\" class=\"i i-fav \">\n\t    <use xlink:href=\"https:\/\/zam.webfactor.com\/wp-content\/themes\/zamko\/images\/sprite.svg#fav\"><\/use>\n\t<\/svg>\n\t\n\t\t\t\t<div class=\"white\">\n\t\t\t\t\t<h2>Globale Pooling-Dienste<\/h2>\n<p>Viele Unternehmen f\u00fchren umfangreiche Logistikoperationen mit ihren Kunden und\/oder Lieferanten in Asien, Europa oder Nord- und S\u00fcdamerika durch.<\/p>\n<p>H\u00e4ufig wird in diesen Logistikoperationen Einwegverpackung verwendet. Selbst wenn es sich um die teurere Option handelt, kann der Wechsel zu wiederverwendbarer Verpackung schwierig sein, da daf\u00fcr ein neuer Betrieb eingerichtet und auch verwaltet werden muss. Dies ist nicht leicht zu bewerkstelligen und geh\u00f6rt auch nicht zum Kerngesch\u00e4ft.<\/p>\n<p>Warum also nicht diesen R\u00fcckgabeprozess auslagern und einfach den Gewinn aus der Verwendung von wiederverwendbarer Verpackung erzielen?<\/p>\n\n\t\t\t\t\t<a href=\"https:\/\/zam.webfactor.com\/de\/globale-pooling-dienste\/\" class=\"btn btn--green\">\n\t\t\t\t\t\t<span>Erfahren Sie mehr<\/span>\n\t\t\t\t\t<\/a>\n\t\t\t\t<\/div><!-- \/.white -->\n\t\t\t<\/div><!-- \/.hold -->\n\t\t<\/div><!-- \/.shell -->\n\t<\/div><!-- \/.in -->\n<\/section><!-- \/.solution_intro -->\n\n\n<section class=\"solution_intro_2\">\n\t<div class=\"shell\">\n\t\t<div class=\"l\">\n\t\t\t<h2>Kunststoff Reparatur Palettenboxen<\/h2>\n<p>Wir k\u00f6nnen Kunststoff-Palettenboxen aller Arten professionell reparieren. Bei Bedarf vor Ort in ganz Europa.<\/p>\n<p>Die Reparatur ist kaum sichtbar, und die Palettenbox ist nach der Reparatur sogar st\u00e4rker als zuvor. Oftmals ist die Reparatur eine sehr wirtschaftliche L\u00f6sung.<\/p>\n\n\t\t\t<a href=\"https:\/\/zam.webfactor.com\/de\/kunststoff-reparatur-palettenboxen\/\" class=\"btn btn--green\">\n\t\t\t\t<span>Erfahren Sie mehr<\/span>\n\t\t\t<\/a>\n\t\t<\/div><!-- \/.l -->\n\n\t\t<div class=\"r\">\n\t\t\t\t\t\t<img decoding=\"async\" src=\"https:\/\/zam.webfactor.com\/wp-content\/uploads\/plastic-pallet-boxes-2-602x552.png\" alt=\"Kunststoff Reparatur Palettenboxen\" \/>\n\t\t<\/div><!-- \/.r -->\n\t<\/div><!-- \/.shell -->\n<\/section><!-- \/.solution_intro_2 -->\n\n\n\n\n<section class=\"solution_industries\">\n\t<div class=\"shell\">\n\t\t<h2 class=\"t1\">Branchen<\/h2><!-- \/.t1 -->\n\n\t\t<p class=\"inf_t1\">Unser Hauptziel ist es, jedem Unternehmen zu helfen, eine optimale L\u00f6sung zu finden, die auf den individuellen Bed\u00fcrfnissen, Anforderungen und Minimierung der Transportkosten basiert. Unser Team ist darauf spezialisiert, die besten Optionen f\u00fcr verschiedene Branchen wie die Automobilindustrie, die chemische Industrie, das verarbeitende Gewerbe und andere zu bieten.<\/p>\n\n\t\t<div class=\"grid\">\n\t\t\t\t\t\t\n\t\t\t        <div>\n\t\t\t       \t\t<h2>Verpackungen f\u00fcr die Automobilindustrie<\/h2>\n\n\t\t\t       \t\t<p>ZAMKO ist ein Anbieter von industriellen Verpackungsl\u00f6sungen, der sich auf Verpackungen f\u00fcr die Automobilindustrie spezialisiert hat. Wir entwickeln ma\u00dfgeschneiderte Verpackungsl\u00f6sungen, um Unternehmen im Automobilsektor bei der Verpackung ihrer hochwertigen Teile und Komponenten zu unterst\u00fctzen. Von mechanischen Teilen bis hin zu zerbrechlichen Innenraumkomponenten &#8211; wir helfen Ihnen, alles sicher und wirtschaftlich zu versenden.<\/p>\n\n\t\t\t       \t\t<a href=\"https:\/\/zam.webfactor.com\/de\/automotive-verpackungen\/\">\t<svg xmlns=\"http:\/\/www.w3.org\/2000\/svg\" class=\"i i-arrow \">\n\t    <use xlink:href=\"https:\/\/zam.webfactor.com\/wp-content\/themes\/zamko\/images\/sprite.svg#arrow\"><\/use>\n\t<\/svg>\n\t Mehr erfahren<\/a>\n\t\t\t        <\/div>\n\t\t\t\n\t\t\t  \t\t\t\n\t\t\t        <div>\n\t\t\t       \t\t<h2>Exportverpackungen<\/h2>\n\n\t\t\t       \t\t<p>Exportverpackungen sind oft Verbrauchsg\u00fcter. Da sie nicht zur Quelle zur\u00fcckkehren, kaufen Sie sie immer wieder, und sie machen einen erheblichen Teil Ihrer Selbstkosten aus.\r\nEs gibt eine gro\u00dfe Auswahl an Exportverpackungen, z. B. einmalige Palettenboxen aus Wellpappe, Holz und auch aus Kunststoff.<\/p>\n\n\t\t\t       \t\t<a href=\"https:\/\/zam.webfactor.com\/de\/exportverpackung\/\">\t<svg xmlns=\"http:\/\/www.w3.org\/2000\/svg\" class=\"i i-arrow \">\n\t    <use xlink:href=\"https:\/\/zam.webfactor.com\/wp-content\/themes\/zamko\/images\/sprite.svg#arrow\"><\/use>\n\t<\/svg>\n\t Mehr erfahren<\/a>\n\t\t\t        <\/div>\n\t\t\t\n\t\t\t  \t\t\t\n\t\t\t        <div>\n\t\t\t       \t\t<h2>E-Schrott-Recycling<\/h2>\n\n\t\t\t       \t\t<p>Die MP Box wird derzeit f\u00fcr die Sammlung und Verarbeitung von Elektroschrott in einem gro\u00dfen Teil des europ\u00e4ischen Elektroschrott-Recyclingmarktes eingesetzt. Um die Effizienz des Materialhandlings zu verbessern, wurde diese Palettenbox neu gestaltet und an die E-Schrott-Lieferkette angepasst.<\/p>\n\n\t\t\t       \t\t<a href=\"https:\/\/zam.webfactor.com\/de\/elektroschrott-palettenboxen\/\">\t<svg xmlns=\"http:\/\/www.w3.org\/2000\/svg\" class=\"i i-arrow \">\n\t    <use xlink:href=\"https:\/\/zam.webfactor.com\/wp-content\/themes\/zamko\/images\/sprite.svg#arrow\"><\/use>\n\t<\/svg>\n\t Mehr erfahren<\/a>\n\t\t\t        <\/div>\n\t\t\t\n\t\t\t  \t\t\t\n\t\t\t        <div>\n\t\t\t       \t\t<h2>K\u00fchlketten-Verpackung<\/h2>\n\n\t\t\t       \t\t<p>&#8222;Cold Chain&#8220; oder K\u00fchlkette steht f\u00fcr eine temperaturkontrollierte Lieferkette. Einige Produkte m\u00fcssen unter einer streng kontrollierten K\u00fchltemperatur transportiert werden, um eine gleichbleibend hohe Produktqualit\u00e4t zu gew\u00e4hrleisten.\r\nWenn Sie die Temperatur w\u00e4hrend des Transports nicht kontrollieren oder nicht nachweisen k\u00f6nnen, dass Sie dies getan haben, k\u00f6nnen wertvolle Sendungen disqualifiziert werden und Sie m\u00fcssen mit besch\u00e4digten Waren und unzufriedenen Kunden rechnen.<\/p>\n\n\t\t\t       \t\t<a href=\"https:\/\/zam.webfactor.com\/de\/isolierverpackungen-fuer-die-kuehlkette\/\">\t<svg xmlns=\"http:\/\/www.w3.org\/2000\/svg\" class=\"i i-arrow \">\n\t    <use xlink:href=\"https:\/\/zam.webfactor.com\/wp-content\/themes\/zamko\/images\/sprite.svg#arrow\"><\/use>\n\t<\/svg>\n\t Mehr erfahren<\/a>\n\t\t\t        <\/div>\n\t\t\t\n\t\t\t  \t\t<\/div><!-- \/.grid -->\n\n\t\t<a href=\"https:\/\/zam.webfactor.com\/de\/branchen\/\" class=\"btn btn--blue\">\n\t\t\t<span>Eine Bewertung hinterlassen<\/span>\n\t\t<\/a>\n\t<\/div><!-- \/.shell -->\n<\/section><!-- \/.solution_industries -->\n\n\n<section class=\"solution_applications\">\n\t<div class=\"shell\">\n\t\t\n    <h2 class=\"t1\">Spezielle Anwendungen<\/h2><!-- \/.t1 -->\n\t\t<p class=\"inf_t1\">Unsere Vielzahl von Pooling-Optionen hilft uns, die besten L\u00f6sungen f\u00fcr jede Anforderung bereitzustellen. Wir bieten viele individuelle Sonderanwendungen mit einzigartigen Merkmalen, die bereit sind, die Erwartungen Ihrer Branche zu erf\u00fcllen, egal in welchem Bereich sie t\u00e4tig ist.<\/p><!-- \/.inf_t1 -->\n\n\t\t<div class=\"grid\">\n\t\t\t\t\t\t\n\t\t\t        <div>\n\t\t\t       \t\t<h3>Begehbare Palettenboxen<\/h3>\n\n\t\t\t       \t\t<a href=\"https:\/\/zam.webfactor.com\/de\/begehbare-palettenboxen\/\">\n\t\t\t       \t\t\t\t<svg xmlns=\"http:\/\/www.w3.org\/2000\/svg\" class=\"i i-arrow \">\n\t    <use xlink:href=\"https:\/\/zam.webfactor.com\/wp-content\/themes\/zamko\/images\/sprite.svg#arrow\"><\/use>\n\t<\/svg>\n\t Mehr erfahren\t\t\t       \t\t<\/a>\n\t\t\t        <\/div>\n\t\t\t\n\t\t\t  \t\t\t\n\t\t\t        <div>\n\t\t\t       \t\t<h3>Big-Bag Beh\u00e4lter<\/h3>\n\n\t\t\t       \t\t<a href=\"https:\/\/zam.webfactor.com\/de\/big-bag-behaelter\/\">\n\t\t\t       \t\t\t\t<svg xmlns=\"http:\/\/www.w3.org\/2000\/svg\" class=\"i i-arrow \">\n\t    <use xlink:href=\"https:\/\/zam.webfactor.com\/wp-content\/themes\/zamko\/images\/sprite.svg#arrow\"><\/use>\n\t<\/svg>\n\t Mehr erfahren\t\t\t       \t\t<\/a>\n\t\t\t        <\/div>\n\t\t\t\n\t\t\t  \t\t\t\n\t\t\t        <div>\n\t\t\t       \t\t<h3>Bulkbeh\u00e4ltern<\/h3>\n\n\t\t\t       \t\t<a href=\"https:\/\/zam.webfactor.com\/de\/bulkbehaelter\/\">\n\t\t\t       \t\t\t\t<svg xmlns=\"http:\/\/www.w3.org\/2000\/svg\" class=\"i i-arrow \">\n\t    <use xlink:href=\"https:\/\/zam.webfactor.com\/wp-content\/themes\/zamko\/images\/sprite.svg#arrow\"><\/use>\n\t<\/svg>\n\t Mehr erfahren\t\t\t       \t\t<\/a>\n\t\t\t        <\/div>\n\t\t\t\n\t\t\t  \t\t\t\n\t\t\t        <div>\n\t\t\t       \t\t<h3>Retail anzeige<\/h3>\n\n\t\t\t       \t\t<a href=\"https:\/\/zam.webfactor.com\/de\/retail-anzeige\/\">\n\t\t\t       \t\t\t\t<svg xmlns=\"http:\/\/www.w3.org\/2000\/svg\" class=\"i i-arrow \">\n\t    <use xlink:href=\"https:\/\/zam.webfactor.com\/wp-content\/themes\/zamko\/images\/sprite.svg#arrow\"><\/use>\n\t<\/svg>\n\t Mehr erfahren\t\t\t       \t\t<\/a>\n\t\t\t        <\/div>\n\t\t\t\n\t\t\t  \t\t\t\n\t\t\t        <div>\n\t\t\t       \t\t<h3>Langgutgestelle<\/h3>\n\n\t\t\t       \t\t<a href=\"https:\/\/zam.webfactor.com\/de\/langgutgestelle\/\">\n\t\t\t       \t\t\t\t<svg xmlns=\"http:\/\/www.w3.org\/2000\/svg\" class=\"i i-arrow \">\n\t    <use xlink:href=\"https:\/\/zam.webfactor.com\/wp-content\/themes\/zamko\/images\/sprite.svg#arrow\"><\/use>\n\t<\/svg>\n\t Mehr erfahren\t\t\t       \t\t<\/a>\n\t\t\t        <\/div>\n\t\t\t\n\t\t\t  \n\t\t\t<div>\n\t\t\t\t\t\t\t\t\t<a href=\"https:\/\/zam.webfactor.com\/de\/spezielle-anwendungen\/\" class=\"btn btn--blue\">\n\t\t\t\t\t\t<span>Lesen Sie weiter<\/span>\n\t\t\t\t\t<\/a>\n\t\t\t\t\t\t\t<\/div>\n\t\t<\/div><!-- \/.grid -->\n\t<\/div><!-- \/.shell -->\n<\/section><!-- \/.solution_applications -->\n","protected":false},"excerpt":{"rendered":"","protected":false},"author":8,"featured_media":122565,"parent":0,"menu_order":0,"comment_status":"closed","ping_status":"closed","template":"","meta":{"footnotes":""},"yst_prominent_words":[],"class_list":["post-111941","page","type-page","status-publish","has-post-thumbnail","hentry"],"_links":{"self":[{"href":"https:\/\/zam.webfactor.com\/de\/wp-json\/wp\/v2\/pages\/111941","targetHints":{"allow":["GET"]}}],"collection":[{"href":"https:\/\/zam.webfactor.com\/de\/wp-json\/wp\/v2\/pages"}],"about":[{"href":"https:\/\/zam.webfactor.com\/de\/wp-json\/wp\/v2\/types\/page"}],"author":[{"embeddable":true,"href":"https:\/\/zam.webfactor.com\/de\/wp-json\/wp\/v2\/users\/8"}],"replies":[{"embeddable":true,"href":"https:\/\/zam.webfactor.com\/de\/wp-json\/wp\/v2\/comments?post=111941"}],"version-history":[{"count":0,"href":"https:\/\/zam.webfactor.com\/de\/wp-json\/wp\/v2\/pages\/111941\/revisions"}],"wp:featuredmedia":[{"embeddable":true,"href":"https:\/\/zam.webfactor.com\/de\/wp-json\/wp\/v2\/media\/122565"}],"wp:attachment":[{"href":"https:\/\/zam.webfactor.com\/de\/wp-json\/wp\/v2\/media?parent=111941"}],"wp:term":[{"taxonomy":"yst_prominent_words","embeddable":true,"href":"https:\/\/zam.webfactor.com\/de\/wp-json\/wp\/v2\/yst_prominent_words?post=111941"}],"curies":[{"name":"wp","href":"https:\/\/api.w.org\/{rel}","templated":true}]}}