{"id":122282,"date":"2023-10-02T14:41:58","date_gmt":"2023-10-02T11:41:58","guid":{"rendered":"https:\/\/zam.webfactor.com\/p\/unkategorisiert\/palettenbox-4-aufsatzrahmen-einschl-1-klappe-sperrholz-im-inneren\/"},"modified":"2026-04-27T00:15:34","modified_gmt":"2026-04-26T21:15:34","slug":"palettenbox-4-aufsatzrahmen-einschl-1-klappe-sperrholz-im-inneren","status":"publish","type":"product","link":"https:\/\/zam.webfactor.com\/de\/p\/wooden\/palettenbox-4-aufsatzrahmen-einschl-1-klappe-sperrholz-im-inneren\/","title":{"rendered":"Palettenbox -4 Aufsatzrahmen einschl. 1 Klappe. Sperrholz im Inneren"},"content":{"rendered":"<p>Vier W\u00e4nde einschl. 1 Klappe auf der lange Seite, jeder Wand am Innenseite geschlossen mit Sperrholz. F\u00fcr die R\u00fcckhollogistik: 16 St\u00fcck pro Palettenstellpl\u00e4tze. Lagerung: 40 St\u00fcck pro Palettenstellpl\u00e4tze<\/p>\n<p>Schicken Sie uns bitte ein Email an sales@zam.webfactor.com f\u00fcr unsere Broch\u00fcre (Pdf) mit den kompletten Sortiment MP Boxen. Einschlieslich auch die technischer Spezifikationen und Photos.<\/p>\n<p>Diese MP Box ist eine faltbare Flexibele Verpackung mit Paletten Aufsatzrahmen , zuverl\u00e4ssig und fest gebaut, die aus einer 1200x1000mm Palette und vier abnehmbarer geschlossene Palettenrahmen besteht. Hat ein Klappe an eine Langseite. Die vier Palettenrahmen sind kr\u00e4ftig mit Zentrierbolzen zusammengebaut und an der Palette durch vier Bankhaken befestigt.<\/p>\n<p>Die W\u00e4nde k\u00f6nnen leicht von eine einzige Person mit wenigen Handgriffen montiert und detachiert werden.<\/p>\n<p>Die detachierte W\u00e4nde von 7 Palettenboxen k\u00f6nnen in eine einzige MP Multibox gelagert werden, und somit wird das leere Volumen um 88% reduziert.<\/p>\n<p>Angenehm\u00a0mit\u00a0R\u00fccksendungen\u00a0und bequem\u00a0in\u00a0Ihrem Lager, da die Palletenboxen\u00a0Leer wenig Platz\u00a0nehmen.<\/p>\n<p>&nbsp;<\/p>\n","protected":false},"excerpt":{"rendered":"<p>Vier W\u00e4nde einschl. 1 Klappe auf der lange Seite, jeder Wand am Innenseite geschlossen mit Sperrholz. F\u00fcr die R\u00fcckhollogistik: 16 St\u00fcck pro Palettenstellpl\u00e4tze. Lagerung: 40 St\u00fcck pro Palettenstellpl\u00e4tze Schicken Sie uns bitte ein Email an sales@zam.webfactor.com f\u00fcr unsere Broch\u00fcre (Pdf) mit den kompletten Sortiment MP Boxen. Einschlieslich auch die technischer Spezifikationen und Photos. Diese MP [&hellip;]<\/p>\n","protected":false},"featured_media":117075,"comment_status":"closed","ping_status":"open","template":"","meta":[],"product_cat":[7151],"product_tag":[],"ground_size":[8082],"external_dimension":[8116],"height_in_filter":[8202],"ground_size_filter":[8208],"rental_option":[],"interior_dimensions":[8284],"interior_volume":[],"height_when_folded":[8420],"wall_thickness":[8444],"load_capacity_static":[8472],"load_capacity_dynamisch":[8510],"stacking":[8527],"condition":[8035],"folding_window":[8606],"mouse_tight":[8036],"lid":[8610],"inside_height":[8545],"weight_in_ex_pallet":[8043],"wall_type":[8038],"product_consists":[8045],"tag_1":[8040],"un_certified":[8041],"yst_prominent_words":[],"class_list":["post-122282","product","type-product","status-publish","has-post-thumbnail","hentry","product_cat-wooden","condition-neu"],"_links":{"self":[{"href":"https:\/\/zam.webfactor.com\/de\/wp-json\/wp\/v2\/product\/122282","targetHints":{"allow":["GET"]}}],"collection":[{"href":"https:\/\/zam.webfactor.com\/de\/wp-json\/wp\/v2\/product"}],"about":[{"href":"https:\/\/zam.webfactor.com\/de\/wp-json\/wp\/v2\/types\/product"}],"replies":[{"embeddable":true,"href":"https:\/\/zam.webfactor.com\/de\/wp-json\/wp\/v2\/comments?post=122282"}],"wp:featuredmedia":[{"embeddable":true,"href":"https:\/\/zam.webfactor.com\/de\/wp-json\/wp\/v2\/media\/117075"}],"wp:attachment":[{"href":"https:\/\/zam.webfactor.com\/de\/wp-json\/wp\/v2\/media?parent=122282"}],"wp:term":[{"taxonomy":"product_cat","embeddable":true,"href":"https:\/\/zam.webfactor.com\/de\/wp-json\/wp\/v2\/product_cat?post=122282"},{"taxonomy":"product_tag","embeddable":true,"href":"https:\/\/zam.webfactor.com\/de\/wp-json\/wp\/v2\/product_tag?post=122282"},{"taxonomy":"ground_size","embeddable":true,"href":"https:\/\/zam.webfactor.com\/de\/wp-json\/wp\/v2\/ground_size?post=122282"},{"taxonomy":"external_dimension","embeddable":true,"href":"https:\/\/zam.webfactor.com\/de\/wp-json\/wp\/v2\/external_dimension?post=122282"},{"taxonomy":"height_in_filter","embeddable":true,"href":"https:\/\/zam.webfactor.com\/de\/wp-json\/wp\/v2\/height_in_filter?post=122282"},{"taxonomy":"ground_size_filter","embeddable":true,"href":"https:\/\/zam.webfactor.com\/de\/wp-json\/wp\/v2\/ground_size_filter?post=122282"},{"taxonomy":"rental_option","embeddable":true,"href":"https:\/\/zam.webfactor.com\/de\/wp-json\/wp\/v2\/rental_option?post=122282"},{"taxonomy":"interior_dimensions","embeddable":true,"href":"https:\/\/zam.webfactor.com\/de\/wp-json\/wp\/v2\/interior_dimensions?post=122282"},{"taxonomy":"interior_volume","embeddable":true,"href":"https:\/\/zam.webfactor.com\/de\/wp-json\/wp\/v2\/interior_volume?post=122282"},{"taxonomy":"height_when_folded","embeddable":true,"href":"https:\/\/zam.webfactor.com\/de\/wp-json\/wp\/v2\/height_when_folded?post=122282"},{"taxonomy":"wall_thickness","embeddable":true,"href":"https:\/\/zam.webfactor.com\/de\/wp-json\/wp\/v2\/wall_thickness?post=122282"},{"taxonomy":"load_capacity_static","embeddable":true,"href":"https:\/\/zam.webfactor.com\/de\/wp-json\/wp\/v2\/load_capacity_static?post=122282"},{"taxonomy":"load_capacity_dynamisch","embeddable":true,"href":"https:\/\/zam.webfactor.com\/de\/wp-json\/wp\/v2\/load_capacity_dynamisch?post=122282"},{"taxonomy":"stacking","embeddable":true,"href":"https:\/\/zam.webfactor.com\/de\/wp-json\/wp\/v2\/stacking?post=122282"},{"taxonomy":"condition","embeddable":true,"href":"https:\/\/zam.webfactor.com\/de\/wp-json\/wp\/v2\/condition?post=122282"},{"taxonomy":"folding_window","embeddable":true,"href":"https:\/\/zam.webfactor.com\/de\/wp-json\/wp\/v2\/folding_window?post=122282"},{"taxonomy":"mouse_tight","embeddable":true,"href":"https:\/\/zam.webfactor.com\/de\/wp-json\/wp\/v2\/mouse_tight?post=122282"},{"taxonomy":"lid","embeddable":true,"href":"https:\/\/zam.webfactor.com\/de\/wp-json\/wp\/v2\/lid?post=122282"},{"taxonomy":"inside_height","embeddable":true,"href":"https:\/\/zam.webfactor.com\/de\/wp-json\/wp\/v2\/inside_height?post=122282"},{"taxonomy":"weight_in_ex_pallet","embeddable":true,"href":"https:\/\/zam.webfactor.com\/de\/wp-json\/wp\/v2\/weight_in_ex_pallet?post=122282"},{"taxonomy":"wall_type","embeddable":true,"href":"https:\/\/zam.webfactor.com\/de\/wp-json\/wp\/v2\/wall_type?post=122282"},{"taxonomy":"product_consists","embeddable":true,"href":"https:\/\/zam.webfactor.com\/de\/wp-json\/wp\/v2\/product_consists?post=122282"},{"taxonomy":"tag_1","embeddable":true,"href":"https:\/\/zam.webfactor.com\/de\/wp-json\/wp\/v2\/tag_1?post=122282"},{"taxonomy":"un_certified","embeddable":true,"href":"https:\/\/zam.webfactor.com\/de\/wp-json\/wp\/v2\/un_certified?post=122282"},{"taxonomy":"yst_prominent_words","embeddable":true,"href":"https:\/\/zam.webfactor.com\/de\/wp-json\/wp\/v2\/yst_prominent_words?post=122282"}],"curies":[{"name":"wp","href":"https:\/\/api.w.org\/{rel}","templated":true}]}}