{"id":122284,"date":"2023-10-02T14:42:46","date_gmt":"2023-10-02T11:42:46","guid":{"rendered":"https:\/\/zam.webfactor.com\/p\/unkategorisiert\/palettenbox-4-aufsatzrahmen-einschl-vorbereitung-fuer-klappe\/"},"modified":"2026-04-26T12:11:08","modified_gmt":"2026-04-26T09:11:08","slug":"palettenbox-4-aufsatzrahmen-einschl-vorbereitung-fuer-klappe","status":"publish","type":"product","link":"https:\/\/zam.webfactor.com\/de\/p\/wooden\/palettenbox-4-aufsatzrahmen-einschl-vorbereitung-fuer-klappe\/","title":{"rendered":"Palettenbox -4 Aufsatzrahmen, einschl. Vorbereitung f\u00fcr Klappe"},"content":{"rendered":"<p>Die W\u00e4nde haben ein Vorbereitung f\u00fcr die Verwendung von eine Klappe. Deshalb austauschbar mit MPboxen mit Klappe.\u00a0<\/p>\n<p>Schicken Sie uns bitte ein Email an sales@zam.webfactor.com f\u00fcr unsere Broch\u00fcre (Pdf) mit den kompletten Sortiment MP Boxen. Einschlieslich auch die technischer Spezifikationen und Photos.<\/p>\n<p>Diese MP Box ist eine klappbare Transport-Behalter mit Paletten Aufsatzrahmen, zuverl\u00e4ssig und fest gebaut, die aus einer 1200x1000mm Palette und vier abnehmbarer Palettenrahmen besteht.Vorbereitung f\u00fcr anwendung vond Klappe an der Langseite. Die vier Palettenrahmen sind kr\u00e4ftig mit Zentrierbolzen zusammengebaut und an der Palette durch vier Bankhaken befestigt.<\/p>\n<p>Die W\u00e4nde k\u00f6nnen leicht von eine einzige Person mit wenigen Handgriffen montiert und detachiert werden.<\/p>\n<p>&nbsp;<\/p>\n<p>Die detachierte W\u00e4nde von 7 Palettenboxen k\u00f6nnen in eine einzige MP Multibox gelagert werden, und somit wird das leere Volumen um 88% reduziert.<\/p>\n<p>Angenehm\u00a0mit\u00a0R\u00fccksendungen\u00a0und bequem\u00a0in\u00a0Ihrem Lager, da die Palletenboxen\u00a0Leer wenig Platz\u00a0nehmen.<\/p>\n","protected":false},"excerpt":{"rendered":"<p>Die W\u00e4nde haben ein Vorbereitung f\u00fcr die Verwendung von eine Klappe. Deshalb austauschbar mit MPboxen mit Klappe.\u00a0 Schicken Sie uns bitte ein Email an sales@zam.webfactor.com f\u00fcr unsere Broch\u00fcre (Pdf) mit den kompletten Sortiment MP Boxen. Einschlieslich auch die technischer Spezifikationen und Photos. Diese MP Box ist eine klappbare Transport-Behalter mit Paletten Aufsatzrahmen, zuverl\u00e4ssig und fest [&hellip;]<\/p>\n","protected":false},"featured_media":117141,"comment_status":"closed","ping_status":"open","template":"","meta":[],"product_cat":[7151],"product_tag":[],"ground_size":[8082],"external_dimension":[8116],"height_in_filter":[8202],"ground_size_filter":[8208],"rental_option":[],"interior_dimensions":[8284],"interior_volume":[],"height_when_folded":[8420],"wall_thickness":[8444],"load_capacity_static":[8472],"load_capacity_dynamisch":[8510],"stacking":[8527],"condition":[8035],"folding_window":[8042],"mouse_tight":[8036],"lid":[8610],"inside_height":[8545],"weight_in_ex_pallet":[8043],"wall_type":[8044],"product_consists":[8045],"tag_1":[8040],"un_certified":[8041],"yst_prominent_words":[],"class_list":["post-122284","product","type-product","status-publish","has-post-thumbnail","hentry","product_cat-wooden","condition-neu"],"_links":{"self":[{"href":"https:\/\/zam.webfactor.com\/de\/wp-json\/wp\/v2\/product\/122284","targetHints":{"allow":["GET"]}}],"collection":[{"href":"https:\/\/zam.webfactor.com\/de\/wp-json\/wp\/v2\/product"}],"about":[{"href":"https:\/\/zam.webfactor.com\/de\/wp-json\/wp\/v2\/types\/product"}],"replies":[{"embeddable":true,"href":"https:\/\/zam.webfactor.com\/de\/wp-json\/wp\/v2\/comments?post=122284"}],"wp:featuredmedia":[{"embeddable":true,"href":"https:\/\/zam.webfactor.com\/de\/wp-json\/wp\/v2\/media\/117141"}],"wp:attachment":[{"href":"https:\/\/zam.webfactor.com\/de\/wp-json\/wp\/v2\/media?parent=122284"}],"wp:term":[{"taxonomy":"product_cat","embeddable":true,"href":"https:\/\/zam.webfactor.com\/de\/wp-json\/wp\/v2\/product_cat?post=122284"},{"taxonomy":"product_tag","embeddable":true,"href":"https:\/\/zam.webfactor.com\/de\/wp-json\/wp\/v2\/product_tag?post=122284"},{"taxonomy":"ground_size","embeddable":true,"href":"https:\/\/zam.webfactor.com\/de\/wp-json\/wp\/v2\/ground_size?post=122284"},{"taxonomy":"external_dimension","embeddable":true,"href":"https:\/\/zam.webfactor.com\/de\/wp-json\/wp\/v2\/external_dimension?post=122284"},{"taxonomy":"height_in_filter","embeddable":true,"href":"https:\/\/zam.webfactor.com\/de\/wp-json\/wp\/v2\/height_in_filter?post=122284"},{"taxonomy":"ground_size_filter","embeddable":true,"href":"https:\/\/zam.webfactor.com\/de\/wp-json\/wp\/v2\/ground_size_filter?post=122284"},{"taxonomy":"rental_option","embeddable":true,"href":"https:\/\/zam.webfactor.com\/de\/wp-json\/wp\/v2\/rental_option?post=122284"},{"taxonomy":"interior_dimensions","embeddable":true,"href":"https:\/\/zam.webfactor.com\/de\/wp-json\/wp\/v2\/interior_dimensions?post=122284"},{"taxonomy":"interior_volume","embeddable":true,"href":"https:\/\/zam.webfactor.com\/de\/wp-json\/wp\/v2\/interior_volume?post=122284"},{"taxonomy":"height_when_folded","embeddable":true,"href":"https:\/\/zam.webfactor.com\/de\/wp-json\/wp\/v2\/height_when_folded?post=122284"},{"taxonomy":"wall_thickness","embeddable":true,"href":"https:\/\/zam.webfactor.com\/de\/wp-json\/wp\/v2\/wall_thickness?post=122284"},{"taxonomy":"load_capacity_static","embeddable":true,"href":"https:\/\/zam.webfactor.com\/de\/wp-json\/wp\/v2\/load_capacity_static?post=122284"},{"taxonomy":"load_capacity_dynamisch","embeddable":true,"href":"https:\/\/zam.webfactor.com\/de\/wp-json\/wp\/v2\/load_capacity_dynamisch?post=122284"},{"taxonomy":"stacking","embeddable":true,"href":"https:\/\/zam.webfactor.com\/de\/wp-json\/wp\/v2\/stacking?post=122284"},{"taxonomy":"condition","embeddable":true,"href":"https:\/\/zam.webfactor.com\/de\/wp-json\/wp\/v2\/condition?post=122284"},{"taxonomy":"folding_window","embeddable":true,"href":"https:\/\/zam.webfactor.com\/de\/wp-json\/wp\/v2\/folding_window?post=122284"},{"taxonomy":"mouse_tight","embeddable":true,"href":"https:\/\/zam.webfactor.com\/de\/wp-json\/wp\/v2\/mouse_tight?post=122284"},{"taxonomy":"lid","embeddable":true,"href":"https:\/\/zam.webfactor.com\/de\/wp-json\/wp\/v2\/lid?post=122284"},{"taxonomy":"inside_height","embeddable":true,"href":"https:\/\/zam.webfactor.com\/de\/wp-json\/wp\/v2\/inside_height?post=122284"},{"taxonomy":"weight_in_ex_pallet","embeddable":true,"href":"https:\/\/zam.webfactor.com\/de\/wp-json\/wp\/v2\/weight_in_ex_pallet?post=122284"},{"taxonomy":"wall_type","embeddable":true,"href":"https:\/\/zam.webfactor.com\/de\/wp-json\/wp\/v2\/wall_type?post=122284"},{"taxonomy":"product_consists","embeddable":true,"href":"https:\/\/zam.webfactor.com\/de\/wp-json\/wp\/v2\/product_consists?post=122284"},{"taxonomy":"tag_1","embeddable":true,"href":"https:\/\/zam.webfactor.com\/de\/wp-json\/wp\/v2\/tag_1?post=122284"},{"taxonomy":"un_certified","embeddable":true,"href":"https:\/\/zam.webfactor.com\/de\/wp-json\/wp\/v2\/un_certified?post=122284"},{"taxonomy":"yst_prominent_words","embeddable":true,"href":"https:\/\/zam.webfactor.com\/de\/wp-json\/wp\/v2\/yst_prominent_words?post=122284"}],"curies":[{"name":"wp","href":"https:\/\/api.w.org\/{rel}","templated":true}]}}