{"id":122300,"date":"2023-10-02T14:42:46","date_gmt":"2023-10-02T11:42:46","guid":{"rendered":"https:\/\/zam.webfactor.com\/p\/unkategorisiert\/palettenbox-4-aufsatzrahmen-hoehe-700mm\/"},"modified":"2026-04-26T12:11:14","modified_gmt":"2026-04-26T09:11:14","slug":"palettenbox-4-aufsatzrahmen-hoehe-700mm","status":"publish","type":"product","link":"https:\/\/zam.webfactor.com\/de\/p\/wooden\/palettenbox-4-aufsatzrahmen-hoehe-700mm\/","title":{"rendered":"Palettenbox -4 Aufsatzrahmen (h\u00f6he 700mm)"},"content":{"rendered":"<p>Die meistverkaufte MPbox in Europaletten-Gr\u00f6\u00dfe 800x1200mm. F\u00fcr die R\u00fcckhollogistik: 14 St\u00fcck pro Palettenstellpl\u00e4tze. Lagerung: 35 St\u00fcck pro Palettenstellpl\u00e4tze\u00a0<\/p>\n<p>Schicken Sie uns bitte ein Email an sales@zam.webfactor.com f\u00fcr unsere Broch\u00fcre (Pdf) mit den kompletten Sortiment MP Boxen. Einschlieslich auch die technischer Spezifikationen und Photos.<\/p>\n<p><strong>Niedrige Betriebskosten<\/strong>:<\/p>\n<p>mit ein Lebensdauer von 15  Jahre und 500  logistischen Bewegungen.<\/p>\n<p><strong>Einsparung von Lagerfl\u00e4che:<\/strong><\/p>\n<p>F\u00fcr die R\u00fcckhollogistik: 14\u00a0St\u00fcck leer pro Palettenstellpl\u00e4tze. Lagerung:\u00a035 St\u00fcck leere Transportkisten \u00a0pro Palettenstellpl\u00e4tze<\/p>\n<p>Mit einer Leer-Volumen von nur 14% von voller Volumen.<\/p>\n<p><strong>Einsparung von Transport:<\/strong><\/p>\n<p>mit bis zu 64 Voll- und 448 leren Boxen pro LKW-Ladung.<\/p>\n<p>Diese MP Box ist eine faltbare Holzkiste mit Paletten Aufsatzrahmen, zuverl\u00e4ssig und fest gebaut, die aus einer 1200x1000mm Palette und vier abnehmbarer Palettenrahmen besteht. Die vier Palettenrahmen sind kr\u00e4ftig mit Zentrierbolzen zusammengebaut und durch vier Bankhaken an der Palette befestigt.<\/p>\n","protected":false},"excerpt":{"rendered":"<p>Die meistverkaufte MPbox in Europaletten-Gr\u00f6\u00dfe 800x1200mm. F\u00fcr die R\u00fcckhollogistik: 14 St\u00fcck pro Palettenstellpl\u00e4tze. Lagerung: 35 St\u00fcck pro Palettenstellpl\u00e4tze\u00a0 Schicken Sie uns bitte ein Email an sales@zam.webfactor.com f\u00fcr unsere Broch\u00fcre (Pdf) mit den kompletten Sortiment MP Boxen. Einschlieslich auch die technischer Spezifikationen und Photos. Niedrige Betriebskosten: mit ein Lebensdauer von 15 Jahre und 500 logistischen Bewegungen. [&hellip;]<\/p>\n","protected":false},"featured_media":117672,"comment_status":"closed","ping_status":"open","template":"","meta":[],"product_cat":[7151],"product_tag":[],"ground_size":[7796],"external_dimension":[8136],"height_in_filter":[8202],"ground_size_filter":[8206],"rental_option":[],"interior_dimensions":[8246],"interior_volume":[8376],"height_when_folded":[8420],"wall_thickness":[8444],"load_capacity_static":[8472],"load_capacity_dynamisch":[8510],"stacking":[8527],"condition":[8035],"folding_window":[8042],"mouse_tight":[8036],"lid":[8610],"inside_height":[8539],"weight_in_ex_pallet":[8043],"wall_type":[8044],"product_consists":[8045],"tag_1":[8040],"un_certified":[8041],"yst_prominent_words":[],"class_list":["post-122300","product","type-product","status-publish","has-post-thumbnail","hentry","product_cat-wooden","condition-neu"],"_links":{"self":[{"href":"https:\/\/zam.webfactor.com\/de\/wp-json\/wp\/v2\/product\/122300","targetHints":{"allow":["GET"]}}],"collection":[{"href":"https:\/\/zam.webfactor.com\/de\/wp-json\/wp\/v2\/product"}],"about":[{"href":"https:\/\/zam.webfactor.com\/de\/wp-json\/wp\/v2\/types\/product"}],"replies":[{"embeddable":true,"href":"https:\/\/zam.webfactor.com\/de\/wp-json\/wp\/v2\/comments?post=122300"}],"wp:featuredmedia":[{"embeddable":true,"href":"https:\/\/zam.webfactor.com\/de\/wp-json\/wp\/v2\/media\/117672"}],"wp:attachment":[{"href":"https:\/\/zam.webfactor.com\/de\/wp-json\/wp\/v2\/media?parent=122300"}],"wp:term":[{"taxonomy":"product_cat","embeddable":true,"href":"https:\/\/zam.webfactor.com\/de\/wp-json\/wp\/v2\/product_cat?post=122300"},{"taxonomy":"product_tag","embeddable":true,"href":"https:\/\/zam.webfactor.com\/de\/wp-json\/wp\/v2\/product_tag?post=122300"},{"taxonomy":"ground_size","embeddable":true,"href":"https:\/\/zam.webfactor.com\/de\/wp-json\/wp\/v2\/ground_size?post=122300"},{"taxonomy":"external_dimension","embeddable":true,"href":"https:\/\/zam.webfactor.com\/de\/wp-json\/wp\/v2\/external_dimension?post=122300"},{"taxonomy":"height_in_filter","embeddable":true,"href":"https:\/\/zam.webfactor.com\/de\/wp-json\/wp\/v2\/height_in_filter?post=122300"},{"taxonomy":"ground_size_filter","embeddable":true,"href":"https:\/\/zam.webfactor.com\/de\/wp-json\/wp\/v2\/ground_size_filter?post=122300"},{"taxonomy":"rental_option","embeddable":true,"href":"https:\/\/zam.webfactor.com\/de\/wp-json\/wp\/v2\/rental_option?post=122300"},{"taxonomy":"interior_dimensions","embeddable":true,"href":"https:\/\/zam.webfactor.com\/de\/wp-json\/wp\/v2\/interior_dimensions?post=122300"},{"taxonomy":"interior_volume","embeddable":true,"href":"https:\/\/zam.webfactor.com\/de\/wp-json\/wp\/v2\/interior_volume?post=122300"},{"taxonomy":"height_when_folded","embeddable":true,"href":"https:\/\/zam.webfactor.com\/de\/wp-json\/wp\/v2\/height_when_folded?post=122300"},{"taxonomy":"wall_thickness","embeddable":true,"href":"https:\/\/zam.webfactor.com\/de\/wp-json\/wp\/v2\/wall_thickness?post=122300"},{"taxonomy":"load_capacity_static","embeddable":true,"href":"https:\/\/zam.webfactor.com\/de\/wp-json\/wp\/v2\/load_capacity_static?post=122300"},{"taxonomy":"load_capacity_dynamisch","embeddable":true,"href":"https:\/\/zam.webfactor.com\/de\/wp-json\/wp\/v2\/load_capacity_dynamisch?post=122300"},{"taxonomy":"stacking","embeddable":true,"href":"https:\/\/zam.webfactor.com\/de\/wp-json\/wp\/v2\/stacking?post=122300"},{"taxonomy":"condition","embeddable":true,"href":"https:\/\/zam.webfactor.com\/de\/wp-json\/wp\/v2\/condition?post=122300"},{"taxonomy":"folding_window","embeddable":true,"href":"https:\/\/zam.webfactor.com\/de\/wp-json\/wp\/v2\/folding_window?post=122300"},{"taxonomy":"mouse_tight","embeddable":true,"href":"https:\/\/zam.webfactor.com\/de\/wp-json\/wp\/v2\/mouse_tight?post=122300"},{"taxonomy":"lid","embeddable":true,"href":"https:\/\/zam.webfactor.com\/de\/wp-json\/wp\/v2\/lid?post=122300"},{"taxonomy":"inside_height","embeddable":true,"href":"https:\/\/zam.webfactor.com\/de\/wp-json\/wp\/v2\/inside_height?post=122300"},{"taxonomy":"weight_in_ex_pallet","embeddable":true,"href":"https:\/\/zam.webfactor.com\/de\/wp-json\/wp\/v2\/weight_in_ex_pallet?post=122300"},{"taxonomy":"wall_type","embeddable":true,"href":"https:\/\/zam.webfactor.com\/de\/wp-json\/wp\/v2\/wall_type?post=122300"},{"taxonomy":"product_consists","embeddable":true,"href":"https:\/\/zam.webfactor.com\/de\/wp-json\/wp\/v2\/product_consists?post=122300"},{"taxonomy":"tag_1","embeddable":true,"href":"https:\/\/zam.webfactor.com\/de\/wp-json\/wp\/v2\/tag_1?post=122300"},{"taxonomy":"un_certified","embeddable":true,"href":"https:\/\/zam.webfactor.com\/de\/wp-json\/wp\/v2\/un_certified?post=122300"},{"taxonomy":"yst_prominent_words","embeddable":true,"href":"https:\/\/zam.webfactor.com\/de\/wp-json\/wp\/v2\/yst_prominent_words?post=122300"}],"curies":[{"name":"wp","href":"https:\/\/api.w.org\/{rel}","templated":true}]}}