{"id":122303,"date":"2023-10-02T14:43:26","date_gmt":"2023-10-02T11:43:26","guid":{"rendered":"https:\/\/zam.webfactor.com\/p\/unkategorisiert\/palettenbox-4-aufsatzrahmen-mit-sperrholz-im-inneren\/"},"modified":"2026-05-01T21:38:54","modified_gmt":"2026-05-01T18:38:54","slug":"palettenbox-4-aufsatzrahmen-mit-sperrholz-im-inneren","status":"publish","type":"product","link":"https:\/\/zam.webfactor.com\/de\/p\/holz\/palettenbox-4-aufsatzrahmen-mit-sperrholz-im-inneren\/","title":{"rendered":"Palettenbox -4 Aufsatzrahmen mit Sperrholz im Inneren"},"content":{"rendered":"<p>Die Standard-MPbox jetzt mit Sperrholz auf jeder Wand.\u00a0F\u00fcr die R\u00fcckhollogistik: 16 Kartons pro Paletten-<\/p>\n<p>Schicken Sie uns bitte ein Email an sales@zam.webfactor.com f\u00fcr unsere Broch\u00fcre (Pdf) mit den kompletten Sortiment MP Boxen. Einschlieslich auch die technischer Spezifikationen und Photos.<\/p>\n<p>This MP Box is a collapsible\/foldable pallet cage of reliable and solid construction which consists of four detachable closed walls fixed to a Europallet. The inside is closed with plywood . The four\u00a0 walls are put together sturdily with centering pins and are fastened to the pallet with four bench hooks.<\/p>\n<p>The walls can be assembled and detached by one person with only a few movements. The detached walls of 6 boxes can be stored in only one MP Multibox, thus reducing the empty volume by 85%.<\/p>\n<p>Pleasant with return\u00a0shipments and\u00a0convenient\u00a0in your warehouse as they\u00a0take little space when empty.<\/p>\n","protected":false},"excerpt":{"rendered":"<p>Die Standard-MPbox jetzt mit Sperrholz auf jeder Wand.\u00a0F\u00fcr die R\u00fcckhollogistik: 16 Kartons pro Paletten- Schicken Sie uns bitte ein Email an sales@zam.webfactor.com f\u00fcr unsere Broch\u00fcre (Pdf) mit den kompletten Sortiment MP Boxen. Einschlieslich auch die technischer Spezifikationen und Photos. This MP Box is a collapsible\/foldable pallet cage of reliable and solid construction which consists of [&hellip;]<\/p>\n","protected":false},"featured_media":0,"comment_status":"closed","ping_status":"open","template":"","meta":[],"product_cat":[7774],"product_tag":[],"ground_size":[7796],"external_dimension":[8136],"height_in_filter":[8202],"ground_size_filter":[8206],"rental_option":[],"interior_dimensions":[8246],"interior_volume":[8376],"height_when_folded":[8420],"wall_thickness":[8444],"load_capacity_static":[8472],"load_capacity_dynamisch":[8510],"stacking":[8527],"condition":[8035],"folding_window":[8042],"mouse_tight":[8036],"lid":[8610],"inside_height":[8539],"weight_in_ex_pallet":[8043],"wall_type":[8038],"product_consists":[8045],"tag_1":[8040],"un_certified":[8041],"yst_prominent_words":[],"class_list":["post-122303","product","type-product","status-publish","hentry","product_cat-holz","condition-neu"],"_links":{"self":[{"href":"https:\/\/zam.webfactor.com\/de\/wp-json\/wp\/v2\/product\/122303","targetHints":{"allow":["GET"]}}],"collection":[{"href":"https:\/\/zam.webfactor.com\/de\/wp-json\/wp\/v2\/product"}],"about":[{"href":"https:\/\/zam.webfactor.com\/de\/wp-json\/wp\/v2\/types\/product"}],"replies":[{"embeddable":true,"href":"https:\/\/zam.webfactor.com\/de\/wp-json\/wp\/v2\/comments?post=122303"}],"wp:attachment":[{"href":"https:\/\/zam.webfactor.com\/de\/wp-json\/wp\/v2\/media?parent=122303"}],"wp:term":[{"taxonomy":"product_cat","embeddable":true,"href":"https:\/\/zam.webfactor.com\/de\/wp-json\/wp\/v2\/product_cat?post=122303"},{"taxonomy":"product_tag","embeddable":true,"href":"https:\/\/zam.webfactor.com\/de\/wp-json\/wp\/v2\/product_tag?post=122303"},{"taxonomy":"ground_size","embeddable":true,"href":"https:\/\/zam.webfactor.com\/de\/wp-json\/wp\/v2\/ground_size?post=122303"},{"taxonomy":"external_dimension","embeddable":true,"href":"https:\/\/zam.webfactor.com\/de\/wp-json\/wp\/v2\/external_dimension?post=122303"},{"taxonomy":"height_in_filter","embeddable":true,"href":"https:\/\/zam.webfactor.com\/de\/wp-json\/wp\/v2\/height_in_filter?post=122303"},{"taxonomy":"ground_size_filter","embeddable":true,"href":"https:\/\/zam.webfactor.com\/de\/wp-json\/wp\/v2\/ground_size_filter?post=122303"},{"taxonomy":"rental_option","embeddable":true,"href":"https:\/\/zam.webfactor.com\/de\/wp-json\/wp\/v2\/rental_option?post=122303"},{"taxonomy":"interior_dimensions","embeddable":true,"href":"https:\/\/zam.webfactor.com\/de\/wp-json\/wp\/v2\/interior_dimensions?post=122303"},{"taxonomy":"interior_volume","embeddable":true,"href":"https:\/\/zam.webfactor.com\/de\/wp-json\/wp\/v2\/interior_volume?post=122303"},{"taxonomy":"height_when_folded","embeddable":true,"href":"https:\/\/zam.webfactor.com\/de\/wp-json\/wp\/v2\/height_when_folded?post=122303"},{"taxonomy":"wall_thickness","embeddable":true,"href":"https:\/\/zam.webfactor.com\/de\/wp-json\/wp\/v2\/wall_thickness?post=122303"},{"taxonomy":"load_capacity_static","embeddable":true,"href":"https:\/\/zam.webfactor.com\/de\/wp-json\/wp\/v2\/load_capacity_static?post=122303"},{"taxonomy":"load_capacity_dynamisch","embeddable":true,"href":"https:\/\/zam.webfactor.com\/de\/wp-json\/wp\/v2\/load_capacity_dynamisch?post=122303"},{"taxonomy":"stacking","embeddable":true,"href":"https:\/\/zam.webfactor.com\/de\/wp-json\/wp\/v2\/stacking?post=122303"},{"taxonomy":"condition","embeddable":true,"href":"https:\/\/zam.webfactor.com\/de\/wp-json\/wp\/v2\/condition?post=122303"},{"taxonomy":"folding_window","embeddable":true,"href":"https:\/\/zam.webfactor.com\/de\/wp-json\/wp\/v2\/folding_window?post=122303"},{"taxonomy":"mouse_tight","embeddable":true,"href":"https:\/\/zam.webfactor.com\/de\/wp-json\/wp\/v2\/mouse_tight?post=122303"},{"taxonomy":"lid","embeddable":true,"href":"https:\/\/zam.webfactor.com\/de\/wp-json\/wp\/v2\/lid?post=122303"},{"taxonomy":"inside_height","embeddable":true,"href":"https:\/\/zam.webfactor.com\/de\/wp-json\/wp\/v2\/inside_height?post=122303"},{"taxonomy":"weight_in_ex_pallet","embeddable":true,"href":"https:\/\/zam.webfactor.com\/de\/wp-json\/wp\/v2\/weight_in_ex_pallet?post=122303"},{"taxonomy":"wall_type","embeddable":true,"href":"https:\/\/zam.webfactor.com\/de\/wp-json\/wp\/v2\/wall_type?post=122303"},{"taxonomy":"product_consists","embeddable":true,"href":"https:\/\/zam.webfactor.com\/de\/wp-json\/wp\/v2\/product_consists?post=122303"},{"taxonomy":"tag_1","embeddable":true,"href":"https:\/\/zam.webfactor.com\/de\/wp-json\/wp\/v2\/tag_1?post=122303"},{"taxonomy":"un_certified","embeddable":true,"href":"https:\/\/zam.webfactor.com\/de\/wp-json\/wp\/v2\/un_certified?post=122303"},{"taxonomy":"yst_prominent_words","embeddable":true,"href":"https:\/\/zam.webfactor.com\/de\/wp-json\/wp\/v2\/yst_prominent_words?post=122303"}],"curies":[{"name":"wp","href":"https:\/\/api.w.org\/{rel}","templated":true}]}}