{"id":122320,"date":"2023-10-02T14:43:26","date_gmt":"2023-10-02T11:43:26","guid":{"rendered":"https:\/\/zam.webfactor.com\/p\/unkategorisiert\/palettenbox-7-aufsatzrahmen-fuer-240cm-palette-1-kurzen-seite-offen-2\/"},"modified":"2026-05-01T17:12:25","modified_gmt":"2026-05-01T14:12:25","slug":"palettenbox-7-aufsatzrahmen-fuer-240cm-palette-1-kurzen-seite-offen-2","status":"publish","type":"product","link":"https:\/\/zam.webfactor.com\/de\/p\/holz\/palettenbox-7-aufsatzrahmen-fuer-240cm-palette-1-kurzen-seite-offen-2\/","title":{"rendered":"Palettenbox -7 Aufsatzrahmen f\u00fcr 240cm Palette. 1 kurzen Seite offen"},"content":{"rendered":"<p>Langgutgestell f\u00fcr die sichere Lagerung oder den Transport von langen Teile oder Produkte. Eine Seite offen f\u00fcr \u00dcberl\u00e4nge oder direkten Zugriff, wenn gestapelt. Geeignet f\u00fcr G\u00fcter bis zu 1000 kg bei transport, und 5-hoch stapelbar (5000kg) f\u00fcr Lagerung.<\/p>\n<p>Schicken Sie uns bitte ein Email an sales@zam.webfactor.com f\u00fcr unsere Broch\u00fcre (Pdf) mit den kompletten Sortiment MP Boxen. Einschlieslich auch die technischer Spezifikationen und Photos.<\/p>\n<p>Diese MP Box ist eine Faltbox mit Industrie-Paletten Holzaufsatzrahmen , zuverl\u00e4ssig und fest gebaut, die aus einer 2400x1000mm Palette und sechs abnehmbarer Palettenrahmen und ein \u00a0Verbindungselement besteht. Eine kurze Wand ist offen. Die sechs Palettenrahmen sind kr\u00e4ftig mit Zentrierbolzen zusammengebaut und an der Palette durch acht Bankhaken befestigt.<\/p>\n<p>Auch lieferbar mit zwei kurze W\u00e4nde offen.<\/p>\n<p>Die detachierte W\u00e4nde k\u00f6nnen in eine MP Multibox gelagert werden, und somit wird das leere Volumen reduziert.<\/p>\n<p>Angenehm\u00a0mit\u00a0R\u00fccksendungen\u00a0und bequem\u00a0in\u00a0Ihrem Lager, da die Palletenboxen\u00a0Leer wenig Platz\u00a0nehmen.<\/p>\n<p>&nbsp;<\/p>\n","protected":false},"excerpt":{"rendered":"<p>Langgutgestell f\u00fcr die sichere Lagerung oder den Transport von langen Teile oder Produkte. Eine Seite offen f\u00fcr \u00dcberl\u00e4nge oder direkten Zugriff, wenn gestapelt. Geeignet f\u00fcr G\u00fcter bis zu 1000 kg bei transport, und 5-hoch stapelbar (5000kg) f\u00fcr Lagerung. Schicken Sie uns bitte ein Email an sales@zam.webfactor.com f\u00fcr unsere Broch\u00fcre (Pdf) mit den kompletten Sortiment MP [&hellip;]<\/p>\n","protected":false},"featured_media":118254,"comment_status":"closed","ping_status":"open","template":"","meta":[],"product_cat":[7774],"product_tag":[],"ground_size":[8084],"external_dimension":[8142],"height_in_filter":[8202],"ground_size_filter":[8210],"rental_option":[],"interior_dimensions":[8296],"interior_volume":[8380],"height_when_folded":[8420],"wall_thickness":[8444],"load_capacity_static":[8472],"load_capacity_dynamisch":[8502],"stacking":[8525],"condition":[8035],"folding_window":[8042],"mouse_tight":[8036],"lid":[8610],"inside_height":[8545],"weight_in_ex_pallet":[8043],"wall_type":[8044],"product_consists":[8050],"tag_1":[8040],"un_certified":[8041],"yst_prominent_words":[],"class_list":["post-122320","product","type-product","status-publish","has-post-thumbnail","hentry","product_cat-holz","condition-neu"],"_links":{"self":[{"href":"https:\/\/zam.webfactor.com\/de\/wp-json\/wp\/v2\/product\/122320","targetHints":{"allow":["GET"]}}],"collection":[{"href":"https:\/\/zam.webfactor.com\/de\/wp-json\/wp\/v2\/product"}],"about":[{"href":"https:\/\/zam.webfactor.com\/de\/wp-json\/wp\/v2\/types\/product"}],"replies":[{"embeddable":true,"href":"https:\/\/zam.webfactor.com\/de\/wp-json\/wp\/v2\/comments?post=122320"}],"wp:featuredmedia":[{"embeddable":true,"href":"https:\/\/zam.webfactor.com\/de\/wp-json\/wp\/v2\/media\/118254"}],"wp:attachment":[{"href":"https:\/\/zam.webfactor.com\/de\/wp-json\/wp\/v2\/media?parent=122320"}],"wp:term":[{"taxonomy":"product_cat","embeddable":true,"href":"https:\/\/zam.webfactor.com\/de\/wp-json\/wp\/v2\/product_cat?post=122320"},{"taxonomy":"product_tag","embeddable":true,"href":"https:\/\/zam.webfactor.com\/de\/wp-json\/wp\/v2\/product_tag?post=122320"},{"taxonomy":"ground_size","embeddable":true,"href":"https:\/\/zam.webfactor.com\/de\/wp-json\/wp\/v2\/ground_size?post=122320"},{"taxonomy":"external_dimension","embeddable":true,"href":"https:\/\/zam.webfactor.com\/de\/wp-json\/wp\/v2\/external_dimension?post=122320"},{"taxonomy":"height_in_filter","embeddable":true,"href":"https:\/\/zam.webfactor.com\/de\/wp-json\/wp\/v2\/height_in_filter?post=122320"},{"taxonomy":"ground_size_filter","embeddable":true,"href":"https:\/\/zam.webfactor.com\/de\/wp-json\/wp\/v2\/ground_size_filter?post=122320"},{"taxonomy":"rental_option","embeddable":true,"href":"https:\/\/zam.webfactor.com\/de\/wp-json\/wp\/v2\/rental_option?post=122320"},{"taxonomy":"interior_dimensions","embeddable":true,"href":"https:\/\/zam.webfactor.com\/de\/wp-json\/wp\/v2\/interior_dimensions?post=122320"},{"taxonomy":"interior_volume","embeddable":true,"href":"https:\/\/zam.webfactor.com\/de\/wp-json\/wp\/v2\/interior_volume?post=122320"},{"taxonomy":"height_when_folded","embeddable":true,"href":"https:\/\/zam.webfactor.com\/de\/wp-json\/wp\/v2\/height_when_folded?post=122320"},{"taxonomy":"wall_thickness","embeddable":true,"href":"https:\/\/zam.webfactor.com\/de\/wp-json\/wp\/v2\/wall_thickness?post=122320"},{"taxonomy":"load_capacity_static","embeddable":true,"href":"https:\/\/zam.webfactor.com\/de\/wp-json\/wp\/v2\/load_capacity_static?post=122320"},{"taxonomy":"load_capacity_dynamisch","embeddable":true,"href":"https:\/\/zam.webfactor.com\/de\/wp-json\/wp\/v2\/load_capacity_dynamisch?post=122320"},{"taxonomy":"stacking","embeddable":true,"href":"https:\/\/zam.webfactor.com\/de\/wp-json\/wp\/v2\/stacking?post=122320"},{"taxonomy":"condition","embeddable":true,"href":"https:\/\/zam.webfactor.com\/de\/wp-json\/wp\/v2\/condition?post=122320"},{"taxonomy":"folding_window","embeddable":true,"href":"https:\/\/zam.webfactor.com\/de\/wp-json\/wp\/v2\/folding_window?post=122320"},{"taxonomy":"mouse_tight","embeddable":true,"href":"https:\/\/zam.webfactor.com\/de\/wp-json\/wp\/v2\/mouse_tight?post=122320"},{"taxonomy":"lid","embeddable":true,"href":"https:\/\/zam.webfactor.com\/de\/wp-json\/wp\/v2\/lid?post=122320"},{"taxonomy":"inside_height","embeddable":true,"href":"https:\/\/zam.webfactor.com\/de\/wp-json\/wp\/v2\/inside_height?post=122320"},{"taxonomy":"weight_in_ex_pallet","embeddable":true,"href":"https:\/\/zam.webfactor.com\/de\/wp-json\/wp\/v2\/weight_in_ex_pallet?post=122320"},{"taxonomy":"wall_type","embeddable":true,"href":"https:\/\/zam.webfactor.com\/de\/wp-json\/wp\/v2\/wall_type?post=122320"},{"taxonomy":"product_consists","embeddable":true,"href":"https:\/\/zam.webfactor.com\/de\/wp-json\/wp\/v2\/product_consists?post=122320"},{"taxonomy":"tag_1","embeddable":true,"href":"https:\/\/zam.webfactor.com\/de\/wp-json\/wp\/v2\/tag_1?post=122320"},{"taxonomy":"un_certified","embeddable":true,"href":"https:\/\/zam.webfactor.com\/de\/wp-json\/wp\/v2\/un_certified?post=122320"},{"taxonomy":"yst_prominent_words","embeddable":true,"href":"https:\/\/zam.webfactor.com\/de\/wp-json\/wp\/v2\/yst_prominent_words?post=122320"}],"curies":[{"name":"wp","href":"https:\/\/api.w.org\/{rel}","templated":true}]}}