{"id":122337,"date":"2023-10-02T14:44:00","date_gmt":"2023-10-02T11:44:00","guid":{"rendered":"https:\/\/zam.webfactor.com\/p\/unkategorisiert\/4-paletten-aufsatzrahmen-hoehe-400mm\/"},"modified":"2026-04-27T04:06:23","modified_gmt":"2026-04-27T01:06:23","slug":"4-paletten-aufsatzrahmen-hoehe-400mm","status":"publish","type":"product","link":"https:\/\/zam.webfactor.com\/de\/p\/holz\/4-paletten-aufsatzrahmen-hoehe-400mm\/","title":{"rendered":"4 Paletten Aufsatzrahmen (h\u00f6he 400mm)"},"content":{"rendered":"<p>Die MP Box 1000&#215;1200 in halber H\u00f6he. In gebrauchtem Zustand zu einem attraktiven Preis und deutlich g\u00fcnstiger als neu. Kann mit Lasten von bis zu 1.000 kg verwendet werden und diese 5-hoch stapeln.<\/p>\n","protected":false},"excerpt":{"rendered":"<p>Die MP Box 1000&#215;1200 in halber H\u00f6he. In gebrauchtem Zustand zu einem attraktiven Preis und deutlich g\u00fcnstiger als neu. Kann mit Lasten von bis zu 1.000 kg verwendet werden und diese 5-hoch stapeln.<\/p>\n","protected":false},"featured_media":118452,"comment_status":"closed","ping_status":"open","template":"","meta":[],"product_cat":[7774],"product_tag":[],"ground_size":[8082],"external_dimension":[8114],"height_in_filter":[],"ground_size_filter":[8208],"rental_option":[],"interior_dimensions":[8282],"interior_volume":[8368],"height_when_folded":[8420],"wall_thickness":[8444],"load_capacity_static":[8472],"load_capacity_dynamisch":[8510],"stacking":[8527],"condition":[8052],"folding_window":[8042],"mouse_tight":[8036],"lid":[8610],"inside_height":[8565],"weight_in_ex_pallet":[8043],"wall_type":[8044],"product_consists":[8045],"tag_1":[8049],"un_certified":[8041],"yst_prominent_words":[],"class_list":["post-122337","product","type-product","status-publish","has-post-thumbnail","hentry","product_cat-holz","condition-gebraucht"],"_links":{"self":[{"href":"https:\/\/zam.webfactor.com\/de\/wp-json\/wp\/v2\/product\/122337","targetHints":{"allow":["GET"]}}],"collection":[{"href":"https:\/\/zam.webfactor.com\/de\/wp-json\/wp\/v2\/product"}],"about":[{"href":"https:\/\/zam.webfactor.com\/de\/wp-json\/wp\/v2\/types\/product"}],"replies":[{"embeddable":true,"href":"https:\/\/zam.webfactor.com\/de\/wp-json\/wp\/v2\/comments?post=122337"}],"wp:featuredmedia":[{"embeddable":true,"href":"https:\/\/zam.webfactor.com\/de\/wp-json\/wp\/v2\/media\/118452"}],"wp:attachment":[{"href":"https:\/\/zam.webfactor.com\/de\/wp-json\/wp\/v2\/media?parent=122337"}],"wp:term":[{"taxonomy":"product_cat","embeddable":true,"href":"https:\/\/zam.webfactor.com\/de\/wp-json\/wp\/v2\/product_cat?post=122337"},{"taxonomy":"product_tag","embeddable":true,"href":"https:\/\/zam.webfactor.com\/de\/wp-json\/wp\/v2\/product_tag?post=122337"},{"taxonomy":"ground_size","embeddable":true,"href":"https:\/\/zam.webfactor.com\/de\/wp-json\/wp\/v2\/ground_size?post=122337"},{"taxonomy":"external_dimension","embeddable":true,"href":"https:\/\/zam.webfactor.com\/de\/wp-json\/wp\/v2\/external_dimension?post=122337"},{"taxonomy":"height_in_filter","embeddable":true,"href":"https:\/\/zam.webfactor.com\/de\/wp-json\/wp\/v2\/height_in_filter?post=122337"},{"taxonomy":"ground_size_filter","embeddable":true,"href":"https:\/\/zam.webfactor.com\/de\/wp-json\/wp\/v2\/ground_size_filter?post=122337"},{"taxonomy":"rental_option","embeddable":true,"href":"https:\/\/zam.webfactor.com\/de\/wp-json\/wp\/v2\/rental_option?post=122337"},{"taxonomy":"interior_dimensions","embeddable":true,"href":"https:\/\/zam.webfactor.com\/de\/wp-json\/wp\/v2\/interior_dimensions?post=122337"},{"taxonomy":"interior_volume","embeddable":true,"href":"https:\/\/zam.webfactor.com\/de\/wp-json\/wp\/v2\/interior_volume?post=122337"},{"taxonomy":"height_when_folded","embeddable":true,"href":"https:\/\/zam.webfactor.com\/de\/wp-json\/wp\/v2\/height_when_folded?post=122337"},{"taxonomy":"wall_thickness","embeddable":true,"href":"https:\/\/zam.webfactor.com\/de\/wp-json\/wp\/v2\/wall_thickness?post=122337"},{"taxonomy":"load_capacity_static","embeddable":true,"href":"https:\/\/zam.webfactor.com\/de\/wp-json\/wp\/v2\/load_capacity_static?post=122337"},{"taxonomy":"load_capacity_dynamisch","embeddable":true,"href":"https:\/\/zam.webfactor.com\/de\/wp-json\/wp\/v2\/load_capacity_dynamisch?post=122337"},{"taxonomy":"stacking","embeddable":true,"href":"https:\/\/zam.webfactor.com\/de\/wp-json\/wp\/v2\/stacking?post=122337"},{"taxonomy":"condition","embeddable":true,"href":"https:\/\/zam.webfactor.com\/de\/wp-json\/wp\/v2\/condition?post=122337"},{"taxonomy":"folding_window","embeddable":true,"href":"https:\/\/zam.webfactor.com\/de\/wp-json\/wp\/v2\/folding_window?post=122337"},{"taxonomy":"mouse_tight","embeddable":true,"href":"https:\/\/zam.webfactor.com\/de\/wp-json\/wp\/v2\/mouse_tight?post=122337"},{"taxonomy":"lid","embeddable":true,"href":"https:\/\/zam.webfactor.com\/de\/wp-json\/wp\/v2\/lid?post=122337"},{"taxonomy":"inside_height","embeddable":true,"href":"https:\/\/zam.webfactor.com\/de\/wp-json\/wp\/v2\/inside_height?post=122337"},{"taxonomy":"weight_in_ex_pallet","embeddable":true,"href":"https:\/\/zam.webfactor.com\/de\/wp-json\/wp\/v2\/weight_in_ex_pallet?post=122337"},{"taxonomy":"wall_type","embeddable":true,"href":"https:\/\/zam.webfactor.com\/de\/wp-json\/wp\/v2\/wall_type?post=122337"},{"taxonomy":"product_consists","embeddable":true,"href":"https:\/\/zam.webfactor.com\/de\/wp-json\/wp\/v2\/product_consists?post=122337"},{"taxonomy":"tag_1","embeddable":true,"href":"https:\/\/zam.webfactor.com\/de\/wp-json\/wp\/v2\/tag_1?post=122337"},{"taxonomy":"un_certified","embeddable":true,"href":"https:\/\/zam.webfactor.com\/de\/wp-json\/wp\/v2\/un_certified?post=122337"},{"taxonomy":"yst_prominent_words","embeddable":true,"href":"https:\/\/zam.webfactor.com\/de\/wp-json\/wp\/v2\/yst_prominent_words?post=122337"}],"curies":[{"name":"wp","href":"https:\/\/api.w.org\/{rel}","templated":true}]}}