{"id":122338,"date":"2023-10-02T14:44:00","date_gmt":"2023-10-02T11:44:00","guid":{"rendered":"https:\/\/zam.webfactor.com\/p\/unkategorisiert\/begehbare-palettenbox-stahl-geschlossen-waende\/"},"modified":"2026-04-26T10:59:49","modified_gmt":"2026-04-26T07:59:49","slug":"begehbare-palettenbox-stahl-geschlossen-waende","status":"publish","type":"product","link":"https:\/\/zam.webfactor.com\/de\/p\/stalen\/begehbare-palettenbox-stahl-geschlossen-waende\/","title":{"rendered":"Begehbare Palettenbox Stahl -geschlossen W\u00e4nde"},"content":{"rendered":"<p>Geschlossene Stahlpalettenbox mit den Containerma\u00dfen 1130 x 1450 m und einer einzigartigen &#8222;begehbaren&#8220; Bau. Eine Wand kann w\u00e4hrend des (Ent-) Ladens vollst\u00e4ndig entfernt werden. Relativ geringes Gewicht.<\/p>\n","protected":false},"excerpt":{"rendered":"<p>Geschlossene Stahlpalettenbox mit den Containerma\u00dfen 1130 x 1450 m und einer einzigartigen &#8222;begehbaren&#8220; Bau. Eine Wand kann w\u00e4hrend des (Ent-) Ladens vollst\u00e4ndig entfernt werden. Relativ geringes Gewicht.<\/p>\n","protected":false},"featured_media":118482,"comment_status":"closed","ping_status":"open","template":"","meta":[],"product_cat":[7780],"product_tag":[],"ground_size":[8090],"external_dimension":[8146],"height_in_filter":[8202],"ground_size_filter":[8214],"rental_option":[],"interior_dimensions":[8298],"interior_volume":[],"height_when_folded":[8402],"wall_thickness":[8440],"load_capacity_static":[8480],"load_capacity_dynamisch":[8502],"stacking":[8529],"condition":[8052],"folding_window":[8042],"mouse_tight":[8609],"lid":[8610],"inside_height":[8549],"weight_in_ex_pallet":[8037],"wall_type":[8044],"product_consists":[8053],"tag_1":[8040],"un_certified":[8041],"yst_prominent_words":[],"class_list":["post-122338","product","type-product","status-publish","has-post-thumbnail","hentry","product_cat-stalen","condition-gebraucht"],"_links":{"self":[{"href":"https:\/\/zam.webfactor.com\/de\/wp-json\/wp\/v2\/product\/122338","targetHints":{"allow":["GET"]}}],"collection":[{"href":"https:\/\/zam.webfactor.com\/de\/wp-json\/wp\/v2\/product"}],"about":[{"href":"https:\/\/zam.webfactor.com\/de\/wp-json\/wp\/v2\/types\/product"}],"replies":[{"embeddable":true,"href":"https:\/\/zam.webfactor.com\/de\/wp-json\/wp\/v2\/comments?post=122338"}],"wp:featuredmedia":[{"embeddable":true,"href":"https:\/\/zam.webfactor.com\/de\/wp-json\/wp\/v2\/media\/118482"}],"wp:attachment":[{"href":"https:\/\/zam.webfactor.com\/de\/wp-json\/wp\/v2\/media?parent=122338"}],"wp:term":[{"taxonomy":"product_cat","embeddable":true,"href":"https:\/\/zam.webfactor.com\/de\/wp-json\/wp\/v2\/product_cat?post=122338"},{"taxonomy":"product_tag","embeddable":true,"href":"https:\/\/zam.webfactor.com\/de\/wp-json\/wp\/v2\/product_tag?post=122338"},{"taxonomy":"ground_size","embeddable":true,"href":"https:\/\/zam.webfactor.com\/de\/wp-json\/wp\/v2\/ground_size?post=122338"},{"taxonomy":"external_dimension","embeddable":true,"href":"https:\/\/zam.webfactor.com\/de\/wp-json\/wp\/v2\/external_dimension?post=122338"},{"taxonomy":"height_in_filter","embeddable":true,"href":"https:\/\/zam.webfactor.com\/de\/wp-json\/wp\/v2\/height_in_filter?post=122338"},{"taxonomy":"ground_size_filter","embeddable":true,"href":"https:\/\/zam.webfactor.com\/de\/wp-json\/wp\/v2\/ground_size_filter?post=122338"},{"taxonomy":"rental_option","embeddable":true,"href":"https:\/\/zam.webfactor.com\/de\/wp-json\/wp\/v2\/rental_option?post=122338"},{"taxonomy":"interior_dimensions","embeddable":true,"href":"https:\/\/zam.webfactor.com\/de\/wp-json\/wp\/v2\/interior_dimensions?post=122338"},{"taxonomy":"interior_volume","embeddable":true,"href":"https:\/\/zam.webfactor.com\/de\/wp-json\/wp\/v2\/interior_volume?post=122338"},{"taxonomy":"height_when_folded","embeddable":true,"href":"https:\/\/zam.webfactor.com\/de\/wp-json\/wp\/v2\/height_when_folded?post=122338"},{"taxonomy":"wall_thickness","embeddable":true,"href":"https:\/\/zam.webfactor.com\/de\/wp-json\/wp\/v2\/wall_thickness?post=122338"},{"taxonomy":"load_capacity_static","embeddable":true,"href":"https:\/\/zam.webfactor.com\/de\/wp-json\/wp\/v2\/load_capacity_static?post=122338"},{"taxonomy":"load_capacity_dynamisch","embeddable":true,"href":"https:\/\/zam.webfactor.com\/de\/wp-json\/wp\/v2\/load_capacity_dynamisch?post=122338"},{"taxonomy":"stacking","embeddable":true,"href":"https:\/\/zam.webfactor.com\/de\/wp-json\/wp\/v2\/stacking?post=122338"},{"taxonomy":"condition","embeddable":true,"href":"https:\/\/zam.webfactor.com\/de\/wp-json\/wp\/v2\/condition?post=122338"},{"taxonomy":"folding_window","embeddable":true,"href":"https:\/\/zam.webfactor.com\/de\/wp-json\/wp\/v2\/folding_window?post=122338"},{"taxonomy":"mouse_tight","embeddable":true,"href":"https:\/\/zam.webfactor.com\/de\/wp-json\/wp\/v2\/mouse_tight?post=122338"},{"taxonomy":"lid","embeddable":true,"href":"https:\/\/zam.webfactor.com\/de\/wp-json\/wp\/v2\/lid?post=122338"},{"taxonomy":"inside_height","embeddable":true,"href":"https:\/\/zam.webfactor.com\/de\/wp-json\/wp\/v2\/inside_height?post=122338"},{"taxonomy":"weight_in_ex_pallet","embeddable":true,"href":"https:\/\/zam.webfactor.com\/de\/wp-json\/wp\/v2\/weight_in_ex_pallet?post=122338"},{"taxonomy":"wall_type","embeddable":true,"href":"https:\/\/zam.webfactor.com\/de\/wp-json\/wp\/v2\/wall_type?post=122338"},{"taxonomy":"product_consists","embeddable":true,"href":"https:\/\/zam.webfactor.com\/de\/wp-json\/wp\/v2\/product_consists?post=122338"},{"taxonomy":"tag_1","embeddable":true,"href":"https:\/\/zam.webfactor.com\/de\/wp-json\/wp\/v2\/tag_1?post=122338"},{"taxonomy":"un_certified","embeddable":true,"href":"https:\/\/zam.webfactor.com\/de\/wp-json\/wp\/v2\/un_certified?post=122338"},{"taxonomy":"yst_prominent_words","embeddable":true,"href":"https:\/\/zam.webfactor.com\/de\/wp-json\/wp\/v2\/yst_prominent_words?post=122338"}],"curies":[{"name":"wp","href":"https:\/\/api.w.org\/{rel}","templated":true}]}}