{"id":122341,"date":"2023-10-02T14:44:00","date_gmt":"2023-10-02T11:44:00","guid":{"rendered":"https:\/\/zam.webfactor.com\/p\/unkategorisiert\/kunststoff-palettenbox-1130x1450\/"},"modified":"2026-04-16T22:33:43","modified_gmt":"2026-04-16T19:33:43","slug":"kunststoff-palettenbox-1130x1450","status":"publish","type":"product","link":"https:\/\/zam.webfactor.com\/de\/p\/kunststoff\/kunststoff-palettenbox-1130x1450\/","title":{"rendered":"Kunststoff Palettenbox  &#8211; 1130&#215;1450"},"content":{"rendered":"<p>Sehr preiswerte Sleevebox im Beh\u00e4lterma\u00df 1130x1450mm. Au\u00dfergew\u00f6hnlich hohe Belastbarkeit von bis zu 800 kg durch Stahlverst\u00e4rkungen am innern. Und stapeln 1 + 2 hoch mit bis zu 3x 800kg!<\/p>\n","protected":false},"excerpt":{"rendered":"<p>Sehr preiswerte Sleevebox im Beh\u00e4lterma\u00df 1130x1450mm. Au\u00dfergew\u00f6hnlich hohe Belastbarkeit von bis zu 800 kg durch Stahlverst\u00e4rkungen am innern. Und stapeln 1 + 2 hoch mit bis zu 3x 800kg!<\/p>\n","protected":false},"featured_media":118680,"comment_status":"closed","ping_status":"open","template":"","meta":[],"product_cat":[7776],"product_tag":[],"ground_size":[8090],"external_dimension":[8146],"height_in_filter":[8202],"ground_size_filter":[8214],"rental_option":[],"interior_dimensions":[8300],"interior_volume":[],"height_when_folded":[8402],"wall_thickness":[8454],"load_capacity_static":[8458],"load_capacity_dynamisch":[8502],"stacking":[8525],"condition":[8052],"folding_window":[8042],"mouse_tight":[8609],"lid":[8047],"inside_height":[8571],"weight_in_ex_pallet":[8037],"wall_type":[8038],"product_consists":[8048],"tag_1":[8049],"un_certified":[8041],"yst_prominent_words":[],"class_list":["post-122341","product","type-product","status-publish","has-post-thumbnail","hentry","product_cat-kunststoff","condition-gebraucht"],"_links":{"self":[{"href":"https:\/\/zam.webfactor.com\/de\/wp-json\/wp\/v2\/product\/122341","targetHints":{"allow":["GET"]}}],"collection":[{"href":"https:\/\/zam.webfactor.com\/de\/wp-json\/wp\/v2\/product"}],"about":[{"href":"https:\/\/zam.webfactor.com\/de\/wp-json\/wp\/v2\/types\/product"}],"replies":[{"embeddable":true,"href":"https:\/\/zam.webfactor.com\/de\/wp-json\/wp\/v2\/comments?post=122341"}],"wp:featuredmedia":[{"embeddable":true,"href":"https:\/\/zam.webfactor.com\/de\/wp-json\/wp\/v2\/media\/118680"}],"wp:attachment":[{"href":"https:\/\/zam.webfactor.com\/de\/wp-json\/wp\/v2\/media?parent=122341"}],"wp:term":[{"taxonomy":"product_cat","embeddable":true,"href":"https:\/\/zam.webfactor.com\/de\/wp-json\/wp\/v2\/product_cat?post=122341"},{"taxonomy":"product_tag","embeddable":true,"href":"https:\/\/zam.webfactor.com\/de\/wp-json\/wp\/v2\/product_tag?post=122341"},{"taxonomy":"ground_size","embeddable":true,"href":"https:\/\/zam.webfactor.com\/de\/wp-json\/wp\/v2\/ground_size?post=122341"},{"taxonomy":"external_dimension","embeddable":true,"href":"https:\/\/zam.webfactor.com\/de\/wp-json\/wp\/v2\/external_dimension?post=122341"},{"taxonomy":"height_in_filter","embeddable":true,"href":"https:\/\/zam.webfactor.com\/de\/wp-json\/wp\/v2\/height_in_filter?post=122341"},{"taxonomy":"ground_size_filter","embeddable":true,"href":"https:\/\/zam.webfactor.com\/de\/wp-json\/wp\/v2\/ground_size_filter?post=122341"},{"taxonomy":"rental_option","embeddable":true,"href":"https:\/\/zam.webfactor.com\/de\/wp-json\/wp\/v2\/rental_option?post=122341"},{"taxonomy":"interior_dimensions","embeddable":true,"href":"https:\/\/zam.webfactor.com\/de\/wp-json\/wp\/v2\/interior_dimensions?post=122341"},{"taxonomy":"interior_volume","embeddable":true,"href":"https:\/\/zam.webfactor.com\/de\/wp-json\/wp\/v2\/interior_volume?post=122341"},{"taxonomy":"height_when_folded","embeddable":true,"href":"https:\/\/zam.webfactor.com\/de\/wp-json\/wp\/v2\/height_when_folded?post=122341"},{"taxonomy":"wall_thickness","embeddable":true,"href":"https:\/\/zam.webfactor.com\/de\/wp-json\/wp\/v2\/wall_thickness?post=122341"},{"taxonomy":"load_capacity_static","embeddable":true,"href":"https:\/\/zam.webfactor.com\/de\/wp-json\/wp\/v2\/load_capacity_static?post=122341"},{"taxonomy":"load_capacity_dynamisch","embeddable":true,"href":"https:\/\/zam.webfactor.com\/de\/wp-json\/wp\/v2\/load_capacity_dynamisch?post=122341"},{"taxonomy":"stacking","embeddable":true,"href":"https:\/\/zam.webfactor.com\/de\/wp-json\/wp\/v2\/stacking?post=122341"},{"taxonomy":"condition","embeddable":true,"href":"https:\/\/zam.webfactor.com\/de\/wp-json\/wp\/v2\/condition?post=122341"},{"taxonomy":"folding_window","embeddable":true,"href":"https:\/\/zam.webfactor.com\/de\/wp-json\/wp\/v2\/folding_window?post=122341"},{"taxonomy":"mouse_tight","embeddable":true,"href":"https:\/\/zam.webfactor.com\/de\/wp-json\/wp\/v2\/mouse_tight?post=122341"},{"taxonomy":"lid","embeddable":true,"href":"https:\/\/zam.webfactor.com\/de\/wp-json\/wp\/v2\/lid?post=122341"},{"taxonomy":"inside_height","embeddable":true,"href":"https:\/\/zam.webfactor.com\/de\/wp-json\/wp\/v2\/inside_height?post=122341"},{"taxonomy":"weight_in_ex_pallet","embeddable":true,"href":"https:\/\/zam.webfactor.com\/de\/wp-json\/wp\/v2\/weight_in_ex_pallet?post=122341"},{"taxonomy":"wall_type","embeddable":true,"href":"https:\/\/zam.webfactor.com\/de\/wp-json\/wp\/v2\/wall_type?post=122341"},{"taxonomy":"product_consists","embeddable":true,"href":"https:\/\/zam.webfactor.com\/de\/wp-json\/wp\/v2\/product_consists?post=122341"},{"taxonomy":"tag_1","embeddable":true,"href":"https:\/\/zam.webfactor.com\/de\/wp-json\/wp\/v2\/tag_1?post=122341"},{"taxonomy":"un_certified","embeddable":true,"href":"https:\/\/zam.webfactor.com\/de\/wp-json\/wp\/v2\/un_certified?post=122341"},{"taxonomy":"yst_prominent_words","embeddable":true,"href":"https:\/\/zam.webfactor.com\/de\/wp-json\/wp\/v2\/yst_prominent_words?post=122341"}],"curies":[{"name":"wp","href":"https:\/\/api.w.org\/{rel}","templated":true}]}}