{"id":122347,"date":"2023-10-02T14:44:29","date_gmt":"2023-10-02T11:44:29","guid":{"rendered":"https:\/\/zam.webfactor.com\/p\/unkategorisiert\/kunststoff-palettenbox-800x1200-3\/"},"modified":"2026-04-26T13:41:29","modified_gmt":"2026-04-26T10:41:29","slug":"kunststoff-palettenbox-800x1200-3","status":"publish","type":"product","link":"https:\/\/zam.webfactor.com\/de\/p\/plastic\/kunststoff-palettenbox-800x1200-3\/","title":{"rendered":"Kunststoff Palettenbox &#8211; 800&#215;1200"},"content":{"rendered":"<p>Die Eurobin 1210 Palettenboxen haben eine h\u00f6here dynamische Ladekapazit\u00e4t als die meisten \u00e4hnlichen Modelle. Sie k\u00f6nnen bis zu 900 kg hineinpacken, obwohl die Box selbst nur 50 kg wiegt. Dank ihrer intelligenten Faltkonstruktion hat sie eine H\u00f6he von nur 308 mm. In einen Jumbo- oder Mega-Trailer passen 260 gefaltete Einheiten. Diese Eurobin Palettenboxen haben \u00d6ffnungen an 2 Seiten, wodurch das (Ent-)Laden weniger Zeit in Anspruch nimmt.<\/p>\n<p>Mit dieser GEBRAUCHTEN Version kaufen Sie diese hochwertigen Palettenboxen f\u00fcr viel weniger als die neuen. Alle gebrauchten Boxen wurden gepr\u00fcft und sind bereit f\u00fcr den industriellen Einsatz.<\/p>\n<p><strong>Einige Merkmale<\/strong><br \/>\n&#8211; 25% leichter als herk\u00f6mmliche faltbare Palettenboxen<br \/>\n&#8211; Dynamische Tragf\u00e4higkeit von 900 kg<br \/>\n&#8211; bereits gebraucht und au\u00dferdem zu 100 % recycelbar (Reduzierung des CO2-Fu\u00dfabdrucks)<br \/>\n&#8211; Der EuroBin 1210\/980 kann 6-fach gestapelt werden, wenn er voll mit Produkten beladen ist (statisch) oder 3-fach, wenn er transportiert wird (dynamisch).<br \/>\n&#8211; Im leeren Zustand k\u00f6nnen Sie ihn in einem Jumbo- oder Mega-Anh\u00e4nger 10-fach stapeln.<br \/>\n&#8211; einzigartige Fu\u00dfkonstruktion f\u00fcr sicheres und zuverl\u00e4ssiges Stapeln<br \/>\n&#8211; Durch die modulare Bauweise lassen sich Palettenkanten, Klapprahmen und Seitenw\u00e4nde im Falle einer Besch\u00e4digung leicht reparieren<br \/>\n&#8211; Gut sichtbare (gelbe) Palettenkanten f\u00fcr weniger Sch\u00e4den<\/p>\n","protected":false},"excerpt":{"rendered":"<p>Die Eurobin 1210 Palettenboxen haben eine h\u00f6here dynamische Ladekapazit\u00e4t als die meisten \u00e4hnlichen Modelle. Sie k\u00f6nnen bis zu 900 kg hineinpacken, obwohl die Box selbst nur 50 kg wiegt. Dank ihrer intelligenten Faltkonstruktion hat sie eine H\u00f6he von nur 308 mm. In einen Jumbo- oder Mega-Trailer passen 260 gefaltete Einheiten. Diese Eurobin Palettenboxen haben \u00d6ffnungen [&hellip;]<\/p>\n","protected":false},"featured_media":111558,"comment_status":"closed","ping_status":"open","template":"","meta":[],"product_cat":[877],"product_tag":[],"ground_size":[8082],"external_dimension":[],"height_in_filter":[],"ground_size_filter":[],"rental_option":[],"interior_dimensions":[],"interior_volume":[],"height_when_folded":[8412],"wall_thickness":[8442],"load_capacity_static":[],"load_capacity_dynamisch":[],"stacking":[],"condition":[8052,8061],"folding_window":[8606],"mouse_tight":[8609],"lid":[8610],"inside_height":[8547],"weight_in_ex_pallet":[],"wall_type":[8038],"product_consists":[8039],"tag_1":[],"un_certified":[8041],"yst_prominent_words":[],"class_list":["post-122347","product","type-product","status-publish","has-post-thumbnail","hentry","product_cat-plastic","condition-gebraucht","condition-bestseller"],"_links":{"self":[{"href":"https:\/\/zam.webfactor.com\/de\/wp-json\/wp\/v2\/product\/122347","targetHints":{"allow":["GET"]}}],"collection":[{"href":"https:\/\/zam.webfactor.com\/de\/wp-json\/wp\/v2\/product"}],"about":[{"href":"https:\/\/zam.webfactor.com\/de\/wp-json\/wp\/v2\/types\/product"}],"replies":[{"embeddable":true,"href":"https:\/\/zam.webfactor.com\/de\/wp-json\/wp\/v2\/comments?post=122347"}],"wp:featuredmedia":[{"embeddable":true,"href":"https:\/\/zam.webfactor.com\/de\/wp-json\/wp\/v2\/media\/111558"}],"wp:attachment":[{"href":"https:\/\/zam.webfactor.com\/de\/wp-json\/wp\/v2\/media?parent=122347"}],"wp:term":[{"taxonomy":"product_cat","embeddable":true,"href":"https:\/\/zam.webfactor.com\/de\/wp-json\/wp\/v2\/product_cat?post=122347"},{"taxonomy":"product_tag","embeddable":true,"href":"https:\/\/zam.webfactor.com\/de\/wp-json\/wp\/v2\/product_tag?post=122347"},{"taxonomy":"ground_size","embeddable":true,"href":"https:\/\/zam.webfactor.com\/de\/wp-json\/wp\/v2\/ground_size?post=122347"},{"taxonomy":"external_dimension","embeddable":true,"href":"https:\/\/zam.webfactor.com\/de\/wp-json\/wp\/v2\/external_dimension?post=122347"},{"taxonomy":"height_in_filter","embeddable":true,"href":"https:\/\/zam.webfactor.com\/de\/wp-json\/wp\/v2\/height_in_filter?post=122347"},{"taxonomy":"ground_size_filter","embeddable":true,"href":"https:\/\/zam.webfactor.com\/de\/wp-json\/wp\/v2\/ground_size_filter?post=122347"},{"taxonomy":"rental_option","embeddable":true,"href":"https:\/\/zam.webfactor.com\/de\/wp-json\/wp\/v2\/rental_option?post=122347"},{"taxonomy":"interior_dimensions","embeddable":true,"href":"https:\/\/zam.webfactor.com\/de\/wp-json\/wp\/v2\/interior_dimensions?post=122347"},{"taxonomy":"interior_volume","embeddable":true,"href":"https:\/\/zam.webfactor.com\/de\/wp-json\/wp\/v2\/interior_volume?post=122347"},{"taxonomy":"height_when_folded","embeddable":true,"href":"https:\/\/zam.webfactor.com\/de\/wp-json\/wp\/v2\/height_when_folded?post=122347"},{"taxonomy":"wall_thickness","embeddable":true,"href":"https:\/\/zam.webfactor.com\/de\/wp-json\/wp\/v2\/wall_thickness?post=122347"},{"taxonomy":"load_capacity_static","embeddable":true,"href":"https:\/\/zam.webfactor.com\/de\/wp-json\/wp\/v2\/load_capacity_static?post=122347"},{"taxonomy":"load_capacity_dynamisch","embeddable":true,"href":"https:\/\/zam.webfactor.com\/de\/wp-json\/wp\/v2\/load_capacity_dynamisch?post=122347"},{"taxonomy":"stacking","embeddable":true,"href":"https:\/\/zam.webfactor.com\/de\/wp-json\/wp\/v2\/stacking?post=122347"},{"taxonomy":"condition","embeddable":true,"href":"https:\/\/zam.webfactor.com\/de\/wp-json\/wp\/v2\/condition?post=122347"},{"taxonomy":"folding_window","embeddable":true,"href":"https:\/\/zam.webfactor.com\/de\/wp-json\/wp\/v2\/folding_window?post=122347"},{"taxonomy":"mouse_tight","embeddable":true,"href":"https:\/\/zam.webfactor.com\/de\/wp-json\/wp\/v2\/mouse_tight?post=122347"},{"taxonomy":"lid","embeddable":true,"href":"https:\/\/zam.webfactor.com\/de\/wp-json\/wp\/v2\/lid?post=122347"},{"taxonomy":"inside_height","embeddable":true,"href":"https:\/\/zam.webfactor.com\/de\/wp-json\/wp\/v2\/inside_height?post=122347"},{"taxonomy":"weight_in_ex_pallet","embeddable":true,"href":"https:\/\/zam.webfactor.com\/de\/wp-json\/wp\/v2\/weight_in_ex_pallet?post=122347"},{"taxonomy":"wall_type","embeddable":true,"href":"https:\/\/zam.webfactor.com\/de\/wp-json\/wp\/v2\/wall_type?post=122347"},{"taxonomy":"product_consists","embeddable":true,"href":"https:\/\/zam.webfactor.com\/de\/wp-json\/wp\/v2\/product_consists?post=122347"},{"taxonomy":"tag_1","embeddable":true,"href":"https:\/\/zam.webfactor.com\/de\/wp-json\/wp\/v2\/tag_1?post=122347"},{"taxonomy":"un_certified","embeddable":true,"href":"https:\/\/zam.webfactor.com\/de\/wp-json\/wp\/v2\/un_certified?post=122347"},{"taxonomy":"yst_prominent_words","embeddable":true,"href":"https:\/\/zam.webfactor.com\/de\/wp-json\/wp\/v2\/yst_prominent_words?post=122347"}],"curies":[{"name":"wp","href":"https:\/\/api.w.org\/{rel}","templated":true}]}}