{"id":122365,"date":"2023-10-02T14:44:59","date_gmt":"2023-10-02T11:44:59","guid":{"rendered":"https:\/\/zam.webfactor.com\/p\/unkategorisiert\/kunststoff-palettenbox-sleeve-1000x1200-2\/"},"modified":"2026-04-29T04:05:40","modified_gmt":"2026-04-29T01:05:40","slug":"kunststoff-palettenbox-sleeve-1000x1200-2","status":"publish","type":"product","link":"https:\/\/zam.webfactor.com\/de\/p\/plastic\/kunststoff-palettenbox-sleeve-1000x1200-2\/","title":{"rendered":"Kunststoff Palettenbox Sleeve &#8211; 1000&#215;1200"},"content":{"rendered":"<p>Hochwertiger wiederverwendbarer Palettenbox oder Mehrwegverpackungen. Diese SleevePack auf dem Bild hat eine Palettengr\u00f6\u00dfe von 1000 x 1200 mm, kann jedoch standardm\u00e4\u00dfig in den folgenden Palettenabmessungen und in einer H\u00f6he Ihrer Wahl geliefert werden.<\/p>\n<p><strong>ABMESSUNGEN<\/strong><\/p>\n<p>Au\u00dfen (mm)\u00a0 \u00a0 \u00a0 \u00a0 Innern (mm)<br \/>\n1200 \u00d7 800\u00a0\u00a0\u00a0\u00a0\u00a0\u00a0\u00a0\u00a0\u00a0 1090 x 690<br \/>\n1200 \u00d7 1000\u00a0\u00a0\u00a0\u00a0\u00a0\u00a0 1085 x 885<br \/>\n1140 \u00d7 790\u00a0\u00a0\u00a0\u00a0\u00a0\u00a0\u00a0\u00a0\u00a0 1025 x 675<br \/>\n1140 \u00d7 980\u00a0\u00a0\u00a0\u00a0\u00a0\u00a0\u00a0\u00a0\u00a0 1025 x 865<br \/>\n1220 \u00d7 1140\u00a0\u00a0\u00a0\u00a0\u00a0\u00a0 1110 x 1030<br \/>\n1300 \u00d7 1140\u00a0\u00a0\u00a0\u00a0\u00a0\u00a0 1185 x 1025<br \/>\n1470 \u00d7 1140\u00a0\u00a0\u00a0\u00a0\u00a0\u00a0 1355 x 1025<br \/>\n1600 \u00d7 1140\u00a0\u00a0\u00a0\u00a0\u00a0\u00a0 1495 x 1015<\/p>\n<p><strong>KONSTRUKTION<\/strong><br \/>\nW\u00c4NDE: 10 mm dick, 3.000 g \/ m2 Dichte aus schlagfestem Polypropylen (PP) -Laminat mit Zellstruktur<br \/>\nKANTEN: Alle Kanten sind aus hygienischen Gr\u00fcnden und zur einfachen Reinigung versiegelt<br \/>\nPALETTE &amp; DECKEL: Hdpe Twinsheet Spritzguss<br \/>\nKONSTRUKTION: Die H\u00fclsenw\u00e4nde werden tief in die Palettenkanten eingef\u00fchrt, wonach die Produkte geladen werden k\u00f6nnen. Der Deckel wird oben auf die W\u00e4nde gelegt, um den Palettenbeh\u00e4lter zu schlie\u00dfen und stapelbar zu machen. Die W\u00e4nde k\u00f6nnen optional mit einem Schlie\u00dfsystem ausgestattet werden.<\/p>\n<p><strong>VERF\u00dcGBARE OPTIONEN<\/strong><br \/>\n&#8211; Verriegelungssystem an Deckel und Palette<br \/>\n&#8211; schwerere W\u00e4nde<br \/>\n&#8211; Drucken der W\u00e4nde in 1 oder 2 Farben<br \/>\n&#8211; Barcode-Druck<br \/>\n&#8211; Etikettenhalter<br \/>\n&#8211; freiw\u00e4hlbare Farbe<br \/>\n&#8211; kundenspezifische Abmessungen<\/p>\n<p><strong>QUALIT\u00c4T<\/strong><br \/>\nZAMKO Palettencontainer wurden sorgf\u00e4ltig auf die Bed\u00fcrfnisse der Kunden zugeschnitten. Es werden nur hochwertige Materialien verwendet. Mehr als 500.000 dieser Palettenbeh\u00e4lter wurden in den letzten Jahren bereits verwendet und getestet.<br \/>\nDurch die starken 10 mm laminierte Strukturkammerplatten erhalten Ihre Waren einen optimalen Seitenaufprallschutz. Dies stellt die Qualit\u00e4t Ihres Produkts bei der Ankunft am Bestimmungsort sicher.<\/p>\n<p>&nbsp;<\/p>\n","protected":false},"excerpt":{"rendered":"<p>Hochwertiger wiederverwendbarer Palettenbox oder Mehrwegverpackungen. Diese SleevePack auf dem Bild hat eine Palettengr\u00f6\u00dfe von 1000 x 1200 mm, kann jedoch standardm\u00e4\u00dfig in den folgenden Palettenabmessungen und in einer H\u00f6he Ihrer Wahl geliefert werden. ABMESSUNGEN Au\u00dfen (mm)\u00a0 \u00a0 \u00a0 \u00a0 Innern (mm) 1200 \u00d7 800\u00a0\u00a0\u00a0\u00a0\u00a0\u00a0\u00a0\u00a0\u00a0 1090 x 690 1200 \u00d7 1000\u00a0\u00a0\u00a0\u00a0\u00a0\u00a0 1085 x 885 1140 \u00d7 [&hellip;]<\/p>\n","protected":false},"featured_media":119070,"comment_status":"closed","ping_status":"open","template":"","meta":[],"product_cat":[877],"product_tag":[],"ground_size":[8082],"external_dimension":[8108],"height_in_filter":[8202],"ground_size_filter":[8208],"rental_option":[],"interior_dimensions":[8314],"interior_volume":[],"height_when_folded":[8410],"wall_thickness":[8436],"load_capacity_static":[8482],"load_capacity_dynamisch":[8500],"stacking":[8525],"condition":[8035],"folding_window":[8042],"mouse_tight":[8609],"lid":[8047],"inside_height":[8549],"weight_in_ex_pallet":[8037],"wall_type":[8038],"product_consists":[8048],"tag_1":[8040],"un_certified":[8041],"yst_prominent_words":[],"class_list":["post-122365","product","type-product","status-publish","has-post-thumbnail","hentry","product_cat-plastic","condition-neu"],"_links":{"self":[{"href":"https:\/\/zam.webfactor.com\/de\/wp-json\/wp\/v2\/product\/122365","targetHints":{"allow":["GET"]}}],"collection":[{"href":"https:\/\/zam.webfactor.com\/de\/wp-json\/wp\/v2\/product"}],"about":[{"href":"https:\/\/zam.webfactor.com\/de\/wp-json\/wp\/v2\/types\/product"}],"replies":[{"embeddable":true,"href":"https:\/\/zam.webfactor.com\/de\/wp-json\/wp\/v2\/comments?post=122365"}],"wp:featuredmedia":[{"embeddable":true,"href":"https:\/\/zam.webfactor.com\/de\/wp-json\/wp\/v2\/media\/119070"}],"wp:attachment":[{"href":"https:\/\/zam.webfactor.com\/de\/wp-json\/wp\/v2\/media?parent=122365"}],"wp:term":[{"taxonomy":"product_cat","embeddable":true,"href":"https:\/\/zam.webfactor.com\/de\/wp-json\/wp\/v2\/product_cat?post=122365"},{"taxonomy":"product_tag","embeddable":true,"href":"https:\/\/zam.webfactor.com\/de\/wp-json\/wp\/v2\/product_tag?post=122365"},{"taxonomy":"ground_size","embeddable":true,"href":"https:\/\/zam.webfactor.com\/de\/wp-json\/wp\/v2\/ground_size?post=122365"},{"taxonomy":"external_dimension","embeddable":true,"href":"https:\/\/zam.webfactor.com\/de\/wp-json\/wp\/v2\/external_dimension?post=122365"},{"taxonomy":"height_in_filter","embeddable":true,"href":"https:\/\/zam.webfactor.com\/de\/wp-json\/wp\/v2\/height_in_filter?post=122365"},{"taxonomy":"ground_size_filter","embeddable":true,"href":"https:\/\/zam.webfactor.com\/de\/wp-json\/wp\/v2\/ground_size_filter?post=122365"},{"taxonomy":"rental_option","embeddable":true,"href":"https:\/\/zam.webfactor.com\/de\/wp-json\/wp\/v2\/rental_option?post=122365"},{"taxonomy":"interior_dimensions","embeddable":true,"href":"https:\/\/zam.webfactor.com\/de\/wp-json\/wp\/v2\/interior_dimensions?post=122365"},{"taxonomy":"interior_volume","embeddable":true,"href":"https:\/\/zam.webfactor.com\/de\/wp-json\/wp\/v2\/interior_volume?post=122365"},{"taxonomy":"height_when_folded","embeddable":true,"href":"https:\/\/zam.webfactor.com\/de\/wp-json\/wp\/v2\/height_when_folded?post=122365"},{"taxonomy":"wall_thickness","embeddable":true,"href":"https:\/\/zam.webfactor.com\/de\/wp-json\/wp\/v2\/wall_thickness?post=122365"},{"taxonomy":"load_capacity_static","embeddable":true,"href":"https:\/\/zam.webfactor.com\/de\/wp-json\/wp\/v2\/load_capacity_static?post=122365"},{"taxonomy":"load_capacity_dynamisch","embeddable":true,"href":"https:\/\/zam.webfactor.com\/de\/wp-json\/wp\/v2\/load_capacity_dynamisch?post=122365"},{"taxonomy":"stacking","embeddable":true,"href":"https:\/\/zam.webfactor.com\/de\/wp-json\/wp\/v2\/stacking?post=122365"},{"taxonomy":"condition","embeddable":true,"href":"https:\/\/zam.webfactor.com\/de\/wp-json\/wp\/v2\/condition?post=122365"},{"taxonomy":"folding_window","embeddable":true,"href":"https:\/\/zam.webfactor.com\/de\/wp-json\/wp\/v2\/folding_window?post=122365"},{"taxonomy":"mouse_tight","embeddable":true,"href":"https:\/\/zam.webfactor.com\/de\/wp-json\/wp\/v2\/mouse_tight?post=122365"},{"taxonomy":"lid","embeddable":true,"href":"https:\/\/zam.webfactor.com\/de\/wp-json\/wp\/v2\/lid?post=122365"},{"taxonomy":"inside_height","embeddable":true,"href":"https:\/\/zam.webfactor.com\/de\/wp-json\/wp\/v2\/inside_height?post=122365"},{"taxonomy":"weight_in_ex_pallet","embeddable":true,"href":"https:\/\/zam.webfactor.com\/de\/wp-json\/wp\/v2\/weight_in_ex_pallet?post=122365"},{"taxonomy":"wall_type","embeddable":true,"href":"https:\/\/zam.webfactor.com\/de\/wp-json\/wp\/v2\/wall_type?post=122365"},{"taxonomy":"product_consists","embeddable":true,"href":"https:\/\/zam.webfactor.com\/de\/wp-json\/wp\/v2\/product_consists?post=122365"},{"taxonomy":"tag_1","embeddable":true,"href":"https:\/\/zam.webfactor.com\/de\/wp-json\/wp\/v2\/tag_1?post=122365"},{"taxonomy":"un_certified","embeddable":true,"href":"https:\/\/zam.webfactor.com\/de\/wp-json\/wp\/v2\/un_certified?post=122365"},{"taxonomy":"yst_prominent_words","embeddable":true,"href":"https:\/\/zam.webfactor.com\/de\/wp-json\/wp\/v2\/yst_prominent_words?post=122365"}],"curies":[{"name":"wp","href":"https:\/\/api.w.org\/{rel}","templated":true}]}}