{"id":122397,"date":"2023-10-02T14:45:30","date_gmt":"2023-10-02T11:45:30","guid":{"rendered":"https:\/\/zam.webfactor.com\/p\/unkategorisiert\/palettenbox-karton-massgeschneidert\/"},"modified":"2026-05-01T13:39:31","modified_gmt":"2026-05-01T10:39:31","slug":"palettenbox-karton-massgeschneidert","status":"publish","type":"product","link":"https:\/\/zam.webfactor.com\/de\/p\/karton\/palettenbox-karton-massgeschneidert\/","title":{"rendered":"Palettenbox Karton &#8211; Ma\u00dfgeschneidert"},"content":{"rendered":"<p>Unsere ma\u00dfgefertigten Palettenboxen aus Karton werden h\u00e4ufig f\u00fcr Export- und Produktlieferungen an Kunden verwendet. Sie werden auch f\u00fcr interne Prozesse in Produktionsunternehmen eingesetzt.<\/p>\n<p><strong>MA\u00dfGESCHNEIDERT<\/strong><br \/>\nPalettenkartons sind in vielen Gr\u00f6\u00dfen erh\u00e4ltlich, bis zu einer L\u00e4nge von 2400 mm.<br \/>\nAbh\u00e4ngig von den darin befindlichen Produkten und der gew\u00fcnschten Tragf\u00e4higkeit w\u00e4hlen wir gemeinsam mit Ihnen den geeigneten Kistentyp und die Kistenkonstruktion aus.<\/p>\n<p><strong>LADEKAPAZIT\u00c4T<\/strong><br \/>\nPalettenboxen aus Karton k\u00f6nnen eine Tragf\u00e4higkeit von mehr als 1.000 kg und mit einer speziellen Konstruktion sogar bis zu 4.000 kg haben.<\/p>\n<p>Diese Palettenboxen halten nicht nur schwere Lasten aus, sondern bieten auch Herstellern und H\u00e4ndlern, die t\u00e4glich Produkte transportieren und lagern m\u00fcssen, unabh\u00e4ngig von deren Gr\u00f6\u00dfe, Form oder Gewicht, handfeste Vorteile. Das Material, aus dem sie hergestellt sind &#8211; Wellpappe &#8211; macht Kartonagen leicht recycelbar, wiederverwendbar und kosteng\u00fcnstig f\u00fcr den einmaligen Gebrauch.<\/p>\n<p><strong>VORTEILE VON PALETTENKARTONS<\/strong><\/p>\n<ul>\n<li>Sie sind im Vergleich zu anderen Arten von Palettenboxen kosteng\u00fcnstig in der Herstellung, daher ihr konkurrenzf\u00e4higer Preis.<\/li>\n<li>Bei richtiger Pflege k\u00f6nnen sie mehrere Male verwendet werden.<\/li>\n<li>Sie sind im Lager und im LKW stapelbar. Es kommt auch auf das Design an. Ein klappbarer Rahmen erschwert zum Beispiel das Stapeln in die H\u00f6he.<\/li>\n<li>F\u00fcr den Transport per Schiff haben wir Palettenkartons aus Karton mit einer Schutzschicht gegen feuchte Umgebungen.<\/li>\n<li>Einer der gr\u00f6\u00dften Vorteile von Palettenboxen aus Pappe ist, dass sie viel weniger wiegen als Palettenboxen aus Holz, Metall oder sogar Kunststoff. Und das ist sehr wichtig, vor allem bei der Luftfracht, wo jedes Gramm z\u00e4hlt.<\/li>\n<li>Aufgrund des Materials, aus dem sie hergestellt sind, sind sie die sichersten Palettenboxen f\u00fcr Lagerarbeiter. Sie haben keine N\u00e4gel, sehr harte Oberfl\u00e4chen oder gef\u00e4hrliche Kanten.<\/li>\n<li>Einfaches und schnelles Be- und Entladen von Waren. Sie k\u00f6nnen auch einen Karton aus Wellpappe mit Klappfenster oder einer vollst\u00e4ndig abnehmbaren Front bestellen.<\/li>\n<li>Kartons gibt es in allen Gr\u00f6\u00dfen, Formen, Fassungsverm\u00f6gen und Konstruktionen<\/li>\n<\/ul>\n","protected":false},"excerpt":{"rendered":"<p>Unsere ma\u00dfgefertigten Palettenboxen aus Karton werden h\u00e4ufig f\u00fcr Export- und Produktlieferungen an Kunden verwendet. Sie werden auch f\u00fcr interne Prozesse in Produktionsunternehmen eingesetzt. MA\u00dfGESCHNEIDERT Palettenkartons sind in vielen Gr\u00f6\u00dfen erh\u00e4ltlich, bis zu einer L\u00e4nge von 2400 mm. Abh\u00e4ngig von den darin befindlichen Produkten und der gew\u00fcnschten Tragf\u00e4higkeit w\u00e4hlen wir gemeinsam mit Ihnen den geeigneten Kistentyp [&hellip;]<\/p>\n","protected":false},"featured_media":119295,"comment_status":"closed","ping_status":"open","template":"","meta":[],"product_cat":[7775],"product_tag":[],"ground_size":[],"external_dimension":[],"height_in_filter":[8202],"ground_size_filter":[],"rental_option":[],"interior_dimensions":[],"interior_volume":[],"height_when_folded":[],"wall_thickness":[7797],"load_capacity_static":[],"load_capacity_dynamisch":[],"stacking":[],"condition":[8035],"folding_window":[8606],"mouse_tight":[8036],"lid":[8047],"inside_height":[],"weight_in_ex_pallet":[8043],"wall_type":[8038],"product_consists":[8058],"tag_1":[8059],"un_certified":[8041],"yst_prominent_words":[],"class_list":["post-122397","product","type-product","status-publish","has-post-thumbnail","hentry","product_cat-karton","condition-neu"],"_links":{"self":[{"href":"https:\/\/zam.webfactor.com\/de\/wp-json\/wp\/v2\/product\/122397","targetHints":{"allow":["GET"]}}],"collection":[{"href":"https:\/\/zam.webfactor.com\/de\/wp-json\/wp\/v2\/product"}],"about":[{"href":"https:\/\/zam.webfactor.com\/de\/wp-json\/wp\/v2\/types\/product"}],"replies":[{"embeddable":true,"href":"https:\/\/zam.webfactor.com\/de\/wp-json\/wp\/v2\/comments?post=122397"}],"wp:featuredmedia":[{"embeddable":true,"href":"https:\/\/zam.webfactor.com\/de\/wp-json\/wp\/v2\/media\/119295"}],"wp:attachment":[{"href":"https:\/\/zam.webfactor.com\/de\/wp-json\/wp\/v2\/media?parent=122397"}],"wp:term":[{"taxonomy":"product_cat","embeddable":true,"href":"https:\/\/zam.webfactor.com\/de\/wp-json\/wp\/v2\/product_cat?post=122397"},{"taxonomy":"product_tag","embeddable":true,"href":"https:\/\/zam.webfactor.com\/de\/wp-json\/wp\/v2\/product_tag?post=122397"},{"taxonomy":"ground_size","embeddable":true,"href":"https:\/\/zam.webfactor.com\/de\/wp-json\/wp\/v2\/ground_size?post=122397"},{"taxonomy":"external_dimension","embeddable":true,"href":"https:\/\/zam.webfactor.com\/de\/wp-json\/wp\/v2\/external_dimension?post=122397"},{"taxonomy":"height_in_filter","embeddable":true,"href":"https:\/\/zam.webfactor.com\/de\/wp-json\/wp\/v2\/height_in_filter?post=122397"},{"taxonomy":"ground_size_filter","embeddable":true,"href":"https:\/\/zam.webfactor.com\/de\/wp-json\/wp\/v2\/ground_size_filter?post=122397"},{"taxonomy":"rental_option","embeddable":true,"href":"https:\/\/zam.webfactor.com\/de\/wp-json\/wp\/v2\/rental_option?post=122397"},{"taxonomy":"interior_dimensions","embeddable":true,"href":"https:\/\/zam.webfactor.com\/de\/wp-json\/wp\/v2\/interior_dimensions?post=122397"},{"taxonomy":"interior_volume","embeddable":true,"href":"https:\/\/zam.webfactor.com\/de\/wp-json\/wp\/v2\/interior_volume?post=122397"},{"taxonomy":"height_when_folded","embeddable":true,"href":"https:\/\/zam.webfactor.com\/de\/wp-json\/wp\/v2\/height_when_folded?post=122397"},{"taxonomy":"wall_thickness","embeddable":true,"href":"https:\/\/zam.webfactor.com\/de\/wp-json\/wp\/v2\/wall_thickness?post=122397"},{"taxonomy":"load_capacity_static","embeddable":true,"href":"https:\/\/zam.webfactor.com\/de\/wp-json\/wp\/v2\/load_capacity_static?post=122397"},{"taxonomy":"load_capacity_dynamisch","embeddable":true,"href":"https:\/\/zam.webfactor.com\/de\/wp-json\/wp\/v2\/load_capacity_dynamisch?post=122397"},{"taxonomy":"stacking","embeddable":true,"href":"https:\/\/zam.webfactor.com\/de\/wp-json\/wp\/v2\/stacking?post=122397"},{"taxonomy":"condition","embeddable":true,"href":"https:\/\/zam.webfactor.com\/de\/wp-json\/wp\/v2\/condition?post=122397"},{"taxonomy":"folding_window","embeddable":true,"href":"https:\/\/zam.webfactor.com\/de\/wp-json\/wp\/v2\/folding_window?post=122397"},{"taxonomy":"mouse_tight","embeddable":true,"href":"https:\/\/zam.webfactor.com\/de\/wp-json\/wp\/v2\/mouse_tight?post=122397"},{"taxonomy":"lid","embeddable":true,"href":"https:\/\/zam.webfactor.com\/de\/wp-json\/wp\/v2\/lid?post=122397"},{"taxonomy":"inside_height","embeddable":true,"href":"https:\/\/zam.webfactor.com\/de\/wp-json\/wp\/v2\/inside_height?post=122397"},{"taxonomy":"weight_in_ex_pallet","embeddable":true,"href":"https:\/\/zam.webfactor.com\/de\/wp-json\/wp\/v2\/weight_in_ex_pallet?post=122397"},{"taxonomy":"wall_type","embeddable":true,"href":"https:\/\/zam.webfactor.com\/de\/wp-json\/wp\/v2\/wall_type?post=122397"},{"taxonomy":"product_consists","embeddable":true,"href":"https:\/\/zam.webfactor.com\/de\/wp-json\/wp\/v2\/product_consists?post=122397"},{"taxonomy":"tag_1","embeddable":true,"href":"https:\/\/zam.webfactor.com\/de\/wp-json\/wp\/v2\/tag_1?post=122397"},{"taxonomy":"un_certified","embeddable":true,"href":"https:\/\/zam.webfactor.com\/de\/wp-json\/wp\/v2\/un_certified?post=122397"},{"taxonomy":"yst_prominent_words","embeddable":true,"href":"https:\/\/zam.webfactor.com\/de\/wp-json\/wp\/v2\/yst_prominent_words?post=122397"}],"curies":[{"name":"wp","href":"https:\/\/api.w.org\/{rel}","templated":true}]}}