{"id":122401,"date":"2023-10-02T14:45:30","date_gmt":"2023-10-02T11:45:30","guid":{"rendered":"https:\/\/zam.webfactor.com\/p\/unkategorisiert\/holzkiste-1000x1200mm-clip-box\/"},"modified":"2026-04-29T03:44:25","modified_gmt":"2026-04-29T00:44:25","slug":"holzkiste-1000x1200mm-clip-box","status":"publish","type":"product","link":"https:\/\/zam.webfactor.com\/de\/p\/holz\/holzkiste-1000x1200mm-clip-box\/","title":{"rendered":"Holzkiste 1000x1200mm &#8211; Clip Box"},"content":{"rendered":"<p>Diese Holzkiste mit verzinkten Klammern erleichtert das Verpacken von schweren Produkten bis zu 5 Tonnen. Dank seines Clipsystems ist er leicht zu montieren und zu demontieren und kann mehrfach wiederverwendet werden.<br \/>\nSie ist leichter als herk\u00f6mmliche Holzkisten. Jede Seite ist separat, leicht und ergonomisch f\u00fcr den Bediener.<br \/>\nAu\u00dferdem kann es leicht recycelt werden.<\/p>\n<p>Mit diesen Kisten k\u00f6nnen Waren kosteng\u00fcnstig, sicher und ohne Besch\u00e4digung transportiert werden. Durch die doppelte Stapelung im Lkw wird keine Luft transportiert. Staubfrei. Wiederverwendbare und zuverl\u00e4ssige Konstruktion. Wird auch f\u00fcr den Export verwendet.<\/p>\n<p>FEATURES<br \/>\n&#8211; Solide: sehr sto\u00dffest<br \/>\n&#8211; ISPM 15 zertifiziert<br \/>\n&#8211; Geeignet f\u00fcr alle Transporte (Luft-Land-See)<br \/>\n&#8211; Kann individuell gestaltet werden (Beschriftung, Griffe, Innenausstattung, offene Front usw.)<br \/>\n&#8211; Auch in einer verst\u00e4rkten Version erh\u00e4ltlich<br \/>\n&#8211; Erh\u00e4ltlich in kundenspezifischen Gr\u00f6\u00dfen bis zu 6.000 x 2.400<\/p>\n","protected":false},"excerpt":{"rendered":"<p>Diese Holzkiste mit verzinkten Klammern erleichtert das Verpacken von schweren Produkten bis zu 5 Tonnen. Dank seines Clipsystems ist er leicht zu montieren und zu demontieren und kann mehrfach wiederverwendet werden. Sie ist leichter als herk\u00f6mmliche Holzkisten. Jede Seite ist separat, leicht und ergonomisch f\u00fcr den Bediener. Au\u00dferdem kann es leicht recycelt werden. Mit diesen [&hellip;]<\/p>\n","protected":false},"featured_media":112363,"comment_status":"closed","ping_status":"open","template":"","meta":[],"product_cat":[7774],"product_tag":[],"ground_size":[8082],"external_dimension":[8132],"height_in_filter":[8202],"ground_size_filter":[8208],"rental_option":[],"interior_dimensions":[8324],"interior_volume":[],"height_when_folded":[],"wall_thickness":[8442],"load_capacity_static":[8472],"load_capacity_dynamisch":[8510],"stacking":[8525],"condition":[8035],"folding_window":[8042],"mouse_tight":[8036],"lid":[8047],"inside_height":[],"weight_in_ex_pallet":[],"wall_type":[8038],"product_consists":[8048],"tag_1":[8049],"un_certified":[8041],"yst_prominent_words":[],"class_list":["post-122401","product","type-product","status-publish","has-post-thumbnail","hentry","product_cat-holz","condition-neu"],"_links":{"self":[{"href":"https:\/\/zam.webfactor.com\/de\/wp-json\/wp\/v2\/product\/122401","targetHints":{"allow":["GET"]}}],"collection":[{"href":"https:\/\/zam.webfactor.com\/de\/wp-json\/wp\/v2\/product"}],"about":[{"href":"https:\/\/zam.webfactor.com\/de\/wp-json\/wp\/v2\/types\/product"}],"replies":[{"embeddable":true,"href":"https:\/\/zam.webfactor.com\/de\/wp-json\/wp\/v2\/comments?post=122401"}],"wp:featuredmedia":[{"embeddable":true,"href":"https:\/\/zam.webfactor.com\/de\/wp-json\/wp\/v2\/media\/112363"}],"wp:attachment":[{"href":"https:\/\/zam.webfactor.com\/de\/wp-json\/wp\/v2\/media?parent=122401"}],"wp:term":[{"taxonomy":"product_cat","embeddable":true,"href":"https:\/\/zam.webfactor.com\/de\/wp-json\/wp\/v2\/product_cat?post=122401"},{"taxonomy":"product_tag","embeddable":true,"href":"https:\/\/zam.webfactor.com\/de\/wp-json\/wp\/v2\/product_tag?post=122401"},{"taxonomy":"ground_size","embeddable":true,"href":"https:\/\/zam.webfactor.com\/de\/wp-json\/wp\/v2\/ground_size?post=122401"},{"taxonomy":"external_dimension","embeddable":true,"href":"https:\/\/zam.webfactor.com\/de\/wp-json\/wp\/v2\/external_dimension?post=122401"},{"taxonomy":"height_in_filter","embeddable":true,"href":"https:\/\/zam.webfactor.com\/de\/wp-json\/wp\/v2\/height_in_filter?post=122401"},{"taxonomy":"ground_size_filter","embeddable":true,"href":"https:\/\/zam.webfactor.com\/de\/wp-json\/wp\/v2\/ground_size_filter?post=122401"},{"taxonomy":"rental_option","embeddable":true,"href":"https:\/\/zam.webfactor.com\/de\/wp-json\/wp\/v2\/rental_option?post=122401"},{"taxonomy":"interior_dimensions","embeddable":true,"href":"https:\/\/zam.webfactor.com\/de\/wp-json\/wp\/v2\/interior_dimensions?post=122401"},{"taxonomy":"interior_volume","embeddable":true,"href":"https:\/\/zam.webfactor.com\/de\/wp-json\/wp\/v2\/interior_volume?post=122401"},{"taxonomy":"height_when_folded","embeddable":true,"href":"https:\/\/zam.webfactor.com\/de\/wp-json\/wp\/v2\/height_when_folded?post=122401"},{"taxonomy":"wall_thickness","embeddable":true,"href":"https:\/\/zam.webfactor.com\/de\/wp-json\/wp\/v2\/wall_thickness?post=122401"},{"taxonomy":"load_capacity_static","embeddable":true,"href":"https:\/\/zam.webfactor.com\/de\/wp-json\/wp\/v2\/load_capacity_static?post=122401"},{"taxonomy":"load_capacity_dynamisch","embeddable":true,"href":"https:\/\/zam.webfactor.com\/de\/wp-json\/wp\/v2\/load_capacity_dynamisch?post=122401"},{"taxonomy":"stacking","embeddable":true,"href":"https:\/\/zam.webfactor.com\/de\/wp-json\/wp\/v2\/stacking?post=122401"},{"taxonomy":"condition","embeddable":true,"href":"https:\/\/zam.webfactor.com\/de\/wp-json\/wp\/v2\/condition?post=122401"},{"taxonomy":"folding_window","embeddable":true,"href":"https:\/\/zam.webfactor.com\/de\/wp-json\/wp\/v2\/folding_window?post=122401"},{"taxonomy":"mouse_tight","embeddable":true,"href":"https:\/\/zam.webfactor.com\/de\/wp-json\/wp\/v2\/mouse_tight?post=122401"},{"taxonomy":"lid","embeddable":true,"href":"https:\/\/zam.webfactor.com\/de\/wp-json\/wp\/v2\/lid?post=122401"},{"taxonomy":"inside_height","embeddable":true,"href":"https:\/\/zam.webfactor.com\/de\/wp-json\/wp\/v2\/inside_height?post=122401"},{"taxonomy":"weight_in_ex_pallet","embeddable":true,"href":"https:\/\/zam.webfactor.com\/de\/wp-json\/wp\/v2\/weight_in_ex_pallet?post=122401"},{"taxonomy":"wall_type","embeddable":true,"href":"https:\/\/zam.webfactor.com\/de\/wp-json\/wp\/v2\/wall_type?post=122401"},{"taxonomy":"product_consists","embeddable":true,"href":"https:\/\/zam.webfactor.com\/de\/wp-json\/wp\/v2\/product_consists?post=122401"},{"taxonomy":"tag_1","embeddable":true,"href":"https:\/\/zam.webfactor.com\/de\/wp-json\/wp\/v2\/tag_1?post=122401"},{"taxonomy":"un_certified","embeddable":true,"href":"https:\/\/zam.webfactor.com\/de\/wp-json\/wp\/v2\/un_certified?post=122401"},{"taxonomy":"yst_prominent_words","embeddable":true,"href":"https:\/\/zam.webfactor.com\/de\/wp-json\/wp\/v2\/yst_prominent_words?post=122401"}],"curies":[{"name":"wp","href":"https:\/\/api.w.org\/{rel}","templated":true}]}}