{"id":122410,"date":"2023-10-02T14:46:01","date_gmt":"2023-10-02T11:46:01","guid":{"rendered":"https:\/\/zam.webfactor.com\/p\/unkategorisiert\/kunststoff-kaltkette-palettenbox-1000x1200\/"},"modified":"2026-04-27T04:21:35","modified_gmt":"2026-04-27T01:21:35","slug":"kunststoff-kaltkette-palettenbox-1000x1200","status":"publish","type":"product","link":"https:\/\/zam.webfactor.com\/de\/p\/kunststoff\/kunststoff-kaltkette-palettenbox-1000x1200\/","title":{"rendered":"Kunststoff Kaltkette Palettenbox &#8211; 1000&#215;1200"},"content":{"rendered":"<p>Wiederverwendbarer K\u00fchlketten-Palettenbox. Diese Palettenbox hat eine Palettenabmessung von 1000 x 1200 mm, kann jedoch standardm\u00e4\u00dfig in den folgenden Palettenabmessungen und einer H\u00f6he Ihrer Wahl geliefert werden:<\/p>\n<p><strong>AUSSEN<\/strong>\u00a0(mm) \u00a0\u00a0<strong>INNEN<\/strong>\u00a0(mm)<br \/>\n1200 \u00d7 800 \u00a0\u00a0\u00a0\u00a0\u00a0\u00a0\u00a0 1090 x 690<br \/>\n1200 \u00d7 1000 \u00a0\u00a0\u00a0\u00a0\u00a0 1085 x 885<br \/>\n1140 \u00d7 790 \u00a0\u00a0\u00a0\u00a0\u00a0\u00a0\u00a0 1025 x 675<br \/>\n1140 \u00d7 980 \u00a0\u00a0\u00a0\u00a0\u00a0\u00a0\u00a0 1025 x 865<br \/>\n1220 \u00d7 1140 \u00a0\u00a0\u00a0\u00a0\u00a0 1110 x 1030<br \/>\n1300 \u00d7 1140 \u00a0\u00a0\u00a0\u00a0\u00a0 1185 \u00d7 1025<br \/>\n1470 \u00d7 1140 \u00a0\u00a0\u00a0\u00a0\u00a0 1355 \u00d7 1025<br \/>\n1550 x 1140 *\u00a0 \u00a0 1445 x 1115<br \/>\n1600 \u00d7 1140 \u00a0\u00a0\u00a0\u00a0\u00a0 1495 x 1015<br \/>\n<em>* Passgernau eines Viertels einer PMC-Platte (f\u00fcr Luftfracht).<br \/>\n<\/em><\/p>\n<p><strong>BAU<br \/>\n<\/strong>W\u00c4NDE:<strong>\u00a0\u00a0\u00a0\u00a0\u00a0\u00a0\u00a0\u00a0\u00a0\u00a0\u00a0\u00a0\u00a0\u00a0\u00a0\u00a0\u00a0\u00a0\u00a0\u00a0\u00a0\u00a0\u00a0\u00a0\u00a0\u00a0\u00a0\u00a0\u00a0\u00a0\u00a0\u00a0\u00a0 <\/strong>10 mm dicke, schlagfeste Polypropylenzelle mit einer<br \/>\nDichte von 3.000 g \/ m2 strukturiertes laminiertes Plattenmaterial<br \/>\nWANDISOLIERUNG:\u00a0\u00a0\u00a0\u00a0\u00a0\u00a0\u00a0\u00a0\u00a0\u00a0\u00a0\u00a0\u00a0 VIP-Paneele (vakuumisolierte Paneele) mit Quarzglas<br \/>\nKANTEN:\u00a0\u00a0\u00a0\u00a0\u00a0\u00a0\u00a0\u00a0\u00a0\u00a0\u00a0\u00a0\u00a0\u00a0\u00a0\u00a0\u00a0\u00a0\u00a0\u00a0\u00a0\u00a0\u00a0\u00a0\u00a0\u00a0\u00a0\u00a0\u00a0\u00a0\u00a0 Alle Kanten sind aus hygienischen Gr\u00fcnden versiegelt<br \/>\nPALETTE &amp; DECKEL:\u00a0\u00a0\u00a0\u00a0\u00a0\u00a0\u00a0\u00a0\u00a0\u00a0\u00a0\u00a0 Hdpe Twin Sheet Spritzguss (mittels Blasformtechnik<br \/>\nBAU:\u00a0\u00a0\u00a0\u00a0\u00a0\u00a0\u00a0\u00a0\u00a0\u00a0\u00a0\u00a0\u00a0\u00a0\u00a0\u00a0\u00a0\u00a0\u00a0\u00a0\u00a0\u00a0\u00a0\u00a0\u00a0\u00a0\u00a0\u00a0\u00a0\u00a0\u00a0\u00a0\u00a0\u00a0\u00a0\u00a0\u00a0\u00a0 Die H\u00fclse wird tief in die Palettenfelgen gesteckt, danach k\u00f6nnen<br \/>\nProdukte geladen sein. Der Deckel wird auf die W\u00e4nde gelegt,<br \/>\num den Beh\u00e4lter zu schlie\u00dfen und stapelbar zu machen.<br \/>\nOptional k\u00f6nnen die W\u00e4nde mit einem Verriegelungssystem<br \/>\nan Palette und Deckel befestigt werden.<\/p>\n<p><strong>VERF\u00dcGBARE OPTIONEN<br \/>\n<\/strong>\u2013 Verriegelungssystem an Deckel (4x) und Palette (4x)<br \/>\n\u2013 schwerere W\u00e4nde<br \/>\n\u2013 Seidendruck der H\u00fclle in 1 oder 2 Farben<br \/>\n\u2013 Barcode-Druck<br \/>\n\u2013 Etikettenhalter<br \/>\n\u2013 freiw\u00e4hlbare Farbe<br \/>\n\u2013 benutzerdefinierte Abmessungen<br \/>\n<strong><br \/>\nPASSIVE TEMPERATURKONTROLLE<br \/>\n<\/strong>Zum Abk\u00fchlen bis -20 Grad (Celcius) und weniger \u00fcber 72 Stunden ist kein Trockeneis erforderlich.<br \/>\nDies spart Platz, Gewicht und Tragf\u00e4higkeit. Au\u00dferdem wird der Luftfrachtzuschlag f\u00fcr den Transport gef\u00e4hrlicher Stoffe vermieden<\/p>\n<p><strong>ISOLIERUNG<br \/>\n<\/strong>Die W\u00e4nde des Palettencontainer sind mit 25mm VIP-Quarzglasplatten (vakuumisolierte Platten) isoliert. Daneben werden wiederverwendbare PCM-Platten (Phasenwechselmaterial) verwendet, um je nach Produkt die erforderliche K\u00fchl- \/ Gefriertemperatur zu erhalten.<br \/>\nDies f\u00fchrt zu hohen Isolationswerten, wodurch die Produkte bis zu 72 Stunden kalt oder gefroren bleiben.<\/p>\n<p><strong>ELEKTRONISCHE \u00dcBERWACHUNG<br \/>\n<\/strong>Mit einem elektronischen Ger\u00e4t in jedem Beh\u00e4lter wird die Temperatur w\u00e4hrend des Transports \u00fcberwacht, um Ihren Kunden die Gewissheit \u00fcber die richtige Temperatur w\u00e4hrend des Transports zu geben.<\/p>\n<p><strong>QUALIT\u00c4T<br \/>\n<\/strong>Das Design der K\u00fchlketten-Palettenbeh\u00e4lter von ZAMKO wurde sorgf\u00e4ltig durchdacht, wobei die Bed\u00fcrfnisse der Kunden ber\u00fccksichtigt wurden.<br \/>\nEs werden nur hochwertige Materialien verwendet. Mehr als 500.000 dieser Palettenbeh\u00e4lter wurden in den letzten Jahren bereits verwendet und getestet.<\/p>\n<p>Durch die starken W\u00e4nde aus 10 mm laminierten Strukturkammerplatten, erhalten Ihre Waren einen optimalen Seitenaufprallschutz. Die Qualit\u00e4t Ihres Produkts, das am Bestimmungsort des Kunden ankommt, ist gew\u00e4hrleistet.<\/p>\n<p><strong>POOLING<br \/>\n<\/strong>Durch die Verwendung der Pooling-L\u00f6sung von ZAMKO k\u00f6nnen unsere Kunden hochwertige wiederverwendbare K\u00fchlkettenbeh\u00e4lter mit einem hohen Isolationswert verwenden. Und weniger Geld bezahlen als f\u00fcr Einwegverpackungen.<\/p>\n<p>Der Prozess der R\u00fccknahme, HACCP-Reinigung und Reparatur der Beh\u00e4lter, die wir vollst\u00e4ndig aus Ihren H\u00e4nden nehmen. Die notwendigen Verpackungsbeh\u00e4lter werden rechtzeitig beim Kunden geliefert, um die Waren zu verpacken und zu versenden.<\/p>\n","protected":false},"excerpt":{"rendered":"<p>Wiederverwendbarer K\u00fchlketten-Palettenbox. Diese Palettenbox hat eine Palettenabmessung von 1000 x 1200 mm, kann jedoch standardm\u00e4\u00dfig in den folgenden Palettenabmessungen und einer H\u00f6he Ihrer Wahl geliefert werden: AUSSEN\u00a0(mm) \u00a0\u00a0INNEN\u00a0(mm) 1200 \u00d7 800 \u00a0\u00a0\u00a0\u00a0\u00a0\u00a0\u00a0 1090 x 690 1200 \u00d7 1000 \u00a0\u00a0\u00a0\u00a0\u00a0 1085 x 885 1140 \u00d7 790 \u00a0\u00a0\u00a0\u00a0\u00a0\u00a0\u00a0 1025 x 675 1140 \u00d7 980 \u00a0\u00a0\u00a0\u00a0\u00a0\u00a0\u00a0 1025 x [&hellip;]<\/p>\n","protected":false},"featured_media":119421,"comment_status":"closed","ping_status":"open","template":"","meta":[],"product_cat":[7776],"product_tag":[],"ground_size":[8082],"external_dimension":[8108],"height_in_filter":[8202],"ground_size_filter":[8208],"rental_option":[],"interior_dimensions":[8326],"interior_volume":[8370],"height_when_folded":[8410],"wall_thickness":[8436],"load_capacity_static":[],"load_capacity_dynamisch":[8500],"stacking":[8525],"condition":[8035],"folding_window":[8606],"mouse_tight":[8609],"lid":[8047],"inside_height":[8549],"weight_in_ex_pallet":[],"wall_type":[8038],"product_consists":[8048],"tag_1":[8040],"un_certified":[8041],"yst_prominent_words":[],"class_list":["post-122410","product","type-product","status-publish","has-post-thumbnail","hentry","product_cat-kunststoff","condition-neu"],"_links":{"self":[{"href":"https:\/\/zam.webfactor.com\/de\/wp-json\/wp\/v2\/product\/122410","targetHints":{"allow":["GET"]}}],"collection":[{"href":"https:\/\/zam.webfactor.com\/de\/wp-json\/wp\/v2\/product"}],"about":[{"href":"https:\/\/zam.webfactor.com\/de\/wp-json\/wp\/v2\/types\/product"}],"replies":[{"embeddable":true,"href":"https:\/\/zam.webfactor.com\/de\/wp-json\/wp\/v2\/comments?post=122410"}],"wp:featuredmedia":[{"embeddable":true,"href":"https:\/\/zam.webfactor.com\/de\/wp-json\/wp\/v2\/media\/119421"}],"wp:attachment":[{"href":"https:\/\/zam.webfactor.com\/de\/wp-json\/wp\/v2\/media?parent=122410"}],"wp:term":[{"taxonomy":"product_cat","embeddable":true,"href":"https:\/\/zam.webfactor.com\/de\/wp-json\/wp\/v2\/product_cat?post=122410"},{"taxonomy":"product_tag","embeddable":true,"href":"https:\/\/zam.webfactor.com\/de\/wp-json\/wp\/v2\/product_tag?post=122410"},{"taxonomy":"ground_size","embeddable":true,"href":"https:\/\/zam.webfactor.com\/de\/wp-json\/wp\/v2\/ground_size?post=122410"},{"taxonomy":"external_dimension","embeddable":true,"href":"https:\/\/zam.webfactor.com\/de\/wp-json\/wp\/v2\/external_dimension?post=122410"},{"taxonomy":"height_in_filter","embeddable":true,"href":"https:\/\/zam.webfactor.com\/de\/wp-json\/wp\/v2\/height_in_filter?post=122410"},{"taxonomy":"ground_size_filter","embeddable":true,"href":"https:\/\/zam.webfactor.com\/de\/wp-json\/wp\/v2\/ground_size_filter?post=122410"},{"taxonomy":"rental_option","embeddable":true,"href":"https:\/\/zam.webfactor.com\/de\/wp-json\/wp\/v2\/rental_option?post=122410"},{"taxonomy":"interior_dimensions","embeddable":true,"href":"https:\/\/zam.webfactor.com\/de\/wp-json\/wp\/v2\/interior_dimensions?post=122410"},{"taxonomy":"interior_volume","embeddable":true,"href":"https:\/\/zam.webfactor.com\/de\/wp-json\/wp\/v2\/interior_volume?post=122410"},{"taxonomy":"height_when_folded","embeddable":true,"href":"https:\/\/zam.webfactor.com\/de\/wp-json\/wp\/v2\/height_when_folded?post=122410"},{"taxonomy":"wall_thickness","embeddable":true,"href":"https:\/\/zam.webfactor.com\/de\/wp-json\/wp\/v2\/wall_thickness?post=122410"},{"taxonomy":"load_capacity_static","embeddable":true,"href":"https:\/\/zam.webfactor.com\/de\/wp-json\/wp\/v2\/load_capacity_static?post=122410"},{"taxonomy":"load_capacity_dynamisch","embeddable":true,"href":"https:\/\/zam.webfactor.com\/de\/wp-json\/wp\/v2\/load_capacity_dynamisch?post=122410"},{"taxonomy":"stacking","embeddable":true,"href":"https:\/\/zam.webfactor.com\/de\/wp-json\/wp\/v2\/stacking?post=122410"},{"taxonomy":"condition","embeddable":true,"href":"https:\/\/zam.webfactor.com\/de\/wp-json\/wp\/v2\/condition?post=122410"},{"taxonomy":"folding_window","embeddable":true,"href":"https:\/\/zam.webfactor.com\/de\/wp-json\/wp\/v2\/folding_window?post=122410"},{"taxonomy":"mouse_tight","embeddable":true,"href":"https:\/\/zam.webfactor.com\/de\/wp-json\/wp\/v2\/mouse_tight?post=122410"},{"taxonomy":"lid","embeddable":true,"href":"https:\/\/zam.webfactor.com\/de\/wp-json\/wp\/v2\/lid?post=122410"},{"taxonomy":"inside_height","embeddable":true,"href":"https:\/\/zam.webfactor.com\/de\/wp-json\/wp\/v2\/inside_height?post=122410"},{"taxonomy":"weight_in_ex_pallet","embeddable":true,"href":"https:\/\/zam.webfactor.com\/de\/wp-json\/wp\/v2\/weight_in_ex_pallet?post=122410"},{"taxonomy":"wall_type","embeddable":true,"href":"https:\/\/zam.webfactor.com\/de\/wp-json\/wp\/v2\/wall_type?post=122410"},{"taxonomy":"product_consists","embeddable":true,"href":"https:\/\/zam.webfactor.com\/de\/wp-json\/wp\/v2\/product_consists?post=122410"},{"taxonomy":"tag_1","embeddable":true,"href":"https:\/\/zam.webfactor.com\/de\/wp-json\/wp\/v2\/tag_1?post=122410"},{"taxonomy":"un_certified","embeddable":true,"href":"https:\/\/zam.webfactor.com\/de\/wp-json\/wp\/v2\/un_certified?post=122410"},{"taxonomy":"yst_prominent_words","embeddable":true,"href":"https:\/\/zam.webfactor.com\/de\/wp-json\/wp\/v2\/yst_prominent_words?post=122410"}],"curies":[{"name":"wp","href":"https:\/\/api.w.org\/{rel}","templated":true}]}}