{"id":122412,"date":"2023-10-02T14:46:01","date_gmt":"2023-10-02T11:46:01","guid":{"rendered":"https:\/\/zam.webfactor.com\/p\/unkategorisiert\/kunststoff-palettenbox-sleeve-1000x1200-3\/"},"modified":"2026-04-24T06:03:23","modified_gmt":"2026-04-24T03:03:23","slug":"kunststoff-palettenbox-sleeve-1000x1200-3","status":"publish","type":"product","link":"https:\/\/zam.webfactor.com\/de\/p\/kunststoff\/kunststoff-palettenbox-sleeve-1000x1200-3\/","title":{"rendered":"Kunststoff Palettenbox Sleeve &#8211; 1000&#215;1200"},"content":{"rendered":"<p>Palettenbox, Polybox order Tripbox mit Bodengr\u00f6\u00dfe 1000x1200mm. W\u00e4nde von 10mm Hohlkammerplatte, kombiniert mit einer guten Stapelkapazit\u00e4t. Hohe Qualit\u00e4t f\u00fcr langj\u00e4hrige Nutzung. Diese Boxen bestehen aus Virgin-Kunststoff (pp) und sind daher auch f\u00fcr die Lebensmittelindustrie und die Pharmaindustrie geeignet. Alle Kanten sind versiegelt, so dass hier keine Verunreinigungen auftreten k\u00f6nnen und auch eine Reinigung nach HACCP-Standards m\u00f6glich ist. Die W\u00e4nde sind auf Palettengr\u00f6\u00dfe faltbar, so dass sie im zusammengeklappten Zustand leicht zu verstauen sind und gleichzeitig wenig Platz beanspruchen. Mit ein  Klappenfensters ist die Zug\u00e4nglichkeit der PAlettenBoxen beim Be- und Entladen weiter zu optimieren. Falls gew\u00fcnscht, kann die Klappe auch auf der kurzen Seite platziert werden oder die gesamte Vorderseite kann auf Anfrage entfernbar gemacht werden. Abh\u00e4ngig von Ihrer Logistik k\u00f6nnen wir diesen Palettenboxen mit Sleeve-W\u00e4nde anpassen und weiter optimieren. Optional ist auch das Drucken mit Ihrem Logo m\u00f6glich. Sowohl die Palette als auch der Deckel werden mittels eines Spritzguss-Herstellungsprozesses hergestellt. Aufgrund der guten Passform sind die Palettenk\u00e4sten leicht zu montieren. Trotz ihrer hohen Qualit\u00e4t hat diese Box einen unschlagbaren Preis, insbesondere im Vergleich zu dem gro\u00dfz\u00fcgigen, netto Inhalt. Sind Sie neugierig, fragen Sie bitte gleich nach unserem besten Preis!<\/p>\n","protected":false},"excerpt":{"rendered":"<p>Palettenbox, Polybox order Tripbox mit Bodengr\u00f6\u00dfe 1000x1200mm. W\u00e4nde von 10mm Hohlkammerplatte, kombiniert mit einer guten Stapelkapazit\u00e4t. Hohe Qualit\u00e4t f\u00fcr langj\u00e4hrige Nutzung. Diese Boxen bestehen aus Virgin-Kunststoff (pp) und sind daher auch f\u00fcr die Lebensmittelindustrie und die Pharmaindustrie geeignet. Alle Kanten sind versiegelt, so dass hier keine Verunreinigungen auftreten k\u00f6nnen und auch eine Reinigung nach HACCP-Standards [&hellip;]<\/p>\n","protected":false},"featured_media":0,"comment_status":"closed","ping_status":"open","template":"","meta":[],"product_cat":[7776],"product_tag":[],"ground_size":[8082],"external_dimension":[8132],"height_in_filter":[8202],"ground_size_filter":[8208],"rental_option":[],"interior_dimensions":[8328],"interior_volume":[],"height_when_folded":[8410],"wall_thickness":[8436],"load_capacity_static":[8486],"load_capacity_dynamisch":[8523],"stacking":[8529],"condition":[8035],"folding_window":[8042],"mouse_tight":[8609],"lid":[8047],"inside_height":[8551],"weight_in_ex_pallet":[],"wall_type":[8038],"product_consists":[8048],"tag_1":[8049],"un_certified":[8041],"yst_prominent_words":[],"class_list":["post-122412","product","type-product","status-publish","hentry","product_cat-kunststoff","condition-neu"],"_links":{"self":[{"href":"https:\/\/zam.webfactor.com\/de\/wp-json\/wp\/v2\/product\/122412","targetHints":{"allow":["GET"]}}],"collection":[{"href":"https:\/\/zam.webfactor.com\/de\/wp-json\/wp\/v2\/product"}],"about":[{"href":"https:\/\/zam.webfactor.com\/de\/wp-json\/wp\/v2\/types\/product"}],"replies":[{"embeddable":true,"href":"https:\/\/zam.webfactor.com\/de\/wp-json\/wp\/v2\/comments?post=122412"}],"wp:attachment":[{"href":"https:\/\/zam.webfactor.com\/de\/wp-json\/wp\/v2\/media?parent=122412"}],"wp:term":[{"taxonomy":"product_cat","embeddable":true,"href":"https:\/\/zam.webfactor.com\/de\/wp-json\/wp\/v2\/product_cat?post=122412"},{"taxonomy":"product_tag","embeddable":true,"href":"https:\/\/zam.webfactor.com\/de\/wp-json\/wp\/v2\/product_tag?post=122412"},{"taxonomy":"ground_size","embeddable":true,"href":"https:\/\/zam.webfactor.com\/de\/wp-json\/wp\/v2\/ground_size?post=122412"},{"taxonomy":"external_dimension","embeddable":true,"href":"https:\/\/zam.webfactor.com\/de\/wp-json\/wp\/v2\/external_dimension?post=122412"},{"taxonomy":"height_in_filter","embeddable":true,"href":"https:\/\/zam.webfactor.com\/de\/wp-json\/wp\/v2\/height_in_filter?post=122412"},{"taxonomy":"ground_size_filter","embeddable":true,"href":"https:\/\/zam.webfactor.com\/de\/wp-json\/wp\/v2\/ground_size_filter?post=122412"},{"taxonomy":"rental_option","embeddable":true,"href":"https:\/\/zam.webfactor.com\/de\/wp-json\/wp\/v2\/rental_option?post=122412"},{"taxonomy":"interior_dimensions","embeddable":true,"href":"https:\/\/zam.webfactor.com\/de\/wp-json\/wp\/v2\/interior_dimensions?post=122412"},{"taxonomy":"interior_volume","embeddable":true,"href":"https:\/\/zam.webfactor.com\/de\/wp-json\/wp\/v2\/interior_volume?post=122412"},{"taxonomy":"height_when_folded","embeddable":true,"href":"https:\/\/zam.webfactor.com\/de\/wp-json\/wp\/v2\/height_when_folded?post=122412"},{"taxonomy":"wall_thickness","embeddable":true,"href":"https:\/\/zam.webfactor.com\/de\/wp-json\/wp\/v2\/wall_thickness?post=122412"},{"taxonomy":"load_capacity_static","embeddable":true,"href":"https:\/\/zam.webfactor.com\/de\/wp-json\/wp\/v2\/load_capacity_static?post=122412"},{"taxonomy":"load_capacity_dynamisch","embeddable":true,"href":"https:\/\/zam.webfactor.com\/de\/wp-json\/wp\/v2\/load_capacity_dynamisch?post=122412"},{"taxonomy":"stacking","embeddable":true,"href":"https:\/\/zam.webfactor.com\/de\/wp-json\/wp\/v2\/stacking?post=122412"},{"taxonomy":"condition","embeddable":true,"href":"https:\/\/zam.webfactor.com\/de\/wp-json\/wp\/v2\/condition?post=122412"},{"taxonomy":"folding_window","embeddable":true,"href":"https:\/\/zam.webfactor.com\/de\/wp-json\/wp\/v2\/folding_window?post=122412"},{"taxonomy":"mouse_tight","embeddable":true,"href":"https:\/\/zam.webfactor.com\/de\/wp-json\/wp\/v2\/mouse_tight?post=122412"},{"taxonomy":"lid","embeddable":true,"href":"https:\/\/zam.webfactor.com\/de\/wp-json\/wp\/v2\/lid?post=122412"},{"taxonomy":"inside_height","embeddable":true,"href":"https:\/\/zam.webfactor.com\/de\/wp-json\/wp\/v2\/inside_height?post=122412"},{"taxonomy":"weight_in_ex_pallet","embeddable":true,"href":"https:\/\/zam.webfactor.com\/de\/wp-json\/wp\/v2\/weight_in_ex_pallet?post=122412"},{"taxonomy":"wall_type","embeddable":true,"href":"https:\/\/zam.webfactor.com\/de\/wp-json\/wp\/v2\/wall_type?post=122412"},{"taxonomy":"product_consists","embeddable":true,"href":"https:\/\/zam.webfactor.com\/de\/wp-json\/wp\/v2\/product_consists?post=122412"},{"taxonomy":"tag_1","embeddable":true,"href":"https:\/\/zam.webfactor.com\/de\/wp-json\/wp\/v2\/tag_1?post=122412"},{"taxonomy":"un_certified","embeddable":true,"href":"https:\/\/zam.webfactor.com\/de\/wp-json\/wp\/v2\/un_certified?post=122412"},{"taxonomy":"yst_prominent_words","embeddable":true,"href":"https:\/\/zam.webfactor.com\/de\/wp-json\/wp\/v2\/yst_prominent_words?post=122412"}],"curies":[{"name":"wp","href":"https:\/\/api.w.org\/{rel}","templated":true}]}}