{"id":122415,"date":"2023-10-02T14:46:01","date_gmt":"2023-10-02T11:46:01","guid":{"rendered":"https:\/\/zam.webfactor.com\/p\/unkategorisiert\/kunststof-palettenrahmen-1000x1200\/"},"modified":"2026-04-29T02:51:40","modified_gmt":"2026-04-28T23:51:40","slug":"kunststof-palettenrahmen-1000x1200","status":"publish","type":"product","link":"https:\/\/zam.webfactor.com\/de\/p\/kunststoff\/kunststof-palettenrahmen-1000x1200\/","title":{"rendered":"Kunststof Palettenrahmen 1000&#215;1200"},"content":{"rendered":"<p>Dies ist ein einzigartig gestaltetes System, das erhebliche Flexibilit\u00e4t bietet. Sie erhalten einen Palettenboden aus Kunststoff und vier unabh\u00e4ngige W\u00e4nde, die zu einem starken und langlebigen Beh\u00e4lter zusammengef\u00fcgt werden und bei Nichtgebrauch Platz sparen: Vier zerlegte Beh\u00e4lter passen in einen, wobei die Palettenb\u00f6den oben verschachtelt sind. F\u00fcnf zusammengeklappte Container passen daher auf die gleiche Grundfl\u00e4che wie einer. Dies bedeutet eine Einsparung von bis zu 63% Speicherplatz. Der einzigartige Verriegelungsmechanismus ist der Schl\u00fcssel zu seiner Flexibilit\u00e4t. Damit kann jede Seitenwand verriegelt werden in Position um den Palettenboden, was zus\u00e4tzliche Festigkeit verleiht. Dadurch k\u00f6nnen Seitenw\u00e4nde bis zu drei hoch gebaut werden, was einem Beh\u00e4lter einen H\u00f6henbereich von 715 mm bis 1845 mm gibt. Weitere einzigartige Merkmale: -einlaufen: Sie k\u00f6nnen die Vorderw\u00e4nde beim (Ent-) Laden entfernen -faltbar, reduziert den Platz im leeren Zustand. -hygienische Merkmale f\u00fcr Lebensmittelanwendungen Rufen Sie uns bitte f\u00fcr weitere Informationen an oder fordern Sie ein Angebot an.<\/p>\n","protected":false},"excerpt":{"rendered":"<p>Dies ist ein einzigartig gestaltetes System, das erhebliche Flexibilit\u00e4t bietet. Sie erhalten einen Palettenboden aus Kunststoff und vier unabh\u00e4ngige W\u00e4nde, die zu einem starken und langlebigen Beh\u00e4lter zusammengef\u00fcgt werden und bei Nichtgebrauch Platz sparen: Vier zerlegte Beh\u00e4lter passen in einen, wobei die Palettenb\u00f6den oben verschachtelt sind. F\u00fcnf zusammengeklappte Container passen daher auf die gleiche Grundfl\u00e4che [&hellip;]<\/p>\n","protected":false},"featured_media":0,"comment_status":"closed","ping_status":"open","template":"","meta":[],"product_cat":[7776],"product_tag":[],"ground_size":[8082],"external_dimension":[8190],"height_in_filter":[8202],"ground_size_filter":[8208],"rental_option":[],"interior_dimensions":[8332],"interior_volume":[8396],"height_when_folded":[],"wall_thickness":[8440],"load_capacity_static":[8488],"load_capacity_dynamisch":[8498],"stacking":[8527],"condition":[8035],"folding_window":[8042],"mouse_tight":[8036],"lid":[8054],"inside_height":[8581],"weight_in_ex_pallet":[],"wall_type":[8038],"product_consists":[8053],"tag_1":[8040],"un_certified":[8041],"yst_prominent_words":[],"class_list":["post-122415","product","type-product","status-publish","hentry","product_cat-kunststoff","condition-neu"],"_links":{"self":[{"href":"https:\/\/zam.webfactor.com\/de\/wp-json\/wp\/v2\/product\/122415","targetHints":{"allow":["GET"]}}],"collection":[{"href":"https:\/\/zam.webfactor.com\/de\/wp-json\/wp\/v2\/product"}],"about":[{"href":"https:\/\/zam.webfactor.com\/de\/wp-json\/wp\/v2\/types\/product"}],"replies":[{"embeddable":true,"href":"https:\/\/zam.webfactor.com\/de\/wp-json\/wp\/v2\/comments?post=122415"}],"wp:attachment":[{"href":"https:\/\/zam.webfactor.com\/de\/wp-json\/wp\/v2\/media?parent=122415"}],"wp:term":[{"taxonomy":"product_cat","embeddable":true,"href":"https:\/\/zam.webfactor.com\/de\/wp-json\/wp\/v2\/product_cat?post=122415"},{"taxonomy":"product_tag","embeddable":true,"href":"https:\/\/zam.webfactor.com\/de\/wp-json\/wp\/v2\/product_tag?post=122415"},{"taxonomy":"ground_size","embeddable":true,"href":"https:\/\/zam.webfactor.com\/de\/wp-json\/wp\/v2\/ground_size?post=122415"},{"taxonomy":"external_dimension","embeddable":true,"href":"https:\/\/zam.webfactor.com\/de\/wp-json\/wp\/v2\/external_dimension?post=122415"},{"taxonomy":"height_in_filter","embeddable":true,"href":"https:\/\/zam.webfactor.com\/de\/wp-json\/wp\/v2\/height_in_filter?post=122415"},{"taxonomy":"ground_size_filter","embeddable":true,"href":"https:\/\/zam.webfactor.com\/de\/wp-json\/wp\/v2\/ground_size_filter?post=122415"},{"taxonomy":"rental_option","embeddable":true,"href":"https:\/\/zam.webfactor.com\/de\/wp-json\/wp\/v2\/rental_option?post=122415"},{"taxonomy":"interior_dimensions","embeddable":true,"href":"https:\/\/zam.webfactor.com\/de\/wp-json\/wp\/v2\/interior_dimensions?post=122415"},{"taxonomy":"interior_volume","embeddable":true,"href":"https:\/\/zam.webfactor.com\/de\/wp-json\/wp\/v2\/interior_volume?post=122415"},{"taxonomy":"height_when_folded","embeddable":true,"href":"https:\/\/zam.webfactor.com\/de\/wp-json\/wp\/v2\/height_when_folded?post=122415"},{"taxonomy":"wall_thickness","embeddable":true,"href":"https:\/\/zam.webfactor.com\/de\/wp-json\/wp\/v2\/wall_thickness?post=122415"},{"taxonomy":"load_capacity_static","embeddable":true,"href":"https:\/\/zam.webfactor.com\/de\/wp-json\/wp\/v2\/load_capacity_static?post=122415"},{"taxonomy":"load_capacity_dynamisch","embeddable":true,"href":"https:\/\/zam.webfactor.com\/de\/wp-json\/wp\/v2\/load_capacity_dynamisch?post=122415"},{"taxonomy":"stacking","embeddable":true,"href":"https:\/\/zam.webfactor.com\/de\/wp-json\/wp\/v2\/stacking?post=122415"},{"taxonomy":"condition","embeddable":true,"href":"https:\/\/zam.webfactor.com\/de\/wp-json\/wp\/v2\/condition?post=122415"},{"taxonomy":"folding_window","embeddable":true,"href":"https:\/\/zam.webfactor.com\/de\/wp-json\/wp\/v2\/folding_window?post=122415"},{"taxonomy":"mouse_tight","embeddable":true,"href":"https:\/\/zam.webfactor.com\/de\/wp-json\/wp\/v2\/mouse_tight?post=122415"},{"taxonomy":"lid","embeddable":true,"href":"https:\/\/zam.webfactor.com\/de\/wp-json\/wp\/v2\/lid?post=122415"},{"taxonomy":"inside_height","embeddable":true,"href":"https:\/\/zam.webfactor.com\/de\/wp-json\/wp\/v2\/inside_height?post=122415"},{"taxonomy":"weight_in_ex_pallet","embeddable":true,"href":"https:\/\/zam.webfactor.com\/de\/wp-json\/wp\/v2\/weight_in_ex_pallet?post=122415"},{"taxonomy":"wall_type","embeddable":true,"href":"https:\/\/zam.webfactor.com\/de\/wp-json\/wp\/v2\/wall_type?post=122415"},{"taxonomy":"product_consists","embeddable":true,"href":"https:\/\/zam.webfactor.com\/de\/wp-json\/wp\/v2\/product_consists?post=122415"},{"taxonomy":"tag_1","embeddable":true,"href":"https:\/\/zam.webfactor.com\/de\/wp-json\/wp\/v2\/tag_1?post=122415"},{"taxonomy":"un_certified","embeddable":true,"href":"https:\/\/zam.webfactor.com\/de\/wp-json\/wp\/v2\/un_certified?post=122415"},{"taxonomy":"yst_prominent_words","embeddable":true,"href":"https:\/\/zam.webfactor.com\/de\/wp-json\/wp\/v2\/yst_prominent_words?post=122415"}],"curies":[{"name":"wp","href":"https:\/\/api.w.org\/{rel}","templated":true}]}}