{"id":122425,"date":"2023-10-02T14:46:34","date_gmt":"2023-10-02T11:46:34","guid":{"rendered":"https:\/\/zam.webfactor.com\/p\/unkategorisiert\/kunststoff-palettenbox-1000x1200-3\/"},"modified":"2026-04-23T22:47:50","modified_gmt":"2026-04-23T19:47:50","slug":"kunststoff-palettenbox-1000x1200-3","status":"publish","type":"product","link":"https:\/\/zam.webfactor.com\/de\/p\/kunststoff\/kunststoff-palettenbox-1000x1200-3\/","title":{"rendered":"Kunststoff Palettenbox &#8211; 1000&#215;1200"},"content":{"rendered":"<p>Palettenbox mit einer erstaunlichen dynamischen Tragf\u00e4higkeit von 900 kg. Trotz seines geringeren Eigengewichts von weniger als 48 kg. Aufgrund seiner Konstruktion (nur 310 m zusammengeklappt) passt eine gr\u00f6\u00dfere Menge zusammengeklappt in einen LKW. Dar\u00fcber hinaus verf\u00fcgt diese Palettenkiste \u00fcber viele durchdachte Details wie Etikettenhalter an 4 Seiten, \u00d6ffnungen f\u00fcr Finger zum leichteren Falten der W\u00e4nde und doppelseitige Verschl\u00fcsse, sodass Sie beim Bau der Palettenbox nicht herumlaufen m\u00fcssen, was die Aufbau beschleunigt. Eurobin 1210-980 von Macroplastics<\/p>\n","protected":false},"excerpt":{"rendered":"<p>Palettenbox mit einer erstaunlichen dynamischen Tragf\u00e4higkeit von 900 kg. Trotz seines geringeren Eigengewichts von weniger als 48 kg. Aufgrund seiner Konstruktion (nur 310 m zusammengeklappt) passt eine gr\u00f6\u00dfere Menge zusammengeklappt in einen LKW. Dar\u00fcber hinaus verf\u00fcgt diese Palettenkiste \u00fcber viele durchdachte Details wie Etikettenhalter an 4 Seiten, \u00d6ffnungen f\u00fcr Finger zum leichteren Falten der W\u00e4nde [&hellip;]<\/p>\n","protected":false},"featured_media":111595,"comment_status":"closed","ping_status":"open","template":"","meta":[],"product_cat":[7776],"product_tag":[],"ground_size":[8082],"external_dimension":[8200],"height_in_filter":[8202],"ground_size_filter":[8208],"rental_option":[],"interior_dimensions":[],"interior_volume":[],"height_when_folded":[8412],"wall_thickness":[8442],"load_capacity_static":[],"load_capacity_dynamisch":[],"stacking":[8531],"condition":[8035,8061],"folding_window":[8606],"mouse_tight":[8609],"lid":[8610],"inside_height":[8547],"weight_in_ex_pallet":[8037],"wall_type":[8038],"product_consists":[8039],"tag_1":[8040],"un_certified":[8041],"yst_prominent_words":[],"class_list":["post-122425","product","type-product","status-publish","has-post-thumbnail","hentry","product_cat-kunststoff","condition-neu","condition-bestseller"],"_links":{"self":[{"href":"https:\/\/zam.webfactor.com\/de\/wp-json\/wp\/v2\/product\/122425","targetHints":{"allow":["GET"]}}],"collection":[{"href":"https:\/\/zam.webfactor.com\/de\/wp-json\/wp\/v2\/product"}],"about":[{"href":"https:\/\/zam.webfactor.com\/de\/wp-json\/wp\/v2\/types\/product"}],"replies":[{"embeddable":true,"href":"https:\/\/zam.webfactor.com\/de\/wp-json\/wp\/v2\/comments?post=122425"}],"wp:featuredmedia":[{"embeddable":true,"href":"https:\/\/zam.webfactor.com\/de\/wp-json\/wp\/v2\/media\/111595"}],"wp:attachment":[{"href":"https:\/\/zam.webfactor.com\/de\/wp-json\/wp\/v2\/media?parent=122425"}],"wp:term":[{"taxonomy":"product_cat","embeddable":true,"href":"https:\/\/zam.webfactor.com\/de\/wp-json\/wp\/v2\/product_cat?post=122425"},{"taxonomy":"product_tag","embeddable":true,"href":"https:\/\/zam.webfactor.com\/de\/wp-json\/wp\/v2\/product_tag?post=122425"},{"taxonomy":"ground_size","embeddable":true,"href":"https:\/\/zam.webfactor.com\/de\/wp-json\/wp\/v2\/ground_size?post=122425"},{"taxonomy":"external_dimension","embeddable":true,"href":"https:\/\/zam.webfactor.com\/de\/wp-json\/wp\/v2\/external_dimension?post=122425"},{"taxonomy":"height_in_filter","embeddable":true,"href":"https:\/\/zam.webfactor.com\/de\/wp-json\/wp\/v2\/height_in_filter?post=122425"},{"taxonomy":"ground_size_filter","embeddable":true,"href":"https:\/\/zam.webfactor.com\/de\/wp-json\/wp\/v2\/ground_size_filter?post=122425"},{"taxonomy":"rental_option","embeddable":true,"href":"https:\/\/zam.webfactor.com\/de\/wp-json\/wp\/v2\/rental_option?post=122425"},{"taxonomy":"interior_dimensions","embeddable":true,"href":"https:\/\/zam.webfactor.com\/de\/wp-json\/wp\/v2\/interior_dimensions?post=122425"},{"taxonomy":"interior_volume","embeddable":true,"href":"https:\/\/zam.webfactor.com\/de\/wp-json\/wp\/v2\/interior_volume?post=122425"},{"taxonomy":"height_when_folded","embeddable":true,"href":"https:\/\/zam.webfactor.com\/de\/wp-json\/wp\/v2\/height_when_folded?post=122425"},{"taxonomy":"wall_thickness","embeddable":true,"href":"https:\/\/zam.webfactor.com\/de\/wp-json\/wp\/v2\/wall_thickness?post=122425"},{"taxonomy":"load_capacity_static","embeddable":true,"href":"https:\/\/zam.webfactor.com\/de\/wp-json\/wp\/v2\/load_capacity_static?post=122425"},{"taxonomy":"load_capacity_dynamisch","embeddable":true,"href":"https:\/\/zam.webfactor.com\/de\/wp-json\/wp\/v2\/load_capacity_dynamisch?post=122425"},{"taxonomy":"stacking","embeddable":true,"href":"https:\/\/zam.webfactor.com\/de\/wp-json\/wp\/v2\/stacking?post=122425"},{"taxonomy":"condition","embeddable":true,"href":"https:\/\/zam.webfactor.com\/de\/wp-json\/wp\/v2\/condition?post=122425"},{"taxonomy":"folding_window","embeddable":true,"href":"https:\/\/zam.webfactor.com\/de\/wp-json\/wp\/v2\/folding_window?post=122425"},{"taxonomy":"mouse_tight","embeddable":true,"href":"https:\/\/zam.webfactor.com\/de\/wp-json\/wp\/v2\/mouse_tight?post=122425"},{"taxonomy":"lid","embeddable":true,"href":"https:\/\/zam.webfactor.com\/de\/wp-json\/wp\/v2\/lid?post=122425"},{"taxonomy":"inside_height","embeddable":true,"href":"https:\/\/zam.webfactor.com\/de\/wp-json\/wp\/v2\/inside_height?post=122425"},{"taxonomy":"weight_in_ex_pallet","embeddable":true,"href":"https:\/\/zam.webfactor.com\/de\/wp-json\/wp\/v2\/weight_in_ex_pallet?post=122425"},{"taxonomy":"wall_type","embeddable":true,"href":"https:\/\/zam.webfactor.com\/de\/wp-json\/wp\/v2\/wall_type?post=122425"},{"taxonomy":"product_consists","embeddable":true,"href":"https:\/\/zam.webfactor.com\/de\/wp-json\/wp\/v2\/product_consists?post=122425"},{"taxonomy":"tag_1","embeddable":true,"href":"https:\/\/zam.webfactor.com\/de\/wp-json\/wp\/v2\/tag_1?post=122425"},{"taxonomy":"un_certified","embeddable":true,"href":"https:\/\/zam.webfactor.com\/de\/wp-json\/wp\/v2\/un_certified?post=122425"},{"taxonomy":"yst_prominent_words","embeddable":true,"href":"https:\/\/zam.webfactor.com\/de\/wp-json\/wp\/v2\/yst_prominent_words?post=122425"}],"curies":[{"name":"wp","href":"https:\/\/api.w.org\/{rel}","templated":true}]}}