{"id":122426,"date":"2023-10-02T14:46:34","date_gmt":"2023-10-02T11:46:34","guid":{"rendered":"https:\/\/zam.webfactor.com\/p\/unkategorisiert\/uni-pak-van-ducaplast-sleevepack-gebraucht-1000x1200\/"},"modified":"2026-04-30T13:41:45","modified_gmt":"2026-04-30T10:41:45","slug":"uni-pak-van-ducaplast-sleevepack-gebraucht-1000x1200","status":"publish","type":"product","link":"https:\/\/zam.webfactor.com\/de\/p\/kunststoff\/uni-pak-van-ducaplast-sleevepack-gebraucht-1000x1200\/","title":{"rendered":"UNI-PAK van Ducaplast. SleevePack GEBRAUCHT, 1000&#215;1200"},"content":{"rendered":"<p>Sleevebox mit Bodengr\u00f6\u00dfe 1000x1200mm. Enth\u00e4lt ein Faltrahm auf der langen Seite. Zusammenklappbare Palettenbox, Tripbox, Polybox. Hohe Qualit\u00e4t f\u00fcr mehrere Jahre Nutzung. -Palette und Deckel aus leichtem und steifem Twinsheet Hdpe -10mm W\u00e4nde aus doppelseitigen laminierten Strukturkammerplatte f\u00fcr hohen Seitenschutz (Conpearl) -auf Deckel und Palette befindet sich ein Verriegelungssystem (2&#215;4 Schiebe) Es ist die UNIPAK von DUCAPLAST Jetzt sehr sparsam im gebrauchten, aber ausgezeichneten Zustand. Gro\u00dfe Zahlen sind ebenfalls verf\u00fcgbar. Die W\u00e4nde sind auf Palettengr\u00f6\u00dfe zusammenklappbar, so dass sie leicht eingelagert werden k\u00f6nnen und gleichzeitig wenig Platz einnehmen. Das Ventilfenster macht die Zug\u00e4nglichkeit der Boxen beim Be-\/Entladen optimal. Dank einer guten Passform sind die Palettenboxen einfach zu bauen. Trotz seiner hohen Qualit\u00e4t hat diese Box einen sehr niedrigen Preis, auch weil sie aus zweiter Hand sind. Kontaktieren Sie uns f\u00fcr unseren besten Preis und buchen Sie direkt!<\/p>\n","protected":false},"excerpt":{"rendered":"<p>Sleevebox mit Bodengr\u00f6\u00dfe 1000x1200mm. Enth\u00e4lt ein Faltrahm auf der langen Seite. Zusammenklappbare Palettenbox, Tripbox, Polybox. Hohe Qualit\u00e4t f\u00fcr mehrere Jahre Nutzung. -Palette und Deckel aus leichtem und steifem Twinsheet Hdpe -10mm W\u00e4nde aus doppelseitigen laminierten Strukturkammerplatte f\u00fcr hohen Seitenschutz (Conpearl) -auf Deckel und Palette befindet sich ein Verriegelungssystem (2&#215;4 Schiebe) Es ist die UNIPAK von [&hellip;]<\/p>\n","protected":false},"featured_media":118587,"comment_status":"closed","ping_status":"open","template":"","meta":[],"product_cat":[7776],"product_tag":[],"ground_size":[8082],"external_dimension":[8158],"height_in_filter":[8202],"ground_size_filter":[8208],"rental_option":[],"interior_dimensions":[8342],"interior_volume":[8398],"height_when_folded":[8410],"wall_thickness":[8436],"load_capacity_static":[],"load_capacity_dynamisch":[8500],"stacking":[8525],"condition":[8052],"folding_window":[8606],"mouse_tight":[8036],"lid":[8047],"inside_height":[8537],"weight_in_ex_pallet":[],"wall_type":[8038],"product_consists":[8048],"tag_1":[8040],"un_certified":[8041],"yst_prominent_words":[],"class_list":["post-122426","product","type-product","status-publish","has-post-thumbnail","hentry","product_cat-kunststoff","condition-gebraucht"],"_links":{"self":[{"href":"https:\/\/zam.webfactor.com\/de\/wp-json\/wp\/v2\/product\/122426","targetHints":{"allow":["GET"]}}],"collection":[{"href":"https:\/\/zam.webfactor.com\/de\/wp-json\/wp\/v2\/product"}],"about":[{"href":"https:\/\/zam.webfactor.com\/de\/wp-json\/wp\/v2\/types\/product"}],"replies":[{"embeddable":true,"href":"https:\/\/zam.webfactor.com\/de\/wp-json\/wp\/v2\/comments?post=122426"}],"wp:featuredmedia":[{"embeddable":true,"href":"https:\/\/zam.webfactor.com\/de\/wp-json\/wp\/v2\/media\/118587"}],"wp:attachment":[{"href":"https:\/\/zam.webfactor.com\/de\/wp-json\/wp\/v2\/media?parent=122426"}],"wp:term":[{"taxonomy":"product_cat","embeddable":true,"href":"https:\/\/zam.webfactor.com\/de\/wp-json\/wp\/v2\/product_cat?post=122426"},{"taxonomy":"product_tag","embeddable":true,"href":"https:\/\/zam.webfactor.com\/de\/wp-json\/wp\/v2\/product_tag?post=122426"},{"taxonomy":"ground_size","embeddable":true,"href":"https:\/\/zam.webfactor.com\/de\/wp-json\/wp\/v2\/ground_size?post=122426"},{"taxonomy":"external_dimension","embeddable":true,"href":"https:\/\/zam.webfactor.com\/de\/wp-json\/wp\/v2\/external_dimension?post=122426"},{"taxonomy":"height_in_filter","embeddable":true,"href":"https:\/\/zam.webfactor.com\/de\/wp-json\/wp\/v2\/height_in_filter?post=122426"},{"taxonomy":"ground_size_filter","embeddable":true,"href":"https:\/\/zam.webfactor.com\/de\/wp-json\/wp\/v2\/ground_size_filter?post=122426"},{"taxonomy":"rental_option","embeddable":true,"href":"https:\/\/zam.webfactor.com\/de\/wp-json\/wp\/v2\/rental_option?post=122426"},{"taxonomy":"interior_dimensions","embeddable":true,"href":"https:\/\/zam.webfactor.com\/de\/wp-json\/wp\/v2\/interior_dimensions?post=122426"},{"taxonomy":"interior_volume","embeddable":true,"href":"https:\/\/zam.webfactor.com\/de\/wp-json\/wp\/v2\/interior_volume?post=122426"},{"taxonomy":"height_when_folded","embeddable":true,"href":"https:\/\/zam.webfactor.com\/de\/wp-json\/wp\/v2\/height_when_folded?post=122426"},{"taxonomy":"wall_thickness","embeddable":true,"href":"https:\/\/zam.webfactor.com\/de\/wp-json\/wp\/v2\/wall_thickness?post=122426"},{"taxonomy":"load_capacity_static","embeddable":true,"href":"https:\/\/zam.webfactor.com\/de\/wp-json\/wp\/v2\/load_capacity_static?post=122426"},{"taxonomy":"load_capacity_dynamisch","embeddable":true,"href":"https:\/\/zam.webfactor.com\/de\/wp-json\/wp\/v2\/load_capacity_dynamisch?post=122426"},{"taxonomy":"stacking","embeddable":true,"href":"https:\/\/zam.webfactor.com\/de\/wp-json\/wp\/v2\/stacking?post=122426"},{"taxonomy":"condition","embeddable":true,"href":"https:\/\/zam.webfactor.com\/de\/wp-json\/wp\/v2\/condition?post=122426"},{"taxonomy":"folding_window","embeddable":true,"href":"https:\/\/zam.webfactor.com\/de\/wp-json\/wp\/v2\/folding_window?post=122426"},{"taxonomy":"mouse_tight","embeddable":true,"href":"https:\/\/zam.webfactor.com\/de\/wp-json\/wp\/v2\/mouse_tight?post=122426"},{"taxonomy":"lid","embeddable":true,"href":"https:\/\/zam.webfactor.com\/de\/wp-json\/wp\/v2\/lid?post=122426"},{"taxonomy":"inside_height","embeddable":true,"href":"https:\/\/zam.webfactor.com\/de\/wp-json\/wp\/v2\/inside_height?post=122426"},{"taxonomy":"weight_in_ex_pallet","embeddable":true,"href":"https:\/\/zam.webfactor.com\/de\/wp-json\/wp\/v2\/weight_in_ex_pallet?post=122426"},{"taxonomy":"wall_type","embeddable":true,"href":"https:\/\/zam.webfactor.com\/de\/wp-json\/wp\/v2\/wall_type?post=122426"},{"taxonomy":"product_consists","embeddable":true,"href":"https:\/\/zam.webfactor.com\/de\/wp-json\/wp\/v2\/product_consists?post=122426"},{"taxonomy":"tag_1","embeddable":true,"href":"https:\/\/zam.webfactor.com\/de\/wp-json\/wp\/v2\/tag_1?post=122426"},{"taxonomy":"un_certified","embeddable":true,"href":"https:\/\/zam.webfactor.com\/de\/wp-json\/wp\/v2\/un_certified?post=122426"},{"taxonomy":"yst_prominent_words","embeddable":true,"href":"https:\/\/zam.webfactor.com\/de\/wp-json\/wp\/v2\/yst_prominent_words?post=122426"}],"curies":[{"name":"wp","href":"https:\/\/api.w.org\/{rel}","templated":true}]}}