{"id":122427,"date":"2023-10-02T14:46:34","date_gmt":"2023-10-02T11:46:34","guid":{"rendered":"https:\/\/zam.webfactor.com\/p\/unkategorisiert\/poly-hi-pac-gebrauchte-palettenbox-800x1200xh1022mm\/"},"modified":"2026-04-26T04:05:08","modified_gmt":"2026-04-26T01:05:08","slug":"poly-hi-pac-gebrauchte-palettenbox-800x1200xh1022mm","status":"publish","type":"product","link":"https:\/\/zam.webfactor.com\/de\/p\/kunststoff\/poly-hi-pac-gebrauchte-palettenbox-800x1200xh1022mm\/","title":{"rendered":"Poly-Hi-Pac gebrauchte Palettenbox 800x1200xH1022mm"},"content":{"rendered":"<p>Poly-Hi-Pac gebrauchte Palettenbox mit den Abmessungen 800x1200xH1022mm. Einschlie\u00dflich eines Klappfensters an der L\u00e4ngsseite. Vollst\u00e4ndig zusammenklappbar auf nur 33 cm. Inklusive Deckel.<\/p>\n<p><strong>Merkmale und Vorteile<\/strong><br \/>\n&#8211; Tragf\u00e4higkeit von 500kg (stapelbar 1+2)<br \/>\n&#8211; einschlie\u00dflich festem Deckel<br \/>\n&#8211; schnellste Aufbauzeit auf dem Markt (Zeitersparnis)<br \/>\n&#8211; zusammengeklappt nur 33cm hoch<br \/>\n&#8211; jetzt in sehr guten Gebrauchte Zustand, auch in gr\u00f6\u00dferen Mengen von 10.000+ verf\u00fcgbar.<\/p>\n<p>Die W\u00e4nde lassen sich auf Palettengr\u00f6\u00dfe zusammenfalten, so dass sie im zusammengeklappten Zustand leicht gelagert werden k\u00f6nnen und gleichzeitig wenig Platz beanspruchen. Das Klappenfenster gew\u00e4hrleistet eine optimale Zug\u00e4nglichkeit der Palettencontainer beim Be- und Entladen.<\/p>\n<p>Der Poly-Hi-Pac ist ein faltbarer und stapelbarer Beh\u00e4lter. Seine hochwertige Konstruktion bietet die n\u00f6tige Robustheit f\u00fcr den Transport von schweren G\u00fctern (500 kg).<br \/>\nEine breite Auswurfklappe erleichtert das Bef\u00fcllen und Entleeren.<\/p>\n<p>Feste Scharniere und ein fester Schiebedeckel gew\u00e4hrleisten die Produktsicherheit.<br \/>\nGro\u00dfes Nominalvolumen (Innenh\u00f6he)<br \/>\nZusammenklappbar und stapelbar bis zu 9 Lagen f\u00fcr maximale Optimierung der Lagerhaltung<br \/>\nSchnellste Containeraufstellzeit auf dem Markt<br \/>\nDer Schiebedeckel verhindert das Verlustrisiko, wie es bei einem losen Deckel besteht.<\/p>\n<p><strong>Kontaktieren Sie uns f\u00fcr unseren besten Preis und reservieren Sie jetzt!<\/strong><\/p>\n","protected":false},"excerpt":{"rendered":"<p>Poly-Hi-Pac gebrauchte Palettenbox mit den Abmessungen 800x1200xH1022mm. Einschlie\u00dflich eines Klappfensters an der L\u00e4ngsseite. Vollst\u00e4ndig zusammenklappbar auf nur 33 cm. Inklusive Deckel. Merkmale und Vorteile &#8211; Tragf\u00e4higkeit von 500kg (stapelbar 1+2) &#8211; einschlie\u00dflich festem Deckel &#8211; schnellste Aufbauzeit auf dem Markt (Zeitersparnis) &#8211; zusammengeklappt nur 33cm hoch &#8211; jetzt in sehr guten Gebrauchte Zustand, auch in [&hellip;]<\/p>\n","protected":false},"featured_media":111605,"comment_status":"closed","ping_status":"open","template":"","meta":[],"product_cat":[7776],"product_tag":[],"ground_size":[7796],"external_dimension":[8104],"height_in_filter":[8202],"ground_size_filter":[8206],"rental_option":[],"interior_dimensions":[8236],"interior_volume":[8382],"height_when_folded":[8408],"wall_thickness":[8440],"load_capacity_static":[],"load_capacity_dynamisch":[8498],"stacking":[8529],"condition":[8052,8061],"folding_window":[8606],"mouse_tight":[8036],"lid":[8047],"inside_height":[8543],"weight_in_ex_pallet":[],"wall_type":[8038],"product_consists":[8048],"tag_1":[8040],"un_certified":[8041],"yst_prominent_words":[],"class_list":["post-122427","product","type-product","status-publish","has-post-thumbnail","hentry","product_cat-kunststoff","condition-gebraucht","condition-bestseller"],"_links":{"self":[{"href":"https:\/\/zam.webfactor.com\/de\/wp-json\/wp\/v2\/product\/122427","targetHints":{"allow":["GET"]}}],"collection":[{"href":"https:\/\/zam.webfactor.com\/de\/wp-json\/wp\/v2\/product"}],"about":[{"href":"https:\/\/zam.webfactor.com\/de\/wp-json\/wp\/v2\/types\/product"}],"replies":[{"embeddable":true,"href":"https:\/\/zam.webfactor.com\/de\/wp-json\/wp\/v2\/comments?post=122427"}],"wp:featuredmedia":[{"embeddable":true,"href":"https:\/\/zam.webfactor.com\/de\/wp-json\/wp\/v2\/media\/111605"}],"wp:attachment":[{"href":"https:\/\/zam.webfactor.com\/de\/wp-json\/wp\/v2\/media?parent=122427"}],"wp:term":[{"taxonomy":"product_cat","embeddable":true,"href":"https:\/\/zam.webfactor.com\/de\/wp-json\/wp\/v2\/product_cat?post=122427"},{"taxonomy":"product_tag","embeddable":true,"href":"https:\/\/zam.webfactor.com\/de\/wp-json\/wp\/v2\/product_tag?post=122427"},{"taxonomy":"ground_size","embeddable":true,"href":"https:\/\/zam.webfactor.com\/de\/wp-json\/wp\/v2\/ground_size?post=122427"},{"taxonomy":"external_dimension","embeddable":true,"href":"https:\/\/zam.webfactor.com\/de\/wp-json\/wp\/v2\/external_dimension?post=122427"},{"taxonomy":"height_in_filter","embeddable":true,"href":"https:\/\/zam.webfactor.com\/de\/wp-json\/wp\/v2\/height_in_filter?post=122427"},{"taxonomy":"ground_size_filter","embeddable":true,"href":"https:\/\/zam.webfactor.com\/de\/wp-json\/wp\/v2\/ground_size_filter?post=122427"},{"taxonomy":"rental_option","embeddable":true,"href":"https:\/\/zam.webfactor.com\/de\/wp-json\/wp\/v2\/rental_option?post=122427"},{"taxonomy":"interior_dimensions","embeddable":true,"href":"https:\/\/zam.webfactor.com\/de\/wp-json\/wp\/v2\/interior_dimensions?post=122427"},{"taxonomy":"interior_volume","embeddable":true,"href":"https:\/\/zam.webfactor.com\/de\/wp-json\/wp\/v2\/interior_volume?post=122427"},{"taxonomy":"height_when_folded","embeddable":true,"href":"https:\/\/zam.webfactor.com\/de\/wp-json\/wp\/v2\/height_when_folded?post=122427"},{"taxonomy":"wall_thickness","embeddable":true,"href":"https:\/\/zam.webfactor.com\/de\/wp-json\/wp\/v2\/wall_thickness?post=122427"},{"taxonomy":"load_capacity_static","embeddable":true,"href":"https:\/\/zam.webfactor.com\/de\/wp-json\/wp\/v2\/load_capacity_static?post=122427"},{"taxonomy":"load_capacity_dynamisch","embeddable":true,"href":"https:\/\/zam.webfactor.com\/de\/wp-json\/wp\/v2\/load_capacity_dynamisch?post=122427"},{"taxonomy":"stacking","embeddable":true,"href":"https:\/\/zam.webfactor.com\/de\/wp-json\/wp\/v2\/stacking?post=122427"},{"taxonomy":"condition","embeddable":true,"href":"https:\/\/zam.webfactor.com\/de\/wp-json\/wp\/v2\/condition?post=122427"},{"taxonomy":"folding_window","embeddable":true,"href":"https:\/\/zam.webfactor.com\/de\/wp-json\/wp\/v2\/folding_window?post=122427"},{"taxonomy":"mouse_tight","embeddable":true,"href":"https:\/\/zam.webfactor.com\/de\/wp-json\/wp\/v2\/mouse_tight?post=122427"},{"taxonomy":"lid","embeddable":true,"href":"https:\/\/zam.webfactor.com\/de\/wp-json\/wp\/v2\/lid?post=122427"},{"taxonomy":"inside_height","embeddable":true,"href":"https:\/\/zam.webfactor.com\/de\/wp-json\/wp\/v2\/inside_height?post=122427"},{"taxonomy":"weight_in_ex_pallet","embeddable":true,"href":"https:\/\/zam.webfactor.com\/de\/wp-json\/wp\/v2\/weight_in_ex_pallet?post=122427"},{"taxonomy":"wall_type","embeddable":true,"href":"https:\/\/zam.webfactor.com\/de\/wp-json\/wp\/v2\/wall_type?post=122427"},{"taxonomy":"product_consists","embeddable":true,"href":"https:\/\/zam.webfactor.com\/de\/wp-json\/wp\/v2\/product_consists?post=122427"},{"taxonomy":"tag_1","embeddable":true,"href":"https:\/\/zam.webfactor.com\/de\/wp-json\/wp\/v2\/tag_1?post=122427"},{"taxonomy":"un_certified","embeddable":true,"href":"https:\/\/zam.webfactor.com\/de\/wp-json\/wp\/v2\/un_certified?post=122427"},{"taxonomy":"yst_prominent_words","embeddable":true,"href":"https:\/\/zam.webfactor.com\/de\/wp-json\/wp\/v2\/yst_prominent_words?post=122427"}],"curies":[{"name":"wp","href":"https:\/\/api.w.org\/{rel}","templated":true}]}}