{"id":122428,"date":"2023-10-02T14:46:34","date_gmt":"2023-10-02T11:46:34","guid":{"rendered":"https:\/\/zam.webfactor.com\/p\/unkategorisiert\/utz-uebergrosse-palettenbox-1412-950\/"},"modified":"2026-04-24T16:31:49","modified_gmt":"2026-04-24T13:31:49","slug":"utz-uebergrosse-palettenbox-1412-950","status":"publish","type":"product","link":"https:\/\/zam.webfactor.com\/de\/p\/kunststoff\/utz-uebergrosse-palettenbox-1412-950\/","title":{"rendered":"UTZ \u00fcbergro\u00dfe Palettenbox 1412-950"},"content":{"rendered":"<p><strong>Leicht gebrauchte, verst\u00e4rkte Palettenboxen <\/strong><br \/>\n&#8211; \u00fcberdimensioniert f\u00fcr gr\u00f6\u00dfere Produkte<br \/>\n&#8211; ein Klappfenster auf allen vier Seiten<br \/>\n&#8211; einschlie\u00dflich eines stabilen, passenden Deckels<br \/>\n&#8211; W\u00e4nde und Boden aus Stahlrohr verst\u00e4rkt.<\/p>\n<p>Diese Boxen sind ab Lager zu einem Bruchteil des Neupreises erh\u00e4ltlich (70% Rabatt). Die Versionen 1312 und 1412 sind kaum benutzt worden. Die 1712 Versionen wurden \u00fcberpr\u00fcft und sind alle in gutem Zustand.<\/p>\n<p><strong>Verf\u00fcgbare Gr\u00f6\u00dfen<\/strong><br \/>\n-1300x1200xH950<br \/>\n-1400x1200xH950<br \/>\n-1700x1200xH950<\/p>\n<p><strong>Stahlverst\u00e4rkte Konstruktion<\/strong><br \/>\nAlle Gr\u00f6\u00dfen haben Stahlrohre in den W\u00e4nden (an zwei Stellen). Die Palette ist au\u00dferdem stahlverst\u00e4rkt.<br \/>\nSie eignen sich daher hervorragend f\u00fcr zerbrechliche, wertvolle Produkte, die besonders gesch\u00fctzt werden m\u00fcssen.<\/p>\n","protected":false},"excerpt":{"rendered":"<p>Leicht gebrauchte, verst\u00e4rkte Palettenboxen &#8211; \u00fcberdimensioniert f\u00fcr gr\u00f6\u00dfere Produkte &#8211; ein Klappfenster auf allen vier Seiten &#8211; einschlie\u00dflich eines stabilen, passenden Deckels &#8211; W\u00e4nde und Boden aus Stahlrohr verst\u00e4rkt. Diese Boxen sind ab Lager zu einem Bruchteil des Neupreises erh\u00e4ltlich (70% Rabatt). Die Versionen 1312 und 1412 sind kaum benutzt worden. Die 1712 Versionen wurden [&hellip;]<\/p>\n","protected":false},"featured_media":111707,"comment_status":"closed","ping_status":"open","template":"","meta":[],"product_cat":[7776],"product_tag":[],"ground_size":[8098],"external_dimension":[],"height_in_filter":[8202],"ground_size_filter":[],"rental_option":[],"interior_dimensions":[],"interior_volume":[],"height_when_folded":[],"wall_thickness":[8442],"load_capacity_static":[],"load_capacity_dynamisch":[],"stacking":[],"condition":[8052],"folding_window":[8606],"mouse_tight":[8036],"lid":[8047],"inside_height":[],"weight_in_ex_pallet":[8037],"wall_type":[8038],"product_consists":[8039],"tag_1":[8040],"un_certified":[8041],"yst_prominent_words":[],"class_list":["post-122428","product","type-product","status-publish","has-post-thumbnail","hentry","product_cat-kunststoff","condition-gebraucht"],"_links":{"self":[{"href":"https:\/\/zam.webfactor.com\/de\/wp-json\/wp\/v2\/product\/122428","targetHints":{"allow":["GET"]}}],"collection":[{"href":"https:\/\/zam.webfactor.com\/de\/wp-json\/wp\/v2\/product"}],"about":[{"href":"https:\/\/zam.webfactor.com\/de\/wp-json\/wp\/v2\/types\/product"}],"replies":[{"embeddable":true,"href":"https:\/\/zam.webfactor.com\/de\/wp-json\/wp\/v2\/comments?post=122428"}],"wp:featuredmedia":[{"embeddable":true,"href":"https:\/\/zam.webfactor.com\/de\/wp-json\/wp\/v2\/media\/111707"}],"wp:attachment":[{"href":"https:\/\/zam.webfactor.com\/de\/wp-json\/wp\/v2\/media?parent=122428"}],"wp:term":[{"taxonomy":"product_cat","embeddable":true,"href":"https:\/\/zam.webfactor.com\/de\/wp-json\/wp\/v2\/product_cat?post=122428"},{"taxonomy":"product_tag","embeddable":true,"href":"https:\/\/zam.webfactor.com\/de\/wp-json\/wp\/v2\/product_tag?post=122428"},{"taxonomy":"ground_size","embeddable":true,"href":"https:\/\/zam.webfactor.com\/de\/wp-json\/wp\/v2\/ground_size?post=122428"},{"taxonomy":"external_dimension","embeddable":true,"href":"https:\/\/zam.webfactor.com\/de\/wp-json\/wp\/v2\/external_dimension?post=122428"},{"taxonomy":"height_in_filter","embeddable":true,"href":"https:\/\/zam.webfactor.com\/de\/wp-json\/wp\/v2\/height_in_filter?post=122428"},{"taxonomy":"ground_size_filter","embeddable":true,"href":"https:\/\/zam.webfactor.com\/de\/wp-json\/wp\/v2\/ground_size_filter?post=122428"},{"taxonomy":"rental_option","embeddable":true,"href":"https:\/\/zam.webfactor.com\/de\/wp-json\/wp\/v2\/rental_option?post=122428"},{"taxonomy":"interior_dimensions","embeddable":true,"href":"https:\/\/zam.webfactor.com\/de\/wp-json\/wp\/v2\/interior_dimensions?post=122428"},{"taxonomy":"interior_volume","embeddable":true,"href":"https:\/\/zam.webfactor.com\/de\/wp-json\/wp\/v2\/interior_volume?post=122428"},{"taxonomy":"height_when_folded","embeddable":true,"href":"https:\/\/zam.webfactor.com\/de\/wp-json\/wp\/v2\/height_when_folded?post=122428"},{"taxonomy":"wall_thickness","embeddable":true,"href":"https:\/\/zam.webfactor.com\/de\/wp-json\/wp\/v2\/wall_thickness?post=122428"},{"taxonomy":"load_capacity_static","embeddable":true,"href":"https:\/\/zam.webfactor.com\/de\/wp-json\/wp\/v2\/load_capacity_static?post=122428"},{"taxonomy":"load_capacity_dynamisch","embeddable":true,"href":"https:\/\/zam.webfactor.com\/de\/wp-json\/wp\/v2\/load_capacity_dynamisch?post=122428"},{"taxonomy":"stacking","embeddable":true,"href":"https:\/\/zam.webfactor.com\/de\/wp-json\/wp\/v2\/stacking?post=122428"},{"taxonomy":"condition","embeddable":true,"href":"https:\/\/zam.webfactor.com\/de\/wp-json\/wp\/v2\/condition?post=122428"},{"taxonomy":"folding_window","embeddable":true,"href":"https:\/\/zam.webfactor.com\/de\/wp-json\/wp\/v2\/folding_window?post=122428"},{"taxonomy":"mouse_tight","embeddable":true,"href":"https:\/\/zam.webfactor.com\/de\/wp-json\/wp\/v2\/mouse_tight?post=122428"},{"taxonomy":"lid","embeddable":true,"href":"https:\/\/zam.webfactor.com\/de\/wp-json\/wp\/v2\/lid?post=122428"},{"taxonomy":"inside_height","embeddable":true,"href":"https:\/\/zam.webfactor.com\/de\/wp-json\/wp\/v2\/inside_height?post=122428"},{"taxonomy":"weight_in_ex_pallet","embeddable":true,"href":"https:\/\/zam.webfactor.com\/de\/wp-json\/wp\/v2\/weight_in_ex_pallet?post=122428"},{"taxonomy":"wall_type","embeddable":true,"href":"https:\/\/zam.webfactor.com\/de\/wp-json\/wp\/v2\/wall_type?post=122428"},{"taxonomy":"product_consists","embeddable":true,"href":"https:\/\/zam.webfactor.com\/de\/wp-json\/wp\/v2\/product_consists?post=122428"},{"taxonomy":"tag_1","embeddable":true,"href":"https:\/\/zam.webfactor.com\/de\/wp-json\/wp\/v2\/tag_1?post=122428"},{"taxonomy":"un_certified","embeddable":true,"href":"https:\/\/zam.webfactor.com\/de\/wp-json\/wp\/v2\/un_certified?post=122428"},{"taxonomy":"yst_prominent_words","embeddable":true,"href":"https:\/\/zam.webfactor.com\/de\/wp-json\/wp\/v2\/yst_prominent_words?post=122428"}],"curies":[{"name":"wp","href":"https:\/\/api.w.org\/{rel}","templated":true}]}}