{"id":122193,"date":"2023-10-02T14:44:59","date_gmt":"2023-10-02T11:44:59","guid":{"rendered":"https:\/\/zam.webfactor.com\/p\/niet-gecategoriseerd\/kunststof-palletbox-sleeve-met-klepraam-1000x1200-2\/"},"modified":"2026-05-02T13:10:56","modified_gmt":"2026-05-02T10:10:56","slug":"kunststof-palletbox-sleeve-met-klepraam-1000x1200-2","status":"publish","type":"product","link":"https:\/\/zam.webfactor.com\/nl\/p\/kunststof\/kunststof-palletbox-sleeve-met-klepraam-1000x1200-2\/","title":{"rendered":"Kunststof Palletbox Sleeve met klepraam &#8211; 1000&#215;1200"},"content":{"rendered":"<p>Herbruikbare palletbox van hoge kwaliteit. Deze sleeve pack heeft een palletafmeting van 1000x1200mm maar kan standaard geleverd worden in de volgende palletafmetingen en een hoogte naar keuze:<\/p>\n<p><strong>AFMETINGEN<\/strong><br \/>\nBuiten (mm)        Binnnen (mm)<\/p>\n<p>1200 \u00d7 800          1090 x 690<br \/>\n1200 \u00d7 1000       1085 x 885<br \/>\n1140 \u00d7 790          1025 x 675<br \/>\n1140 \u00d7 980          1025 x 865<br \/>\n1220 \u00d7 1140       1110 x 1030<br \/>\n1300 \u00d7 1140       1185 x 1025<br \/>\n1470 \u00d7 1140       1355 x 1025<br \/>\n1600 \u00d7 1140       1495 x 1015<\/p>\n<p><strong>CONSTRUCTIE<\/strong><\/p>\n<ul>\n<li>Wanden :                   10 mm dik, 3.000gr \/ m2 dichtheid van slagvast polypropyleen (PP) gelamineerd plaatmateriaal met celstructuur<\/li>\n<li>RANDEN :                 alle velgen zijn gesloten voor hygi\u00ebne en eenvoudige reiniging<\/li>\n<li>PALLET &amp; DEKSEL : Hdpe Spuitgieten met dubbele plaat<\/li>\n<li>OPBOUW :                De sleeve wanden worden diep in de palletranden gestoken, waarna de producten kunnen worden geladen. De deksel wordt bovenop de wanden  geplaatst, om de pallet container te sluiten en stapelbaarte maken. Optioneel kunnen de wanden met een sluitsysteem worden uitgerust.<\/li>\n<\/ul>\n<p>&nbsp;<\/p>\n<p><strong>BESCHIKBARE OPTIES<\/strong><br \/>\n&#8211; vergrendelingssysteem op deksel en pallet<br \/>\n&#8211; zwaardere wanden<br \/>\n&#8211; bedrukking van de wanden in 1 of 2 kleuren<br \/>\n&#8211; printen van streepjescodes<br \/>\n&#8211; Etikethouder<br \/>\n&#8211; aangepaste kleur<br \/>\n&#8211; aangepaste afmetingen<\/p>\n<p><strong>KWALITEIT<\/strong><br \/>\nBij het ontwerp van de ZAMKO-palletcontainers is zorgvuldig nagedacht, met aandacht voor de behoeften van de klanten. Er worden alleen hoogwaardige materialen gebruikt. Meer dan 500.000 van deze palletcontainers zijn de afgelopen jaren al gebruikt en getest.<br \/>\nDoor de sterke 10 mm gelamineerde celwanden krijgen uw goederen een optimale bescherming bij aanrijdingen van opzij. De kwaliteit van uw product bij aankomst op zijn bestemming, is hierdoor verzekerd.<\/p>\n","protected":false},"excerpt":{"rendered":"<p>Herbruikbare palletbox van hoge kwaliteit. Deze sleeve pack heeft een palletafmeting van 1000x1200mm maar kan standaard geleverd worden in de volgende palletafmetingen en een hoogte naar keuze: AFMETINGEN Buiten (mm) Binnnen (mm) 1200 \u00d7 800 1090 x 690 1200 \u00d7 1000 1085 x 885 1140 \u00d7 790 1025 x 675 1140 \u00d7 980 1025 x [&hellip;]<\/p>\n","protected":false},"featured_media":112227,"comment_status":"closed","ping_status":"closed","template":"","meta":[],"product_cat":[7777],"product_tag":[],"ground_size":[8081],"external_dimension":[8151],"height_in_filter":[8201],"ground_size_filter":[8207],"rental_option":[],"interior_dimensions":[],"interior_volume":[],"height_when_folded":[8409],"wall_thickness":[8435],"load_capacity_static":[8481],"load_capacity_dynamisch":[8499],"stacking":[8524],"condition":[8005,8009],"folding_window":[8011],"mouse_tight":[8029],"lid":[8023],"inside_height":[8544],"weight_in_ex_pallet":[],"wall_type":[8014],"product_consists":[8024],"tag_1":[8016],"un_certified":[8017],"yst_prominent_words":[],"class_list":["post-122193","product","type-product","status-publish","has-post-thumbnail","hentry","product_cat-kunststof","condition-nieuw","condition-bestsellers"],"_links":{"self":[{"href":"https:\/\/zam.webfactor.com\/nl\/wp-json\/wp\/v2\/product\/122193","targetHints":{"allow":["GET"]}}],"collection":[{"href":"https:\/\/zam.webfactor.com\/nl\/wp-json\/wp\/v2\/product"}],"about":[{"href":"https:\/\/zam.webfactor.com\/nl\/wp-json\/wp\/v2\/types\/product"}],"replies":[{"embeddable":true,"href":"https:\/\/zam.webfactor.com\/nl\/wp-json\/wp\/v2\/comments?post=122193"}],"wp:featuredmedia":[{"embeddable":true,"href":"https:\/\/zam.webfactor.com\/nl\/wp-json\/wp\/v2\/media\/112227"}],"wp:attachment":[{"href":"https:\/\/zam.webfactor.com\/nl\/wp-json\/wp\/v2\/media?parent=122193"}],"wp:term":[{"taxonomy":"product_cat","embeddable":true,"href":"https:\/\/zam.webfactor.com\/nl\/wp-json\/wp\/v2\/product_cat?post=122193"},{"taxonomy":"product_tag","embeddable":true,"href":"https:\/\/zam.webfactor.com\/nl\/wp-json\/wp\/v2\/product_tag?post=122193"},{"taxonomy":"ground_size","embeddable":true,"href":"https:\/\/zam.webfactor.com\/nl\/wp-json\/wp\/v2\/ground_size?post=122193"},{"taxonomy":"external_dimension","embeddable":true,"href":"https:\/\/zam.webfactor.com\/nl\/wp-json\/wp\/v2\/external_dimension?post=122193"},{"taxonomy":"height_in_filter","embeddable":true,"href":"https:\/\/zam.webfactor.com\/nl\/wp-json\/wp\/v2\/height_in_filter?post=122193"},{"taxonomy":"ground_size_filter","embeddable":true,"href":"https:\/\/zam.webfactor.com\/nl\/wp-json\/wp\/v2\/ground_size_filter?post=122193"},{"taxonomy":"rental_option","embeddable":true,"href":"https:\/\/zam.webfactor.com\/nl\/wp-json\/wp\/v2\/rental_option?post=122193"},{"taxonomy":"interior_dimensions","embeddable":true,"href":"https:\/\/zam.webfactor.com\/nl\/wp-json\/wp\/v2\/interior_dimensions?post=122193"},{"taxonomy":"interior_volume","embeddable":true,"href":"https:\/\/zam.webfactor.com\/nl\/wp-json\/wp\/v2\/interior_volume?post=122193"},{"taxonomy":"height_when_folded","embeddable":true,"href":"https:\/\/zam.webfactor.com\/nl\/wp-json\/wp\/v2\/height_when_folded?post=122193"},{"taxonomy":"wall_thickness","embeddable":true,"href":"https:\/\/zam.webfactor.com\/nl\/wp-json\/wp\/v2\/wall_thickness?post=122193"},{"taxonomy":"load_capacity_static","embeddable":true,"href":"https:\/\/zam.webfactor.com\/nl\/wp-json\/wp\/v2\/load_capacity_static?post=122193"},{"taxonomy":"load_capacity_dynamisch","embeddable":true,"href":"https:\/\/zam.webfactor.com\/nl\/wp-json\/wp\/v2\/load_capacity_dynamisch?post=122193"},{"taxonomy":"stacking","embeddable":true,"href":"https:\/\/zam.webfactor.com\/nl\/wp-json\/wp\/v2\/stacking?post=122193"},{"taxonomy":"condition","embeddable":true,"href":"https:\/\/zam.webfactor.com\/nl\/wp-json\/wp\/v2\/condition?post=122193"},{"taxonomy":"folding_window","embeddable":true,"href":"https:\/\/zam.webfactor.com\/nl\/wp-json\/wp\/v2\/folding_window?post=122193"},{"taxonomy":"mouse_tight","embeddable":true,"href":"https:\/\/zam.webfactor.com\/nl\/wp-json\/wp\/v2\/mouse_tight?post=122193"},{"taxonomy":"lid","embeddable":true,"href":"https:\/\/zam.webfactor.com\/nl\/wp-json\/wp\/v2\/lid?post=122193"},{"taxonomy":"inside_height","embeddable":true,"href":"https:\/\/zam.webfactor.com\/nl\/wp-json\/wp\/v2\/inside_height?post=122193"},{"taxonomy":"weight_in_ex_pallet","embeddable":true,"href":"https:\/\/zam.webfactor.com\/nl\/wp-json\/wp\/v2\/weight_in_ex_pallet?post=122193"},{"taxonomy":"wall_type","embeddable":true,"href":"https:\/\/zam.webfactor.com\/nl\/wp-json\/wp\/v2\/wall_type?post=122193"},{"taxonomy":"product_consists","embeddable":true,"href":"https:\/\/zam.webfactor.com\/nl\/wp-json\/wp\/v2\/product_consists?post=122193"},{"taxonomy":"tag_1","embeddable":true,"href":"https:\/\/zam.webfactor.com\/nl\/wp-json\/wp\/v2\/tag_1?post=122193"},{"taxonomy":"un_certified","embeddable":true,"href":"https:\/\/zam.webfactor.com\/nl\/wp-json\/wp\/v2\/un_certified?post=122193"},{"taxonomy":"yst_prominent_words","embeddable":true,"href":"https:\/\/zam.webfactor.com\/nl\/wp-json\/wp\/v2\/yst_prominent_words?post=122193"}],"curies":[{"name":"wp","href":"https:\/\/api.w.org\/{rel}","templated":true}]}}