{"id":122237,"date":"2023-10-02T14:46:01","date_gmt":"2023-10-02T11:46:01","guid":{"rendered":"https:\/\/zam.webfactor.com\/p\/niet-gecategoriseerd\/kunststof-geisoleerde-palletbox-1000x1200\/"},"modified":"2026-04-26T11:06:45","modified_gmt":"2026-04-26T08:06:45","slug":"kunststof-geisoleerde-palletbox-1000x1200","status":"publish","type":"product","link":"https:\/\/zam.webfactor.com\/nl\/p\/kunststoff\/kunststof-geisoleerde-palletbox-1000x1200\/","title":{"rendered":"Kunststof geisoleerde Palletbox &#8211; 1000&#215;1200"},"content":{"rendered":"<p>Herbruikbare ge\u00efsoleerde palletbox voor de koelketen, met passieve koeling.<br \/>\nDeze sleeve box heeft een grondmaat van 1000x1200mm maar kan standaard geleverd worden in de volgende palletafmetingen (met hoogte naar keuze):<\/p>\n<p><strong>BUITEN<\/strong>\u00a0(mm)\u00a0 \u00a0\u00a0<strong>BINNEN\u00a0<\/strong>(mm)<br \/>\n1200 \u00d7 800\u00a0 \u00a0 \u00a0 \u00a0 1090 x 690<br \/>\n1200 \u00d7 1000\u00a0 \u00a0 \u00a0 1085 x 885<br \/>\n1140 \u00d7 790\u00a0 \u00a0 \u00a0 \u00a0 1025 x 675<br \/>\n1140 \u00d7 980\u00a0 \u00a0 \u00a0 \u00a0 1025 x 865<br \/>\n1220 \u00d7 1140\u00a0 \u00a0 \u00a0 1110 x 1030<br \/>\n1300 \u00d7 1140\u00a0 \u00a0 \u00a0 1185 x 1025<br \/>\n1470 \u00d7 1140\u00a0 \u00a0 \u00a0 1355 x 1025<br \/>\n1550 x 1140 *\u00a0 \u00a0 1445 x 1115<br \/>\n1600 \u00d7 1140\u00a0 \u00a0 \u00a0 1495 x 1015<br \/>\n<em>* past op een kwart van een PMC-plaat (voor luchtvracht).<\/p>\n<p><\/em><strong>CONSTRUCTIE<br \/>\n<\/strong>WANDEN:\u00a0\u00a0\u00a0\u00a0\u00a0\u00a0\u00a0\u00a0\u00a0\u00a0\u00a0\u00a0\u00a0\u00a0\u00a0\u00a0\u00a0\u00a0\u00a0\u00a0\u00a0\u00a0\u00a0\u00a0\u00a0\u00a0 10 mm dikke, slagvaste polypropyleen celplaat met een dichtheid van 3.000gr\/m2 gestructureerd gelamineerd plaatmateriaal<br \/>\nMUURISOLATIE:\u00a0 \u00a0 \u00a0 \u00a0 \u00a0 \u00a0 \u00a0 \u00a0 VIP-panelen (vacu\u00fcm ge\u00efsoleerde panelen) met fused silica<br \/>\nRANDEN:\u00a0 \u00a0 \u00a0 \u00a0 \u00a0 \u00a0 \u00a0 \u00a0 \u00a0 \u00a0 \u00a0 \u00a0 \u00a0 \u00a0 Alle randen zijn gesealed voor hygi\u00ebne en eenvoudige HACCP reiniging<br \/>\nPALLET &amp; DEKSEL:\u00a0 \u00a0 \u00a0 \u00a0 \u00a0 \u00a0Twinsheet Hdpe voor hoge torsie-stijfheid<br \/>\nOPBOUW:\u00a0 \u00a0 \u00a0 \u00a0 \u00a0 \u00a0 \u00a0 \u00a0 \u00a0 \u00a0 \u00a0 \u00a0 \u00a0 \u00a0De wanden worden diep in de palletranden gestoken, waarna producten kunnen worden geladen. Het deksel wordt bovenop de wanden geplaatst om de container af te sluiten en stapelbaar te maken. Optioneel kunnen de wanden met een sluitsysteem aan de pallet &amp; deksel worden bevestigd.<\/p>\n<p><strong>BESCHIKBARE OPTIES<br \/>\n<\/strong>\u2013 vergrendelingssysteem op deksel en pallet<br \/>\n\u2013 zwaardere wanden<br \/>\n\u2013 zeefdruk bedrukking van de wanden in 1 of 2 kleuren<br \/>\n\u2013 printen van streepjescodes<br \/>\n\u2013 label houder<br \/>\n\u2013 aangepaste kleur<br \/>\n\u2013 aangepaste afmetingen<\/p>\n<p><strong>PASSIEVE TEMPERATUURREGELING<br \/>\n<\/strong>Om meer dan 72 uur koel te houden tot zelfs -20 graden (Celcius) is geen droogijs nodig.<br \/>\nDit bespaart ruimte, gewicht en laadvermogen. En daarmee geld. Het vermijdt ook de luchtvrachttoeslag voor het vervoer van gevaarlijke stoffen<\/p>\n<p><strong>ISOLATIE<br \/>\n<\/strong>De wanden van de palletcontainer zijn ge\u00efsoleerd met 25 mm Fused silica VIP-panelen (vacu\u00fcm ge\u00efsoleerde panelen). Daarnaast worden herbruikbare PCM-platen (phase-changing materiaal) gebruikt om de gewenste koel- \/ vriestemperatuur te krijgen, afhankelijk van uw product.<\/p>\n<p>Dit resulteert in hoge isolatiewaarden, waardoor de producten tot 72 uur koud of bevroren blijven.<\/p>\n<p><strong>ELEKTRONISCHE MONITORING<br \/>\n<\/strong>Met een elektronisch apparaat in elke container wordt de temperatuur tijdens het transport bewaakt om uw klant zekerheid te geven over de juiste temperatuur tijdens het transport.<\/p>\n<p><strong>KWALITEIT<br \/>\n<\/strong>Bij het ontwerp van ZAMKO\u2019s palletcontainers voor de koelketen is zorgvuldig nagedacht, met aandacht voor de behoeften van de klanten. Er worden alleen hoogwaardige materialen gebruikt. Meer dan 500.000 van deze kunststof palletcontainers zijn de afgelopen jaren al gebruikt en getest.<\/p>\n<p>Door de sterke 10 mm gelamineerde celwanden krijgen uw goederen een optimale bescherming bij aanrijdingen van opzij. De kwaliteit van uw product dat op de plaats van bestemming aankomt, is verzekerd.<\/p>\n<p><strong>POOLING<br \/>\n<\/strong>Door de pooling-oplossing van ZAMKO te gebruiken, kunnen onze klanten hoogwaardige herbruikbare koelcontainers gebruiken met hoge isolatiewaarde. En toch minder geld betalen dan voor eenmalige verpakkingen.<\/p>\n<p>Het proces van terugname, HACCP-reiniging en reparatie van de containers nemen wij u volledig uit handen. De benodigde containers worden steeds tijdig bij onze klant afgeleverd om de producten te verpakken en te verzenden.<\/p>\n","protected":false},"excerpt":{"rendered":"<p>Herbruikbare ge\u00efsoleerde palletbox voor de koelketen, met passieve koeling. Deze sleeve box heeft een grondmaat van 1000x1200mm maar kan standaard geleverd worden in de volgende palletafmetingen (met hoogte naar keuze): BUITEN\u00a0(mm)\u00a0 \u00a0\u00a0BINNEN\u00a0(mm) 1200 \u00d7 800\u00a0 \u00a0 \u00a0 \u00a0 1090 x 690 1200 \u00d7 1000\u00a0 \u00a0 \u00a0 1085 x 885 1140 \u00d7 790\u00a0 \u00a0 \u00a0 \u00a0 [&hellip;]<\/p>\n","protected":false},"featured_media":119420,"comment_status":"closed","ping_status":"open","template":"","meta":[],"product_cat":[7776],"product_tag":[],"ground_size":[8081],"external_dimension":[8107],"height_in_filter":[8201],"ground_size_filter":[8207],"rental_option":[],"interior_dimensions":[8325],"interior_volume":[8369],"height_when_folded":[8409],"wall_thickness":[8435],"load_capacity_static":[],"load_capacity_dynamisch":[8499],"stacking":[8524],"condition":[8005],"folding_window":[8011],"mouse_tight":[8029],"lid":[8023],"inside_height":[8548],"weight_in_ex_pallet":[],"wall_type":[8014],"product_consists":[8024],"tag_1":[8016],"un_certified":[8017],"yst_prominent_words":[],"class_list":["post-122237","product","type-product","status-publish","has-post-thumbnail","hentry","product_cat-kunststoff","condition-nieuw"],"_links":{"self":[{"href":"https:\/\/zam.webfactor.com\/nl\/wp-json\/wp\/v2\/product\/122237","targetHints":{"allow":["GET"]}}],"collection":[{"href":"https:\/\/zam.webfactor.com\/nl\/wp-json\/wp\/v2\/product"}],"about":[{"href":"https:\/\/zam.webfactor.com\/nl\/wp-json\/wp\/v2\/types\/product"}],"replies":[{"embeddable":true,"href":"https:\/\/zam.webfactor.com\/nl\/wp-json\/wp\/v2\/comments?post=122237"}],"wp:featuredmedia":[{"embeddable":true,"href":"https:\/\/zam.webfactor.com\/nl\/wp-json\/wp\/v2\/media\/119420"}],"wp:attachment":[{"href":"https:\/\/zam.webfactor.com\/nl\/wp-json\/wp\/v2\/media?parent=122237"}],"wp:term":[{"taxonomy":"product_cat","embeddable":true,"href":"https:\/\/zam.webfactor.com\/nl\/wp-json\/wp\/v2\/product_cat?post=122237"},{"taxonomy":"product_tag","embeddable":true,"href":"https:\/\/zam.webfactor.com\/nl\/wp-json\/wp\/v2\/product_tag?post=122237"},{"taxonomy":"ground_size","embeddable":true,"href":"https:\/\/zam.webfactor.com\/nl\/wp-json\/wp\/v2\/ground_size?post=122237"},{"taxonomy":"external_dimension","embeddable":true,"href":"https:\/\/zam.webfactor.com\/nl\/wp-json\/wp\/v2\/external_dimension?post=122237"},{"taxonomy":"height_in_filter","embeddable":true,"href":"https:\/\/zam.webfactor.com\/nl\/wp-json\/wp\/v2\/height_in_filter?post=122237"},{"taxonomy":"ground_size_filter","embeddable":true,"href":"https:\/\/zam.webfactor.com\/nl\/wp-json\/wp\/v2\/ground_size_filter?post=122237"},{"taxonomy":"rental_option","embeddable":true,"href":"https:\/\/zam.webfactor.com\/nl\/wp-json\/wp\/v2\/rental_option?post=122237"},{"taxonomy":"interior_dimensions","embeddable":true,"href":"https:\/\/zam.webfactor.com\/nl\/wp-json\/wp\/v2\/interior_dimensions?post=122237"},{"taxonomy":"interior_volume","embeddable":true,"href":"https:\/\/zam.webfactor.com\/nl\/wp-json\/wp\/v2\/interior_volume?post=122237"},{"taxonomy":"height_when_folded","embeddable":true,"href":"https:\/\/zam.webfactor.com\/nl\/wp-json\/wp\/v2\/height_when_folded?post=122237"},{"taxonomy":"wall_thickness","embeddable":true,"href":"https:\/\/zam.webfactor.com\/nl\/wp-json\/wp\/v2\/wall_thickness?post=122237"},{"taxonomy":"load_capacity_static","embeddable":true,"href":"https:\/\/zam.webfactor.com\/nl\/wp-json\/wp\/v2\/load_capacity_static?post=122237"},{"taxonomy":"load_capacity_dynamisch","embeddable":true,"href":"https:\/\/zam.webfactor.com\/nl\/wp-json\/wp\/v2\/load_capacity_dynamisch?post=122237"},{"taxonomy":"stacking","embeddable":true,"href":"https:\/\/zam.webfactor.com\/nl\/wp-json\/wp\/v2\/stacking?post=122237"},{"taxonomy":"condition","embeddable":true,"href":"https:\/\/zam.webfactor.com\/nl\/wp-json\/wp\/v2\/condition?post=122237"},{"taxonomy":"folding_window","embeddable":true,"href":"https:\/\/zam.webfactor.com\/nl\/wp-json\/wp\/v2\/folding_window?post=122237"},{"taxonomy":"mouse_tight","embeddable":true,"href":"https:\/\/zam.webfactor.com\/nl\/wp-json\/wp\/v2\/mouse_tight?post=122237"},{"taxonomy":"lid","embeddable":true,"href":"https:\/\/zam.webfactor.com\/nl\/wp-json\/wp\/v2\/lid?post=122237"},{"taxonomy":"inside_height","embeddable":true,"href":"https:\/\/zam.webfactor.com\/nl\/wp-json\/wp\/v2\/inside_height?post=122237"},{"taxonomy":"weight_in_ex_pallet","embeddable":true,"href":"https:\/\/zam.webfactor.com\/nl\/wp-json\/wp\/v2\/weight_in_ex_pallet?post=122237"},{"taxonomy":"wall_type","embeddable":true,"href":"https:\/\/zam.webfactor.com\/nl\/wp-json\/wp\/v2\/wall_type?post=122237"},{"taxonomy":"product_consists","embeddable":true,"href":"https:\/\/zam.webfactor.com\/nl\/wp-json\/wp\/v2\/product_consists?post=122237"},{"taxonomy":"tag_1","embeddable":true,"href":"https:\/\/zam.webfactor.com\/nl\/wp-json\/wp\/v2\/tag_1?post=122237"},{"taxonomy":"un_certified","embeddable":true,"href":"https:\/\/zam.webfactor.com\/nl\/wp-json\/wp\/v2\/un_certified?post=122237"},{"taxonomy":"yst_prominent_words","embeddable":true,"href":"https:\/\/zam.webfactor.com\/nl\/wp-json\/wp\/v2\/yst_prominent_words?post=122237"}],"curies":[{"name":"wp","href":"https:\/\/api.w.org\/{rel}","templated":true}]}}