{"id":122242,"date":"2023-10-02T14:46:01","date_gmt":"2023-10-02T11:46:01","guid":{"rendered":"https:\/\/zam.webfactor.com\/p\/niet-gecategoriseerd\/kunststof-palletbox-1000x1200-4\/"},"modified":"2026-04-26T08:34:03","modified_gmt":"2026-04-26T05:34:03","slug":"kunststof-palletbox-1000x1200-4","status":"publish","type":"product","link":"https:\/\/zam.webfactor.com\/nl\/p\/kunststof\/kunststof-palletbox-1000x1200-4\/","title":{"rendered":"Kunststof palletbox 1000&#215;1200"},"content":{"rendered":"<p>Dit is een uniek ontworpen systeem dat een aanzienlijke flexibiliteit biedt.<\/p>\n<p>U krijgt een kunststof palletbasis en vier onafhankelijke zijkanten, die aan elkaar zijn gemonteerd om een ??sterke en duurzame palletcontainer te cre\u00ebren. Deze levert aanzienlijke ruimtebesparing op wanneer ze niet in gebruik is: vier gedemonteerde palletcontainers passen in \u00e9\u00e9n, met de palletbodems erop genest. Vijf samengevouwen palletcontainers passen dus in dezelfde footprint als \u00e9\u00e9n. Het betekent een besparing tot 63% opslagruimte.<\/p>\n<p>Het unieke vergrendelingsmechanisme is de sleutel tot zijn flexibiliteit. Hiermee kan elk zijpaneel worden vergrendeld op zijn plaats rond de palletbasis voor extra stevigheid. Hierdoor kunnen zijwanden tot zelfs drie hoog worden opgebouwd, waardoor dit systeem hoogtebereik heeft van 715 mm tot 1845 mm.<\/p>\n<p>Andere unieke kenmerken:<br \/>\n-inloop: u kunt de voorwanden verwijderen tijdens het (uit-)laden<br \/>\n-opvouwbaar, waardoor plaatsbesparend.<br \/>\n-hygi\u00ebnische kenmerken voor voedselapplicaties<br \/>\nBel ons gerust voor meer info of vraag een offerte aan.<\/p>\n","protected":false},"excerpt":{"rendered":"<p>Dit is een uniek ontworpen systeem dat een aanzienlijke flexibiliteit biedt. U krijgt een kunststof palletbasis en vier onafhankelijke zijkanten, die aan elkaar zijn gemonteerd om een ??sterke en duurzame palletcontainer te cre\u00ebren. Deze levert aanzienlijke ruimtebesparing op wanneer ze niet in gebruik is: vier gedemonteerde palletcontainers passen in \u00e9\u00e9n, met de palletbodems erop genest. [&hellip;]<\/p>\n","protected":false},"featured_media":0,"comment_status":"closed","ping_status":"open","template":"","meta":[],"product_cat":[7777],"product_tag":[],"ground_size":[8081],"external_dimension":[8189],"height_in_filter":[8201],"ground_size_filter":[8207],"rental_option":[],"interior_dimensions":[8331],"interior_volume":[8395],"height_when_folded":[],"wall_thickness":[8439],"load_capacity_static":[8487],"load_capacity_dynamisch":[8497],"stacking":[8526],"condition":[8005],"folding_window":[8018],"mouse_tight":[8012],"lid":[8031],"inside_height":[8580],"weight_in_ex_pallet":[],"wall_type":[8014],"product_consists":[8030],"tag_1":[8016],"un_certified":[8017],"yst_prominent_words":[],"class_list":["post-122242","product","type-product","status-publish","hentry","product_cat-kunststof","condition-nieuw"],"_links":{"self":[{"href":"https:\/\/zam.webfactor.com\/nl\/wp-json\/wp\/v2\/product\/122242","targetHints":{"allow":["GET"]}}],"collection":[{"href":"https:\/\/zam.webfactor.com\/nl\/wp-json\/wp\/v2\/product"}],"about":[{"href":"https:\/\/zam.webfactor.com\/nl\/wp-json\/wp\/v2\/types\/product"}],"replies":[{"embeddable":true,"href":"https:\/\/zam.webfactor.com\/nl\/wp-json\/wp\/v2\/comments?post=122242"}],"wp:attachment":[{"href":"https:\/\/zam.webfactor.com\/nl\/wp-json\/wp\/v2\/media?parent=122242"}],"wp:term":[{"taxonomy":"product_cat","embeddable":true,"href":"https:\/\/zam.webfactor.com\/nl\/wp-json\/wp\/v2\/product_cat?post=122242"},{"taxonomy":"product_tag","embeddable":true,"href":"https:\/\/zam.webfactor.com\/nl\/wp-json\/wp\/v2\/product_tag?post=122242"},{"taxonomy":"ground_size","embeddable":true,"href":"https:\/\/zam.webfactor.com\/nl\/wp-json\/wp\/v2\/ground_size?post=122242"},{"taxonomy":"external_dimension","embeddable":true,"href":"https:\/\/zam.webfactor.com\/nl\/wp-json\/wp\/v2\/external_dimension?post=122242"},{"taxonomy":"height_in_filter","embeddable":true,"href":"https:\/\/zam.webfactor.com\/nl\/wp-json\/wp\/v2\/height_in_filter?post=122242"},{"taxonomy":"ground_size_filter","embeddable":true,"href":"https:\/\/zam.webfactor.com\/nl\/wp-json\/wp\/v2\/ground_size_filter?post=122242"},{"taxonomy":"rental_option","embeddable":true,"href":"https:\/\/zam.webfactor.com\/nl\/wp-json\/wp\/v2\/rental_option?post=122242"},{"taxonomy":"interior_dimensions","embeddable":true,"href":"https:\/\/zam.webfactor.com\/nl\/wp-json\/wp\/v2\/interior_dimensions?post=122242"},{"taxonomy":"interior_volume","embeddable":true,"href":"https:\/\/zam.webfactor.com\/nl\/wp-json\/wp\/v2\/interior_volume?post=122242"},{"taxonomy":"height_when_folded","embeddable":true,"href":"https:\/\/zam.webfactor.com\/nl\/wp-json\/wp\/v2\/height_when_folded?post=122242"},{"taxonomy":"wall_thickness","embeddable":true,"href":"https:\/\/zam.webfactor.com\/nl\/wp-json\/wp\/v2\/wall_thickness?post=122242"},{"taxonomy":"load_capacity_static","embeddable":true,"href":"https:\/\/zam.webfactor.com\/nl\/wp-json\/wp\/v2\/load_capacity_static?post=122242"},{"taxonomy":"load_capacity_dynamisch","embeddable":true,"href":"https:\/\/zam.webfactor.com\/nl\/wp-json\/wp\/v2\/load_capacity_dynamisch?post=122242"},{"taxonomy":"stacking","embeddable":true,"href":"https:\/\/zam.webfactor.com\/nl\/wp-json\/wp\/v2\/stacking?post=122242"},{"taxonomy":"condition","embeddable":true,"href":"https:\/\/zam.webfactor.com\/nl\/wp-json\/wp\/v2\/condition?post=122242"},{"taxonomy":"folding_window","embeddable":true,"href":"https:\/\/zam.webfactor.com\/nl\/wp-json\/wp\/v2\/folding_window?post=122242"},{"taxonomy":"mouse_tight","embeddable":true,"href":"https:\/\/zam.webfactor.com\/nl\/wp-json\/wp\/v2\/mouse_tight?post=122242"},{"taxonomy":"lid","embeddable":true,"href":"https:\/\/zam.webfactor.com\/nl\/wp-json\/wp\/v2\/lid?post=122242"},{"taxonomy":"inside_height","embeddable":true,"href":"https:\/\/zam.webfactor.com\/nl\/wp-json\/wp\/v2\/inside_height?post=122242"},{"taxonomy":"weight_in_ex_pallet","embeddable":true,"href":"https:\/\/zam.webfactor.com\/nl\/wp-json\/wp\/v2\/weight_in_ex_pallet?post=122242"},{"taxonomy":"wall_type","embeddable":true,"href":"https:\/\/zam.webfactor.com\/nl\/wp-json\/wp\/v2\/wall_type?post=122242"},{"taxonomy":"product_consists","embeddable":true,"href":"https:\/\/zam.webfactor.com\/nl\/wp-json\/wp\/v2\/product_consists?post=122242"},{"taxonomy":"tag_1","embeddable":true,"href":"https:\/\/zam.webfactor.com\/nl\/wp-json\/wp\/v2\/tag_1?post=122242"},{"taxonomy":"un_certified","embeddable":true,"href":"https:\/\/zam.webfactor.com\/nl\/wp-json\/wp\/v2\/un_certified?post=122242"},{"taxonomy":"yst_prominent_words","embeddable":true,"href":"https:\/\/zam.webfactor.com\/nl\/wp-json\/wp\/v2\/yst_prominent_words?post=122242"}],"curies":[{"name":"wp","href":"https:\/\/api.w.org\/{rel}","templated":true}]}}